{"id":113,"date":"2015-10-29T14:37:42","date_gmt":"2015-10-29T13:37:42","guid":{"rendered":"http:\/\/mbtax.co.uk\/?page_id=113"},"modified":"2015-11-09T15:17:09","modified_gmt":"2015-11-09T14:17:09","slug":"z-tytulu-stosunku-pracy-jako-pracownik-w-firmie","status":"publish","type":"page","link":"https:\/\/mbtax.co.uk\/en\/uslugi-2\/zwrot-podatku\/z-tytulu-stosunku-pracy-jako-pracownik-w-firmie\/","title":{"rendered":"From employment as a company employee."},"content":{"rendered":"<p><strong>Employees working full-time for a company are not required to file a tax return.<\/strong> If you work for the same company throughout the entire tax year, your tax should be calculated correctly, as shown by the UK tax calculator, and only an accounting error could result in a refund or additional payment. However, many people frequently change jobs without informing their new employer about previous earnings or start working for the first time during the tax year. Most of these individuals are entitled to a UK tax refund.<\/p>\n<p>&nbsp;<\/p>\n<p><strong>The common Polish practice of company accountants handling employee tax returns is not used in the UK, and it\u2019s precisely for these individuals that MB TAX ADVICE offers its tax return services.<\/strong><\/p>\n<p>&nbsp;<\/p>\n<p><strong>The annual tax return is completed based on the P60 form,<\/strong>which we receive from our employer at the end of each tax year (5 April), along with the P45. If you leave your job during the tax year and don\u2019t receive a P45, you can complete your tax return using your last payslip. If you haven\u2019t received or have lost your payslips and your employer refuses to issue duplicates, you can always request a summary of your earnings and tax paid, known as a statement of income.<\/p>\n<p>&nbsp;<\/p>\n<p><strong>If you believe you\u2019ve overpaid and would like to receive a UK tax refund,  by bank transfer or cheque, contact MB TAX ADVICE.<\/strong> Experienced accountants are waiting for your call and documents.<\/p>\n<p>&nbsp;<\/p>\n<p><strong>Have you worked as self-employed?<\/strong><\/p>\n<ul>\n<li>As a subcontractor.<\/li>\n<li>Privately<\/li>\n<li>Do you have doubts?<\/li>\n<\/ul>\n<p>&nbsp;<\/p>\n<p><strong>Contact us<br \/>\n<\/strong>biuro@mbtax.co.uk<\/p>","protected":false},"excerpt":{"rendered":"<p>Osoby zatrudnione na etat w firmie nie s\u0105 obj\u0119te obowi\u0105zkiem dokonania rozliczenia podatkowego. Pracuj\u0105c ca\u0142y rok podatkowy w tej samej firmie Tw\u00f3j podatek powinien by\u0107 naliczony prawid\u0142owo jak podaje kalkulator podatkowy UK i tylko b\u0142\u0105d ksi\u0119gowej m\u00f3g\u0142by spowodowa\u0107 zwrot podatku lub konieczno\u015b\u0107 jego dop\u0142aty. Wielu z nas jednak cz\u0119sto zmienia prac\u0119, nie zawsze informuj\u0105c p\u00f3\u017aniejszego [&hellip;]<\/p>","protected":false},"author":2,"featured_media":0,"parent":11,"menu_order":0,"comment_status":"closed","ping_status":"closed","template":"page-submenu.php","meta":{"footnotes":""},"class_list":["post-113","page","type-page","status-publish","hentry"],"yoast_head":"<!-- This site is optimized with the Yoast SEO plugin v26.1.1 - https:\/\/yoast.com\/wordpress\/plugins\/seo\/ -->\n<title>Z tytu\u0142u stosunku pracy jako pracownik w firmie - MB TAX ADVICE LTD<\/title>\n<meta name=\"robots\" content=\"index, follow, max-snippet:-1, max-image-preview:large, max-video-preview:-1\" \/>\n<link rel=\"canonical\" href=\"https:\/\/mbtax.co.uk\/en\/uslugi-2\/zwrot-podatku\/z-tytulu-stosunku-pracy-jako-pracownik-w-firmie\/\" \/>\n<meta property=\"og:locale\" content=\"en_US\" \/>\n<meta property=\"og:type\" content=\"article\" \/>\n<meta property=\"og:title\" content=\"Z tytu\u0142u stosunku pracy jako pracownik w firmie - MB TAX ADVICE LTD\" \/>\n<meta property=\"og:description\" content=\"Osoby zatrudnione na etat w firmie nie s\u0105 obj\u0119te obowi\u0105zkiem dokonania rozliczenia podatkowego. Pracuj\u0105c ca\u0142y rok podatkowy w tej samej firmie Tw\u00f3j podatek powinien by\u0107 naliczony prawid\u0142owo jak podaje kalkulator podatkowy UK i tylko b\u0142\u0105d ksi\u0119gowej m\u00f3g\u0142by spowodowa\u0107 zwrot podatku lub konieczno\u015b\u0107 jego dop\u0142aty. Wielu z nas jednak cz\u0119sto zmienia prac\u0119, nie zawsze informuj\u0105c p\u00f3\u017aniejszego [&hellip;]\" \/>\n<meta property=\"og:url\" content=\"https:\/\/mbtax.co.uk\/en\/uslugi-2\/zwrot-podatku\/z-tytulu-stosunku-pracy-jako-pracownik-w-firmie\/\" \/>\n<meta property=\"og:site_name\" content=\"MB TAX ADVICE LTD\" \/>\n<meta property=\"article:modified_time\" content=\"2015-11-09T14:17:09+00:00\" \/>\n<meta name=\"twitter:card\" content=\"summary_large_image\" \/>\n<meta name=\"twitter:label1\" content=\"Est. reading time\" \/>\n\t<meta name=\"twitter:data1\" content=\"1 minute\" \/>\n<script type=\"application\/ld+json\" class=\"yoast-schema-graph\">{\"@context\":\"https:\/\/schema.org\",\"@graph\":[{\"@type\":\"WebPage\",\"@id\":\"https:\/\/mbtax.co.uk\/en\/uslugi-2\/zwrot-podatku\/z-tytulu-stosunku-pracy-jako-pracownik-w-firmie\/\",\"url\":\"https:\/\/mbtax.co.uk\/en\/uslugi-2\/zwrot-podatku\/z-tytulu-stosunku-pracy-jako-pracownik-w-firmie\/\",\"name\":\"Z tytu\u0142u stosunku pracy jako pracownik w firmie - MB TAX ADVICE LTD\",\"isPartOf\":{\"@id\":\"https:\/\/mbtax.co.uk\/#website\"},\"datePublished\":\"2015-10-29T13:37:42+00:00\",\"dateModified\":\"2015-11-09T14:17:09+00:00\",\"breadcrumb\":{\"@id\":\"https:\/\/mbtax.co.uk\/en\/uslugi-2\/zwrot-podatku\/z-tytulu-stosunku-pracy-jako-pracownik-w-firmie\/#breadcrumb\"},\"inLanguage\":\"en-US\",\"potentialAction\":[{\"@type\":\"ReadAction\",\"target\":[\"https:\/\/mbtax.co.uk\/en\/uslugi-2\/zwrot-podatku\/z-tytulu-stosunku-pracy-jako-pracownik-w-firmie\/\"]}]},{\"@type\":\"BreadcrumbList\",\"@id\":\"https:\/\/mbtax.co.uk\/en\/uslugi-2\/zwrot-podatku\/z-tytulu-stosunku-pracy-jako-pracownik-w-firmie\/#breadcrumb\",\"itemListElement\":[{\"@type\":\"ListItem\",\"position\":1,\"name\":\"Strona g\u0142\u00f3wna\",\"item\":\"https:\/\/mbtax.co.uk\/\"},{\"@type\":\"ListItem\",\"position\":2,\"name\":\"Us\u0142ugi\",\"item\":\"https:\/\/mbtax.co.uk\/uslugi-2\/\"},{\"@type\":\"ListItem\",\"position\":3,\"name\":\"Zwrot podatku\",\"item\":\"https:\/\/mbtax.co.uk\/uslugi-2\/zwrot-podatku\/\"},{\"@type\":\"ListItem\",\"position\":4,\"name\":\"Z tytu\u0142u stosunku pracy jako pracownik w firmie\"}]},{\"@type\":\"WebSite\",\"@id\":\"https:\/\/mbtax.co.uk\/#website\",\"url\":\"https:\/\/mbtax.co.uk\/\",\"name\":\"MB TAX ADVICE LTD\",\"description\":\"Biuro ksi\u0119gowo\u015bci w Londynie\",\"potentialAction\":[{\"@type\":\"SearchAction\",\"target\":{\"@type\":\"EntryPoint\",\"urlTemplate\":\"https:\/\/mbtax.co.uk\/?s={search_term_string}\"},\"query-input\":{\"@type\":\"PropertyValueSpecification\",\"valueRequired\":true,\"valueName\":\"search_term_string\"}}],\"inLanguage\":\"en-US\"}]}<\/script>\n<!-- \/ Yoast SEO plugin. -->","yoast_head_json":{"title":"Z tytu\u0142u stosunku pracy jako pracownik w firmie - MB TAX ADVICE LTD","robots":{"index":"index","follow":"follow","max-snippet":"max-snippet:-1","max-image-preview":"max-image-preview:large","max-video-preview":"max-video-preview:-1"},"canonical":"https:\/\/mbtax.co.uk\/en\/uslugi-2\/zwrot-podatku\/z-tytulu-stosunku-pracy-jako-pracownik-w-firmie\/","og_locale":"en_US","og_type":"article","og_title":"Z tytu\u0142u stosunku pracy jako pracownik w firmie - MB TAX ADVICE LTD","og_description":"Osoby zatrudnione na etat w firmie nie s\u0105 obj\u0119te obowi\u0105zkiem dokonania rozliczenia podatkowego. Pracuj\u0105c ca\u0142y rok podatkowy w tej samej firmie Tw\u00f3j podatek powinien by\u0107 naliczony prawid\u0142owo jak podaje kalkulator podatkowy UK i tylko b\u0142\u0105d ksi\u0119gowej m\u00f3g\u0142by spowodowa\u0107 zwrot podatku lub konieczno\u015b\u0107 jego dop\u0142aty. Wielu z nas jednak cz\u0119sto zmienia prac\u0119, nie zawsze informuj\u0105c p\u00f3\u017aniejszego [&hellip;]","og_url":"https:\/\/mbtax.co.uk\/en\/uslugi-2\/zwrot-podatku\/z-tytulu-stosunku-pracy-jako-pracownik-w-firmie\/","og_site_name":"MB TAX ADVICE LTD","article_modified_time":"2015-11-09T14:17:09+00:00","twitter_card":"summary_large_image","twitter_misc":{"Est. reading time":"1 minute"},"schema":{"@context":"https:\/\/schema.org","@graph":[{"@type":"WebPage","@id":"https:\/\/mbtax.co.uk\/en\/uslugi-2\/zwrot-podatku\/z-tytulu-stosunku-pracy-jako-pracownik-w-firmie\/","url":"https:\/\/mbtax.co.uk\/en\/uslugi-2\/zwrot-podatku\/z-tytulu-stosunku-pracy-jako-pracownik-w-firmie\/","name":"Z tytu\u0142u stosunku pracy jako pracownik w firmie - MB TAX ADVICE LTD","isPartOf":{"@id":"https:\/\/mbtax.co.uk\/#website"},"datePublished":"2015-10-29T13:37:42+00:00","dateModified":"2015-11-09T14:17:09+00:00","breadcrumb":{"@id":"https:\/\/mbtax.co.uk\/en\/uslugi-2\/zwrot-podatku\/z-tytulu-stosunku-pracy-jako-pracownik-w-firmie\/#breadcrumb"},"inLanguage":"en-US","potentialAction":[{"@type":"ReadAction","target":["https:\/\/mbtax.co.uk\/en\/uslugi-2\/zwrot-podatku\/z-tytulu-stosunku-pracy-jako-pracownik-w-firmie\/"]}]},{"@type":"BreadcrumbList","@id":"https:\/\/mbtax.co.uk\/en\/uslugi-2\/zwrot-podatku\/z-tytulu-stosunku-pracy-jako-pracownik-w-firmie\/#breadcrumb","itemListElement":[{"@type":"ListItem","position":1,"name":"Strona g\u0142\u00f3wna","item":"https:\/\/mbtax.co.uk\/"},{"@type":"ListItem","position":2,"name":"Us\u0142ugi","item":"https:\/\/mbtax.co.uk\/uslugi-2\/"},{"@type":"ListItem","position":3,"name":"Zwrot podatku","item":"https:\/\/mbtax.co.uk\/uslugi-2\/zwrot-podatku\/"},{"@type":"ListItem","position":4,"name":"Z tytu\u0142u stosunku pracy jako pracownik w firmie"}]},{"@type":"WebSite","@id":"https:\/\/mbtax.co.uk\/#website","url":"https:\/\/mbtax.co.uk\/","name":"MB TAX ADVICE LTD","description":"Biuro ksi\u0119gowo\u015bci w Londynie","potentialAction":[{"@type":"SearchAction","target":{"@type":"EntryPoint","urlTemplate":"https:\/\/mbtax.co.uk\/?s={search_term_string}"},"query-input":{"@type":"PropertyValueSpecification","valueRequired":true,"valueName":"search_term_string"}}],"inLanguage":"en-US"}]}},"_links":{"self":[{"href":"https:\/\/mbtax.co.uk\/en\/wp-json\/wp\/v2\/pages\/113","targetHints":{"allow":["GET"]}}],"collection":[{"href":"https:\/\/mbtax.co.uk\/en\/wp-json\/wp\/v2\/pages"}],"about":[{"href":"https:\/\/mbtax.co.uk\/en\/wp-json\/wp\/v2\/types\/page"}],"author":[{"embeddable":true,"href":"https:\/\/mbtax.co.uk\/en\/wp-json\/wp\/v2\/users\/2"}],"replies":[{"embeddable":true,"href":"https:\/\/mbtax.co.uk\/en\/wp-json\/wp\/v2\/comments?post=113"}],"version-history":[{"count":9,"href":"https:\/\/mbtax.co.uk\/en\/wp-json\/wp\/v2\/pages\/113\/revisions"}],"predecessor-version":[{"id":419,"href":"https:\/\/mbtax.co.uk\/en\/wp-json\/wp\/v2\/pages\/113\/revisions\/419"}],"up":[{"embeddable":true,"href":"https:\/\/mbtax.co.uk\/en\/wp-json\/wp\/v2\/pages\/11"}],"wp:attachment":[{"href":"https:\/\/mbtax.co.uk\/en\/wp-json\/wp\/v2\/media?parent=113"}],"curies":[{"name":"wp","href":"https:\/\/api.w.org\/{rel}","templated":true}]}}