{"id":115,"date":"2015-10-29T14:39:36","date_gmt":"2015-10-29T13:39:36","guid":{"rendered":"http:\/\/mbtax.co.uk\/?page_id=115"},"modified":"2015-10-29T15:11:10","modified_gmt":"2015-10-29T14:11:10","slug":"z-tytulu-stosunku-pracy-jako-podwykonawca","status":"publish","type":"page","link":"https:\/\/mbtax.co.uk\/en\/uslugi-2\/zwrot-podatku\/z-tytulu-stosunku-pracy-jako-podwykonawca\/","title":{"rendered":"From employment as a subcontractor"},"content":{"rendered":"<p><strong>Self-employed individuals are required to file a tax return \u2014 the UK tax refund process.<\/strong>Many Poles working mainly in the broader construction sector operate as subcontractors performing work for a main contractor.<br \/>\nA subcontractor paid by a contractor should receive monthly subcontractor statements. These are summaries of payments and income tax deductions, as regulated by the UK tax calculator.<\/p>\n<p>&nbsp;<\/p>\n<p><strong>What does a subcontractor statement look like?<\/strong><br \/>\nThere is no single standard format. The monthly statement for a subcontractor may be issued in either paper or electronic form. Both are valid and can be used to claim a UK tax refund.<\/p>\n<p>&nbsp;<\/p>\n<p><strong>What information does it contain?<\/strong><br \/>\nThe contractor is required to provide predetermined information that allows for the tax identification of both themselves and the subcontractor.<\/p>\n<p>&nbsp;<\/p>\n<p><strong>They include:<\/strong><\/p>\n<ul>\n<li>the contractor\u2019s name and their tax reference number (Contractor\u2019s name and Employer Tax Reference)<\/li>\n<li>the period to which the subcontractor statement refers<\/li>\n<li>the subcontractor\u2019s name and UTR (Unique Taxpayer Reference number)<\/li>\n<li>the gross amount paid to the subcontractor and the deductions for Income Tax, as well as any reimbursement for materials if the subcontractor purchased them out of their own pocket.<\/li>\n<\/ul>\n<p>&nbsp;<\/p>\n<p>Here\u2019s a quick summary regarding subcontractors. For further questions or to complete your tax return, please visit our office. <strong>MB TAX ADVICE<\/strong>.<\/p>","protected":false},"excerpt":{"rendered":"<p>Osoby samozatrudnione (self-employed) s\u0105 obj\u0119te obowi\u0105zkiem rozliczenia podatkowego tax return \u2013 zwrot podatku w UK. Bardzo wielu Polak\u00f3w, pracuj\u0105cych g\u0142\u00f3wnie w szeroko rozumianym sektorze budowlanym dzia\u0142a, jako podwykonawcy (subcontractor) prac dla g\u0142\u00f3wnego wykonawcy rob\u00f3t (contractor). Podwykonawca op\u0142acany przez kontraktora powinien co miesi\u0105c otrzymywa\u0107 od niego tzw. subcontractor statements. Jest to miesi\u0119czne zestawienie p\u0142atno\u015bci i sk\u0142adek [&hellip;]<\/p>","protected":false},"author":2,"featured_media":0,"parent":11,"menu_order":2,"comment_status":"closed","ping_status":"closed","template":"page-submenu.php","meta":{"footnotes":""},"class_list":["post-115","page","type-page","status-publish","hentry"],"yoast_head":"<!-- This site is optimized with the Yoast SEO plugin v26.1.1 - https:\/\/yoast.com\/wordpress\/plugins\/seo\/ -->\n<title>Z tytu\u0142u stosunku pracy jako podwykonawca - MB TAX ADVICE LTD<\/title>\n<meta name=\"robots\" content=\"index, follow, max-snippet:-1, max-image-preview:large, max-video-preview:-1\" \/>\n<link rel=\"canonical\" href=\"https:\/\/mbtax.co.uk\/en\/uslugi-2\/zwrot-podatku\/z-tytulu-stosunku-pracy-jako-podwykonawca\/\" \/>\n<meta property=\"og:locale\" content=\"en_US\" \/>\n<meta property=\"og:type\" content=\"article\" \/>\n<meta property=\"og:title\" content=\"Z tytu\u0142u stosunku pracy jako podwykonawca - MB TAX ADVICE LTD\" \/>\n<meta property=\"og:description\" content=\"Osoby samozatrudnione (self-employed) s\u0105 obj\u0119te obowi\u0105zkiem rozliczenia podatkowego tax return \u2013 zwrot podatku w UK. Bardzo wielu Polak\u00f3w, pracuj\u0105cych g\u0142\u00f3wnie w szeroko rozumianym sektorze budowlanym dzia\u0142a, jako podwykonawcy (subcontractor) prac dla g\u0142\u00f3wnego wykonawcy rob\u00f3t (contractor). Podwykonawca op\u0142acany przez kontraktora powinien co miesi\u0105c otrzymywa\u0107 od niego tzw. subcontractor statements. Jest to miesi\u0119czne zestawienie p\u0142atno\u015bci i sk\u0142adek [&hellip;]\" \/>\n<meta property=\"og:url\" content=\"https:\/\/mbtax.co.uk\/en\/uslugi-2\/zwrot-podatku\/z-tytulu-stosunku-pracy-jako-podwykonawca\/\" \/>\n<meta property=\"og:site_name\" content=\"MB TAX ADVICE LTD\" \/>\n<meta property=\"article:modified_time\" content=\"2015-10-29T14:11:10+00:00\" \/>\n<meta name=\"twitter:card\" content=\"summary_large_image\" \/>\n<meta name=\"twitter:label1\" content=\"Est. reading time\" \/>\n\t<meta name=\"twitter:data1\" content=\"1 minute\" \/>\n<script type=\"application\/ld+json\" class=\"yoast-schema-graph\">{\"@context\":\"https:\/\/schema.org\",\"@graph\":[{\"@type\":\"WebPage\",\"@id\":\"https:\/\/mbtax.co.uk\/uslugi-2\/zwrot-podatku\/z-tytulu-stosunku-pracy-jako-podwykonawca\/\",\"url\":\"https:\/\/mbtax.co.uk\/uslugi-2\/zwrot-podatku\/z-tytulu-stosunku-pracy-jako-podwykonawca\/\",\"name\":\"Z tytu\u0142u stosunku pracy jako podwykonawca - MB TAX ADVICE LTD\",\"isPartOf\":{\"@id\":\"https:\/\/mbtax.co.uk\/#website\"},\"datePublished\":\"2015-10-29T13:39:36+00:00\",\"dateModified\":\"2015-10-29T14:11:10+00:00\",\"breadcrumb\":{\"@id\":\"https:\/\/mbtax.co.uk\/uslugi-2\/zwrot-podatku\/z-tytulu-stosunku-pracy-jako-podwykonawca\/#breadcrumb\"},\"inLanguage\":\"en-US\",\"potentialAction\":[{\"@type\":\"ReadAction\",\"target\":[\"https:\/\/mbtax.co.uk\/uslugi-2\/zwrot-podatku\/z-tytulu-stosunku-pracy-jako-podwykonawca\/\"]}]},{\"@type\":\"BreadcrumbList\",\"@id\":\"https:\/\/mbtax.co.uk\/uslugi-2\/zwrot-podatku\/z-tytulu-stosunku-pracy-jako-podwykonawca\/#breadcrumb\",\"itemListElement\":[{\"@type\":\"ListItem\",\"position\":1,\"name\":\"Strona g\u0142\u00f3wna\",\"item\":\"https:\/\/mbtax.co.uk\/\"},{\"@type\":\"ListItem\",\"position\":2,\"name\":\"Us\u0142ugi\",\"item\":\"https:\/\/mbtax.co.uk\/uslugi-2\/\"},{\"@type\":\"ListItem\",\"position\":3,\"name\":\"Zwrot podatku\",\"item\":\"https:\/\/mbtax.co.uk\/uslugi-2\/zwrot-podatku\/\"},{\"@type\":\"ListItem\",\"position\":4,\"name\":\"Z tytu\u0142u stosunku pracy jako podwykonawca\"}]},{\"@type\":\"WebSite\",\"@id\":\"https:\/\/mbtax.co.uk\/#website\",\"url\":\"https:\/\/mbtax.co.uk\/\",\"name\":\"MB TAX ADVICE LTD\",\"description\":\"Biuro ksi\u0119gowo\u015bci w Londynie\",\"potentialAction\":[{\"@type\":\"SearchAction\",\"target\":{\"@type\":\"EntryPoint\",\"urlTemplate\":\"https:\/\/mbtax.co.uk\/?s={search_term_string}\"},\"query-input\":{\"@type\":\"PropertyValueSpecification\",\"valueRequired\":true,\"valueName\":\"search_term_string\"}}],\"inLanguage\":\"en-US\"}]}<\/script>\n<!-- \/ Yoast SEO plugin. -->","yoast_head_json":{"title":"Z tytu\u0142u stosunku pracy jako podwykonawca - MB TAX ADVICE LTD","robots":{"index":"index","follow":"follow","max-snippet":"max-snippet:-1","max-image-preview":"max-image-preview:large","max-video-preview":"max-video-preview:-1"},"canonical":"https:\/\/mbtax.co.uk\/en\/uslugi-2\/zwrot-podatku\/z-tytulu-stosunku-pracy-jako-podwykonawca\/","og_locale":"en_US","og_type":"article","og_title":"Z tytu\u0142u stosunku pracy jako podwykonawca - MB TAX ADVICE LTD","og_description":"Osoby samozatrudnione (self-employed) s\u0105 obj\u0119te obowi\u0105zkiem rozliczenia podatkowego tax return \u2013 zwrot podatku w UK. Bardzo wielu Polak\u00f3w, pracuj\u0105cych g\u0142\u00f3wnie w szeroko rozumianym sektorze budowlanym dzia\u0142a, jako podwykonawcy (subcontractor) prac dla g\u0142\u00f3wnego wykonawcy rob\u00f3t (contractor). Podwykonawca op\u0142acany przez kontraktora powinien co miesi\u0105c otrzymywa\u0107 od niego tzw. subcontractor statements. Jest to miesi\u0119czne zestawienie p\u0142atno\u015bci i sk\u0142adek [&hellip;]","og_url":"https:\/\/mbtax.co.uk\/en\/uslugi-2\/zwrot-podatku\/z-tytulu-stosunku-pracy-jako-podwykonawca\/","og_site_name":"MB TAX ADVICE LTD","article_modified_time":"2015-10-29T14:11:10+00:00","twitter_card":"summary_large_image","twitter_misc":{"Est. reading time":"1 minute"},"schema":{"@context":"https:\/\/schema.org","@graph":[{"@type":"WebPage","@id":"https:\/\/mbtax.co.uk\/uslugi-2\/zwrot-podatku\/z-tytulu-stosunku-pracy-jako-podwykonawca\/","url":"https:\/\/mbtax.co.uk\/uslugi-2\/zwrot-podatku\/z-tytulu-stosunku-pracy-jako-podwykonawca\/","name":"Z tytu\u0142u stosunku pracy jako podwykonawca - MB TAX ADVICE LTD","isPartOf":{"@id":"https:\/\/mbtax.co.uk\/#website"},"datePublished":"2015-10-29T13:39:36+00:00","dateModified":"2015-10-29T14:11:10+00:00","breadcrumb":{"@id":"https:\/\/mbtax.co.uk\/uslugi-2\/zwrot-podatku\/z-tytulu-stosunku-pracy-jako-podwykonawca\/#breadcrumb"},"inLanguage":"en-US","potentialAction":[{"@type":"ReadAction","target":["https:\/\/mbtax.co.uk\/uslugi-2\/zwrot-podatku\/z-tytulu-stosunku-pracy-jako-podwykonawca\/"]}]},{"@type":"BreadcrumbList","@id":"https:\/\/mbtax.co.uk\/uslugi-2\/zwrot-podatku\/z-tytulu-stosunku-pracy-jako-podwykonawca\/#breadcrumb","itemListElement":[{"@type":"ListItem","position":1,"name":"Strona g\u0142\u00f3wna","item":"https:\/\/mbtax.co.uk\/"},{"@type":"ListItem","position":2,"name":"Us\u0142ugi","item":"https:\/\/mbtax.co.uk\/uslugi-2\/"},{"@type":"ListItem","position":3,"name":"Zwrot podatku","item":"https:\/\/mbtax.co.uk\/uslugi-2\/zwrot-podatku\/"},{"@type":"ListItem","position":4,"name":"Z tytu\u0142u stosunku pracy jako podwykonawca"}]},{"@type":"WebSite","@id":"https:\/\/mbtax.co.uk\/#website","url":"https:\/\/mbtax.co.uk\/","name":"MB TAX ADVICE LTD","description":"Biuro ksi\u0119gowo\u015bci w Londynie","potentialAction":[{"@type":"SearchAction","target":{"@type":"EntryPoint","urlTemplate":"https:\/\/mbtax.co.uk\/?s={search_term_string}"},"query-input":{"@type":"PropertyValueSpecification","valueRequired":true,"valueName":"search_term_string"}}],"inLanguage":"en-US"}]}},"_links":{"self":[{"href":"https:\/\/mbtax.co.uk\/en\/wp-json\/wp\/v2\/pages\/115","targetHints":{"allow":["GET"]}}],"collection":[{"href":"https:\/\/mbtax.co.uk\/en\/wp-json\/wp\/v2\/pages"}],"about":[{"href":"https:\/\/mbtax.co.uk\/en\/wp-json\/wp\/v2\/types\/page"}],"author":[{"embeddable":true,"href":"https:\/\/mbtax.co.uk\/en\/wp-json\/wp\/v2\/users\/2"}],"replies":[{"embeddable":true,"href":"https:\/\/mbtax.co.uk\/en\/wp-json\/wp\/v2\/comments?post=115"}],"version-history":[{"count":6,"href":"https:\/\/mbtax.co.uk\/en\/wp-json\/wp\/v2\/pages\/115\/revisions"}],"predecessor-version":[{"id":145,"href":"https:\/\/mbtax.co.uk\/en\/wp-json\/wp\/v2\/pages\/115\/revisions\/145"}],"up":[{"embeddable":true,"href":"https:\/\/mbtax.co.uk\/en\/wp-json\/wp\/v2\/pages\/11"}],"wp:attachment":[{"href":"https:\/\/mbtax.co.uk\/en\/wp-json\/wp\/v2\/media?parent=115"}],"curies":[{"name":"wp","href":"https:\/\/api.w.org\/{rel}","templated":true}]}}