{"id":135,"date":"2015-10-29T15:01:51","date_gmt":"2015-10-29T14:01:51","guid":{"rendered":"http:\/\/mbtax.co.uk\/?page_id=135"},"modified":"2025-10-27T19:34:39","modified_gmt":"2025-10-27T18:34:39","slug":"zasilek-macierzynski","status":"publish","type":"page","link":"https:\/\/mbtax.co.uk\/en\/uslugi-2\/benefity\/zasilek-macierzynski\/","title":{"rendered":"Maternity Allowance"},"content":{"rendered":"<p><strong>If you are pregnant or have recently become a mother, you may be entitled to benefits in the UK such as Maternity Allowance, a form of financial support for mothers.<\/strong> Both employed and self-employed women should contact us so that our specialists can review their individual circumstances in detail.\n\nIf your employer has told you that you are not entitled to maternity leave, remember that you can still apply for Maternity Allowance through the Jobcentre.\n\nRegardless of your situation, you should seek assistance from one of our offices. Our experienced accountants will carry out an interview and apply for the Maternity Allowance on your behalf.<br \/>\nFor a period of up to 39 weeks, you may receive benefits <strong>as financial support of up to \u00a3187.18 per week (!)<\/strong> or <strong>90% of your average weekly earnings<\/strong>depending on which of these amounts is lower.<\/p>\n<p><strong>Benefits<\/strong><\/p>\n<ul>\n<li>maternity allowance<\/li>\n<li>maternity grant<\/li>\n<li>child benefit<\/li>\n<\/ul>","protected":false},"excerpt":{"rendered":"<p>Je\u015bli jeste\u015b w ci\u0105\u017cy lub w\u0142a\u015bnie zosta\u0142a\u015b matk\u0105, to prawdopodobnie przys\u0142uguj\u0105 Ci benefity w Anglii jak Maternity Allowance, wsparcie finansowe dla matek. Zar\u00f3wno zatrudnione (employee) oraz samozatrudniaj\u0105ce si\u0119 (self-employed) powinny zg\u0142osi\u0107 si\u0119 do nas celem dok\u0142adnego zapoznania naszych specjalist\u00f3w z ich indywidualn\u0105 sytuacj\u0105. Je\u015bli Tw\u00f3j pracodawca powiedzia\u0142 Ci, \u017ce nie przys\u0142uguje Ci urlop macierzy\u0144ski, pami\u0119taj, [&hellip;]<\/p>","protected":false},"author":2,"featured_media":0,"parent":63,"menu_order":1,"comment_status":"closed","ping_status":"closed","template":"page-submenu.php","meta":{"footnotes":""},"class_list":["post-135","page","type-page","status-publish","hentry"],"yoast_head":"<!-- This site is optimized with the Yoast SEO plugin v26.1.1 - https:\/\/yoast.com\/wordpress\/plugins\/seo\/ -->\n<title>Zasi\u0142ek macierzy\u0144ski - MB TAX ADVICE LTD<\/title>\n<meta name=\"robots\" content=\"index, follow, max-snippet:-1, max-image-preview:large, max-video-preview:-1\" \/>\n<link rel=\"canonical\" href=\"https:\/\/mbtax.co.uk\/en\/uslugi-2\/benefity\/zasilek-macierzynski\/\" \/>\n<meta property=\"og:locale\" content=\"en_US\" \/>\n<meta property=\"og:type\" content=\"article\" \/>\n<meta property=\"og:title\" content=\"Zasi\u0142ek macierzy\u0144ski - MB TAX ADVICE LTD\" \/>\n<meta property=\"og:description\" content=\"Je\u015bli jeste\u015b w ci\u0105\u017cy lub w\u0142a\u015bnie zosta\u0142a\u015b matk\u0105, to prawdopodobnie przys\u0142uguj\u0105 Ci benefity w Anglii jak Maternity Allowance, wsparcie finansowe dla matek. Zar\u00f3wno zatrudnione (employee) oraz samozatrudniaj\u0105ce si\u0119 (self-employed) powinny zg\u0142osi\u0107 si\u0119 do nas celem dok\u0142adnego zapoznania naszych specjalist\u00f3w z ich indywidualn\u0105 sytuacj\u0105. Je\u015bli Tw\u00f3j pracodawca powiedzia\u0142 Ci, \u017ce nie przys\u0142uguje Ci urlop macierzy\u0144ski, pami\u0119taj, [&hellip;]\" \/>\n<meta property=\"og:url\" content=\"https:\/\/mbtax.co.uk\/en\/uslugi-2\/benefity\/zasilek-macierzynski\/\" \/>\n<meta property=\"og:site_name\" content=\"MB TAX ADVICE LTD\" \/>\n<meta property=\"article:modified_time\" content=\"2025-10-27T18:34:39+00:00\" \/>\n<meta name=\"twitter:card\" content=\"summary_large_image\" \/>\n<meta name=\"twitter:label1\" content=\"Est. reading time\" \/>\n\t<meta name=\"twitter:data1\" content=\"1 minute\" \/>\n<script type=\"application\/ld+json\" class=\"yoast-schema-graph\">{\"@context\":\"https:\/\/schema.org\",\"@graph\":[{\"@type\":\"WebPage\",\"@id\":\"https:\/\/mbtax.co.uk\/en\/uslugi-2\/benefity\/zasilek-macierzynski\/\",\"url\":\"https:\/\/mbtax.co.uk\/en\/uslugi-2\/benefity\/zasilek-macierzynski\/\",\"name\":\"Zasi\u0142ek macierzy\u0144ski - MB TAX ADVICE LTD\",\"isPartOf\":{\"@id\":\"https:\/\/mbtax.co.uk\/#website\"},\"datePublished\":\"2015-10-29T14:01:51+00:00\",\"dateModified\":\"2025-10-27T18:34:39+00:00\",\"breadcrumb\":{\"@id\":\"https:\/\/mbtax.co.uk\/en\/uslugi-2\/benefity\/zasilek-macierzynski\/#breadcrumb\"},\"inLanguage\":\"en-US\",\"potentialAction\":[{\"@type\":\"ReadAction\",\"target\":[\"https:\/\/mbtax.co.uk\/en\/uslugi-2\/benefity\/zasilek-macierzynski\/\"]}]},{\"@type\":\"BreadcrumbList\",\"@id\":\"https:\/\/mbtax.co.uk\/en\/uslugi-2\/benefity\/zasilek-macierzynski\/#breadcrumb\",\"itemListElement\":[{\"@type\":\"ListItem\",\"position\":1,\"name\":\"Strona g\u0142\u00f3wna\",\"item\":\"https:\/\/mbtax.co.uk\/\"},{\"@type\":\"ListItem\",\"position\":2,\"name\":\"Us\u0142ugi\",\"item\":\"https:\/\/mbtax.co.uk\/uslugi-2\/\"},{\"@type\":\"ListItem\",\"position\":3,\"name\":\"Benefity\",\"item\":\"https:\/\/mbtax.co.uk\/uslugi-2\/benefity\/\"},{\"@type\":\"ListItem\",\"position\":4,\"name\":\"Zasi\u0142ek macierzy\u0144ski\"}]},{\"@type\":\"WebSite\",\"@id\":\"https:\/\/mbtax.co.uk\/#website\",\"url\":\"https:\/\/mbtax.co.uk\/\",\"name\":\"MB TAX ADVICE LTD\",\"description\":\"Biuro ksi\u0119gowo\u015bci w Londynie\",\"potentialAction\":[{\"@type\":\"SearchAction\",\"target\":{\"@type\":\"EntryPoint\",\"urlTemplate\":\"https:\/\/mbtax.co.uk\/?s={search_term_string}\"},\"query-input\":{\"@type\":\"PropertyValueSpecification\",\"valueRequired\":true,\"valueName\":\"search_term_string\"}}],\"inLanguage\":\"en-US\"}]}<\/script>\n<!-- \/ Yoast SEO plugin. -->","yoast_head_json":{"title":"Zasi\u0142ek macierzy\u0144ski - MB TAX ADVICE LTD","robots":{"index":"index","follow":"follow","max-snippet":"max-snippet:-1","max-image-preview":"max-image-preview:large","max-video-preview":"max-video-preview:-1"},"canonical":"https:\/\/mbtax.co.uk\/en\/uslugi-2\/benefity\/zasilek-macierzynski\/","og_locale":"en_US","og_type":"article","og_title":"Zasi\u0142ek macierzy\u0144ski - MB TAX ADVICE LTD","og_description":"Je\u015bli jeste\u015b w ci\u0105\u017cy lub w\u0142a\u015bnie zosta\u0142a\u015b matk\u0105, to prawdopodobnie przys\u0142uguj\u0105 Ci benefity w Anglii jak Maternity Allowance, wsparcie finansowe dla matek. Zar\u00f3wno zatrudnione (employee) oraz samozatrudniaj\u0105ce si\u0119 (self-employed) powinny zg\u0142osi\u0107 si\u0119 do nas celem dok\u0142adnego zapoznania naszych specjalist\u00f3w z ich indywidualn\u0105 sytuacj\u0105. Je\u015bli Tw\u00f3j pracodawca powiedzia\u0142 Ci, \u017ce nie przys\u0142uguje Ci urlop macierzy\u0144ski, pami\u0119taj, [&hellip;]","og_url":"https:\/\/mbtax.co.uk\/en\/uslugi-2\/benefity\/zasilek-macierzynski\/","og_site_name":"MB TAX ADVICE LTD","article_modified_time":"2025-10-27T18:34:39+00:00","twitter_card":"summary_large_image","twitter_misc":{"Est. reading time":"1 minute"},"schema":{"@context":"https:\/\/schema.org","@graph":[{"@type":"WebPage","@id":"https:\/\/mbtax.co.uk\/en\/uslugi-2\/benefity\/zasilek-macierzynski\/","url":"https:\/\/mbtax.co.uk\/en\/uslugi-2\/benefity\/zasilek-macierzynski\/","name":"Zasi\u0142ek macierzy\u0144ski - MB TAX ADVICE LTD","isPartOf":{"@id":"https:\/\/mbtax.co.uk\/#website"},"datePublished":"2015-10-29T14:01:51+00:00","dateModified":"2025-10-27T18:34:39+00:00","breadcrumb":{"@id":"https:\/\/mbtax.co.uk\/en\/uslugi-2\/benefity\/zasilek-macierzynski\/#breadcrumb"},"inLanguage":"en-US","potentialAction":[{"@type":"ReadAction","target":["https:\/\/mbtax.co.uk\/en\/uslugi-2\/benefity\/zasilek-macierzynski\/"]}]},{"@type":"BreadcrumbList","@id":"https:\/\/mbtax.co.uk\/en\/uslugi-2\/benefity\/zasilek-macierzynski\/#breadcrumb","itemListElement":[{"@type":"ListItem","position":1,"name":"Strona g\u0142\u00f3wna","item":"https:\/\/mbtax.co.uk\/"},{"@type":"ListItem","position":2,"name":"Us\u0142ugi","item":"https:\/\/mbtax.co.uk\/uslugi-2\/"},{"@type":"ListItem","position":3,"name":"Benefity","item":"https:\/\/mbtax.co.uk\/uslugi-2\/benefity\/"},{"@type":"ListItem","position":4,"name":"Zasi\u0142ek macierzy\u0144ski"}]},{"@type":"WebSite","@id":"https:\/\/mbtax.co.uk\/#website","url":"https:\/\/mbtax.co.uk\/","name":"MB TAX ADVICE LTD","description":"Biuro ksi\u0119gowo\u015bci w Londynie","potentialAction":[{"@type":"SearchAction","target":{"@type":"EntryPoint","urlTemplate":"https:\/\/mbtax.co.uk\/?s={search_term_string}"},"query-input":{"@type":"PropertyValueSpecification","valueRequired":true,"valueName":"search_term_string"}}],"inLanguage":"en-US"}]}},"_links":{"self":[{"href":"https:\/\/mbtax.co.uk\/en\/wp-json\/wp\/v2\/pages\/135","targetHints":{"allow":["GET"]}}],"collection":[{"href":"https:\/\/mbtax.co.uk\/en\/wp-json\/wp\/v2\/pages"}],"about":[{"href":"https:\/\/mbtax.co.uk\/en\/wp-json\/wp\/v2\/types\/page"}],"author":[{"embeddable":true,"href":"https:\/\/mbtax.co.uk\/en\/wp-json\/wp\/v2\/users\/2"}],"replies":[{"embeddable":true,"href":"https:\/\/mbtax.co.uk\/en\/wp-json\/wp\/v2\/comments?post=135"}],"version-history":[{"count":6,"href":"https:\/\/mbtax.co.uk\/en\/wp-json\/wp\/v2\/pages\/135\/revisions"}],"predecessor-version":[{"id":531,"href":"https:\/\/mbtax.co.uk\/en\/wp-json\/wp\/v2\/pages\/135\/revisions\/531"}],"up":[{"embeddable":true,"href":"https:\/\/mbtax.co.uk\/en\/wp-json\/wp\/v2\/pages\/63"}],"wp:attachment":[{"href":"https:\/\/mbtax.co.uk\/en\/wp-json\/wp\/v2\/media?parent=135"}],"curies":[{"name":"wp","href":"https:\/\/api.w.org\/{rel}","templated":true}]}}