{"id":139,"date":"2015-10-29T15:09:27","date_gmt":"2015-10-29T14:09:27","guid":{"rendered":"http:\/\/mbtax.co.uk\/?page_id=139"},"modified":"2015-10-29T15:10:54","modified_gmt":"2015-10-29T14:10:54","slug":"becikowe","status":"publish","type":"page","link":"https:\/\/mbtax.co.uk\/en\/uslugi-2\/benefity\/becikowe\/","title":{"rendered":"Sure Start Maternity Grant"},"content":{"rendered":"<p>The Sure Start Maternity Grant, the UK equivalent of the well-known Polish \u201cbecikowe,\u201d is a one-off, tax-free payment offered to parents who need financial help when their baby is born.\n\nA payment of \u00a3500 transferred directly to your account can be an invaluable form of support during a time when expenses and responsibilities quickly pile up.\n\nTo qualify, the family must prove low income and either you or your partner must get one of these benefits:\nIncome Support, \nincome-based Jobseeker\u2019s Allowance, \nincome-related Employment and Support,  Allowance\nPension Credit, \nUniversal Credit, \n\n\nFollowing recent changes to the benefit system, this grant is now available only for the first child.\n\nAlso, make sure to check your eligibility for the Child Benefit (UK).<br \/>\nTo book an appointment with a staff member<strong> MB TAX ADVICE<\/strong>\u00a0please contact one of our offices.<\/p>","protected":false},"excerpt":{"rendered":"<p>Sure Start Maternity Grant, bo tak nazywa si\u0119 brytyjski odpowiednik s\u0142ynnego polskiego \u201ebecikowego\u201d to jednorazowy benefit UK \u2013 nieopodatkowane wsparcie dla rodzica lub rodzic\u00f3w najbardziej potrzebuj\u0105cych pieni\u0119dzy w momencie, gdy na \u015bwiat przychodzi dziecko. 500 funt\u00f3w przelane na Twoje konto b\u0119dzie z pewno\u015bci\u0105 niezast\u0105pionym wsparciem, gdy masa wydatk\u00f3w i obowi\u0105zk\u00f3w spi\u0119trzy si\u0119 na Twojej g\u0142owie. [&hellip;]<\/p>","protected":false},"author":2,"featured_media":0,"parent":63,"menu_order":2,"comment_status":"closed","ping_status":"closed","template":"page-submenu.php","meta":{"footnotes":""},"class_list":["post-139","page","type-page","status-publish","hentry"],"yoast_head":"<!-- This site is optimized with the Yoast SEO plugin v26.1.1 - https:\/\/yoast.com\/wordpress\/plugins\/seo\/ -->\n<title>Becikowe - MB TAX ADVICE LTD<\/title>\n<meta name=\"robots\" content=\"index, follow, max-snippet:-1, max-image-preview:large, max-video-preview:-1\" \/>\n<link rel=\"canonical\" href=\"https:\/\/mbtax.co.uk\/en\/uslugi-2\/benefity\/becikowe\/\" \/>\n<meta property=\"og:locale\" content=\"en_US\" \/>\n<meta property=\"og:type\" content=\"article\" \/>\n<meta property=\"og:title\" content=\"Becikowe - MB TAX ADVICE LTD\" \/>\n<meta property=\"og:description\" content=\"Sure Start Maternity Grant, bo tak nazywa si\u0119 brytyjski odpowiednik s\u0142ynnego polskiego \u201ebecikowego\u201d to jednorazowy benefit UK \u2013 nieopodatkowane wsparcie dla rodzica lub rodzic\u00f3w najbardziej potrzebuj\u0105cych pieni\u0119dzy w momencie, gdy na \u015bwiat przychodzi dziecko. 500 funt\u00f3w przelane na Twoje konto b\u0119dzie z pewno\u015bci\u0105 niezast\u0105pionym wsparciem, gdy masa wydatk\u00f3w i obowi\u0105zk\u00f3w spi\u0119trzy si\u0119 na Twojej g\u0142owie. [&hellip;]\" \/>\n<meta property=\"og:url\" content=\"https:\/\/mbtax.co.uk\/en\/uslugi-2\/benefity\/becikowe\/\" \/>\n<meta property=\"og:site_name\" content=\"MB TAX ADVICE LTD\" \/>\n<meta property=\"article:modified_time\" content=\"2015-10-29T14:10:54+00:00\" \/>\n<meta name=\"twitter:card\" content=\"summary_large_image\" \/>\n<meta name=\"twitter:label1\" content=\"Est. reading time\" \/>\n\t<meta name=\"twitter:data1\" content=\"1 minute\" \/>\n<script type=\"application\/ld+json\" class=\"yoast-schema-graph\">{\"@context\":\"https:\/\/schema.org\",\"@graph\":[{\"@type\":\"WebPage\",\"@id\":\"https:\/\/mbtax.co.uk\/en\/uslugi-2\/benefity\/becikowe\/\",\"url\":\"https:\/\/mbtax.co.uk\/en\/uslugi-2\/benefity\/becikowe\/\",\"name\":\"Becikowe - MB TAX ADVICE LTD\",\"isPartOf\":{\"@id\":\"https:\/\/mbtax.co.uk\/#website\"},\"datePublished\":\"2015-10-29T14:09:27+00:00\",\"dateModified\":\"2015-10-29T14:10:54+00:00\",\"breadcrumb\":{\"@id\":\"https:\/\/mbtax.co.uk\/en\/uslugi-2\/benefity\/becikowe\/#breadcrumb\"},\"inLanguage\":\"en-US\",\"potentialAction\":[{\"@type\":\"ReadAction\",\"target\":[\"https:\/\/mbtax.co.uk\/en\/uslugi-2\/benefity\/becikowe\/\"]}]},{\"@type\":\"BreadcrumbList\",\"@id\":\"https:\/\/mbtax.co.uk\/en\/uslugi-2\/benefity\/becikowe\/#breadcrumb\",\"itemListElement\":[{\"@type\":\"ListItem\",\"position\":1,\"name\":\"Strona g\u0142\u00f3wna\",\"item\":\"https:\/\/mbtax.co.uk\/\"},{\"@type\":\"ListItem\",\"position\":2,\"name\":\"Us\u0142ugi\",\"item\":\"https:\/\/mbtax.co.uk\/uslugi-2\/\"},{\"@type\":\"ListItem\",\"position\":3,\"name\":\"Benefity\",\"item\":\"https:\/\/mbtax.co.uk\/uslugi-2\/benefity\/\"},{\"@type\":\"ListItem\",\"position\":4,\"name\":\"Becikowe\"}]},{\"@type\":\"WebSite\",\"@id\":\"https:\/\/mbtax.co.uk\/#website\",\"url\":\"https:\/\/mbtax.co.uk\/\",\"name\":\"MB TAX ADVICE LTD\",\"description\":\"Biuro ksi\u0119gowo\u015bci w Londynie\",\"potentialAction\":[{\"@type\":\"SearchAction\",\"target\":{\"@type\":\"EntryPoint\",\"urlTemplate\":\"https:\/\/mbtax.co.uk\/?s={search_term_string}\"},\"query-input\":{\"@type\":\"PropertyValueSpecification\",\"valueRequired\":true,\"valueName\":\"search_term_string\"}}],\"inLanguage\":\"en-US\"}]}<\/script>\n<!-- \/ Yoast SEO plugin. -->","yoast_head_json":{"title":"Becikowe - MB TAX ADVICE LTD","robots":{"index":"index","follow":"follow","max-snippet":"max-snippet:-1","max-image-preview":"max-image-preview:large","max-video-preview":"max-video-preview:-1"},"canonical":"https:\/\/mbtax.co.uk\/en\/uslugi-2\/benefity\/becikowe\/","og_locale":"en_US","og_type":"article","og_title":"Becikowe - MB TAX ADVICE LTD","og_description":"Sure Start Maternity Grant, bo tak nazywa si\u0119 brytyjski odpowiednik s\u0142ynnego polskiego \u201ebecikowego\u201d to jednorazowy benefit UK \u2013 nieopodatkowane wsparcie dla rodzica lub rodzic\u00f3w najbardziej potrzebuj\u0105cych pieni\u0119dzy w momencie, gdy na \u015bwiat przychodzi dziecko. 500 funt\u00f3w przelane na Twoje konto b\u0119dzie z pewno\u015bci\u0105 niezast\u0105pionym wsparciem, gdy masa wydatk\u00f3w i obowi\u0105zk\u00f3w spi\u0119trzy si\u0119 na Twojej g\u0142owie. [&hellip;]","og_url":"https:\/\/mbtax.co.uk\/en\/uslugi-2\/benefity\/becikowe\/","og_site_name":"MB TAX ADVICE LTD","article_modified_time":"2015-10-29T14:10:54+00:00","twitter_card":"summary_large_image","twitter_misc":{"Est. reading time":"1 minute"},"schema":{"@context":"https:\/\/schema.org","@graph":[{"@type":"WebPage","@id":"https:\/\/mbtax.co.uk\/en\/uslugi-2\/benefity\/becikowe\/","url":"https:\/\/mbtax.co.uk\/en\/uslugi-2\/benefity\/becikowe\/","name":"Becikowe - MB TAX ADVICE LTD","isPartOf":{"@id":"https:\/\/mbtax.co.uk\/#website"},"datePublished":"2015-10-29T14:09:27+00:00","dateModified":"2015-10-29T14:10:54+00:00","breadcrumb":{"@id":"https:\/\/mbtax.co.uk\/en\/uslugi-2\/benefity\/becikowe\/#breadcrumb"},"inLanguage":"en-US","potentialAction":[{"@type":"ReadAction","target":["https:\/\/mbtax.co.uk\/en\/uslugi-2\/benefity\/becikowe\/"]}]},{"@type":"BreadcrumbList","@id":"https:\/\/mbtax.co.uk\/en\/uslugi-2\/benefity\/becikowe\/#breadcrumb","itemListElement":[{"@type":"ListItem","position":1,"name":"Strona g\u0142\u00f3wna","item":"https:\/\/mbtax.co.uk\/"},{"@type":"ListItem","position":2,"name":"Us\u0142ugi","item":"https:\/\/mbtax.co.uk\/uslugi-2\/"},{"@type":"ListItem","position":3,"name":"Benefity","item":"https:\/\/mbtax.co.uk\/uslugi-2\/benefity\/"},{"@type":"ListItem","position":4,"name":"Becikowe"}]},{"@type":"WebSite","@id":"https:\/\/mbtax.co.uk\/#website","url":"https:\/\/mbtax.co.uk\/","name":"MB TAX ADVICE LTD","description":"Biuro ksi\u0119gowo\u015bci w Londynie","potentialAction":[{"@type":"SearchAction","target":{"@type":"EntryPoint","urlTemplate":"https:\/\/mbtax.co.uk\/?s={search_term_string}"},"query-input":{"@type":"PropertyValueSpecification","valueRequired":true,"valueName":"search_term_string"}}],"inLanguage":"en-US"}]}},"_links":{"self":[{"href":"https:\/\/mbtax.co.uk\/en\/wp-json\/wp\/v2\/pages\/139","targetHints":{"allow":["GET"]}}],"collection":[{"href":"https:\/\/mbtax.co.uk\/en\/wp-json\/wp\/v2\/pages"}],"about":[{"href":"https:\/\/mbtax.co.uk\/en\/wp-json\/wp\/v2\/types\/page"}],"author":[{"embeddable":true,"href":"https:\/\/mbtax.co.uk\/en\/wp-json\/wp\/v2\/users\/2"}],"replies":[{"embeddable":true,"href":"https:\/\/mbtax.co.uk\/en\/wp-json\/wp\/v2\/comments?post=139"}],"version-history":[{"count":2,"href":"https:\/\/mbtax.co.uk\/en\/wp-json\/wp\/v2\/pages\/139\/revisions"}],"predecessor-version":[{"id":143,"href":"https:\/\/mbtax.co.uk\/en\/wp-json\/wp\/v2\/pages\/139\/revisions\/143"}],"up":[{"embeddable":true,"href":"https:\/\/mbtax.co.uk\/en\/wp-json\/wp\/v2\/pages\/63"}],"wp:attachment":[{"href":"https:\/\/mbtax.co.uk\/en\/wp-json\/wp\/v2\/media?parent=139"}],"curies":[{"name":"wp","href":"https:\/\/api.w.org\/{rel}","templated":true}]}}