{"id":146,"date":"2015-10-29T15:12:55","date_gmt":"2015-10-29T14:12:55","guid":{"rendered":"http:\/\/mbtax.co.uk\/?page_id=146"},"modified":"2025-10-31T10:12:04","modified_gmt":"2025-10-31T09:12:04","slug":"zasilek-na-dziecko","status":"publish","type":"page","link":"https:\/\/mbtax.co.uk\/en\/uslugi-2\/benefity\/zasilek-na-dziecko\/","title":{"rendered":"Child Benefit"},"content":{"rendered":"<p><strong>Child Benefit UK is one of the most popular benefits. It is paid to parents or guardians of children living in the United Kingdom, and you don\u2019t have to be a British citizen to qualify.<\/strong> It is paid weekly or monthly into the bank account of the parent or guardian who applied, until the child reaches the age of 16 or up to 20 if they remain in education.<\/p>\n<p><strong>Once you qualify for the benefit<\/strong> It is fixed regardless of how much you earn and amounts to a weekly amount of <strong>\u00a326.05<\/strong>\u00a0for the eldest or only child and <strong>\u00a317.25<\/strong>\u00a0of each additional child<br \/>\nIn addition to simply arranging the benefit, the accounting office London MB TAX ADVICE also provides advisory services on how to make effective use of it, including through individual investment programmes.<\/p>","protected":false},"excerpt":{"rendered":"<p>Child Benefit UK jest jednym z najpopularniejszych zasi\u0142k\u00f3w. Jest wyp\u0142acany rodzicom lub opiekunom dzieci przebywaj\u0105cych na terenie Zjednoczonego Kr\u00f3lestwa, cho\u0107 niekoniecznie obywateli brytyjskich. Jest wyp\u0142acany tygodniowo lub miesi\u0119cznie na konto bankowe aplikuj\u0105cego rodzica lub opiekuna do momentu osi\u0105gni\u0119cia przez dziecko 16. roku \u017cycia, lub maksymalnie do 20., gdy kontynuuje nauk\u0119. Gdy zakwalifikujesz si\u0119 do \u015bwiadczenia [&hellip;]<\/p>","protected":false},"author":2,"featured_media":0,"parent":63,"menu_order":3,"comment_status":"closed","ping_status":"closed","template":"page-submenu.php","meta":{"footnotes":""},"class_list":["post-146","page","type-page","status-publish","hentry"],"yoast_head":"<!-- This site is optimized with the Yoast SEO plugin v26.1.1 - https:\/\/yoast.com\/wordpress\/plugins\/seo\/ -->\n<title>Zasi\u0142ek na dziecko - MB TAX ADVICE LTD<\/title>\n<meta name=\"robots\" content=\"index, follow, max-snippet:-1, max-image-preview:large, max-video-preview:-1\" \/>\n<link rel=\"canonical\" href=\"https:\/\/mbtax.co.uk\/en\/uslugi-2\/benefity\/zasilek-na-dziecko\/\" \/>\n<meta property=\"og:locale\" content=\"en_US\" \/>\n<meta property=\"og:type\" content=\"article\" \/>\n<meta property=\"og:title\" content=\"Zasi\u0142ek na dziecko - MB TAX ADVICE LTD\" \/>\n<meta property=\"og:description\" content=\"Child Benefit UK jest jednym z najpopularniejszych zasi\u0142k\u00f3w. Jest wyp\u0142acany rodzicom lub opiekunom dzieci przebywaj\u0105cych na terenie Zjednoczonego Kr\u00f3lestwa, cho\u0107 niekoniecznie obywateli brytyjskich. Jest wyp\u0142acany tygodniowo lub miesi\u0119cznie na konto bankowe aplikuj\u0105cego rodzica lub opiekuna do momentu osi\u0105gni\u0119cia przez dziecko 16. roku \u017cycia, lub maksymalnie do 20., gdy kontynuuje nauk\u0119. Gdy zakwalifikujesz si\u0119 do \u015bwiadczenia [&hellip;]\" \/>\n<meta property=\"og:url\" content=\"https:\/\/mbtax.co.uk\/en\/uslugi-2\/benefity\/zasilek-na-dziecko\/\" \/>\n<meta property=\"og:site_name\" content=\"MB TAX ADVICE LTD\" \/>\n<meta property=\"article:modified_time\" content=\"2025-10-31T09:12:04+00:00\" \/>\n<meta name=\"twitter:card\" content=\"summary_large_image\" \/>\n<meta name=\"twitter:label1\" content=\"Est. reading time\" \/>\n\t<meta name=\"twitter:data1\" content=\"1 minute\" \/>\n<script type=\"application\/ld+json\" class=\"yoast-schema-graph\">{\"@context\":\"https:\/\/schema.org\",\"@graph\":[{\"@type\":\"WebPage\",\"@id\":\"https:\/\/mbtax.co.uk\/en\/uslugi-2\/benefity\/zasilek-na-dziecko\/\",\"url\":\"https:\/\/mbtax.co.uk\/en\/uslugi-2\/benefity\/zasilek-na-dziecko\/\",\"name\":\"Zasi\u0142ek na dziecko - MB TAX ADVICE LTD\",\"isPartOf\":{\"@id\":\"https:\/\/mbtax.co.uk\/#website\"},\"datePublished\":\"2015-10-29T14:12:55+00:00\",\"dateModified\":\"2025-10-31T09:12:04+00:00\",\"breadcrumb\":{\"@id\":\"https:\/\/mbtax.co.uk\/en\/uslugi-2\/benefity\/zasilek-na-dziecko\/#breadcrumb\"},\"inLanguage\":\"en-US\",\"potentialAction\":[{\"@type\":\"ReadAction\",\"target\":[\"https:\/\/mbtax.co.uk\/en\/uslugi-2\/benefity\/zasilek-na-dziecko\/\"]}]},{\"@type\":\"BreadcrumbList\",\"@id\":\"https:\/\/mbtax.co.uk\/en\/uslugi-2\/benefity\/zasilek-na-dziecko\/#breadcrumb\",\"itemListElement\":[{\"@type\":\"ListItem\",\"position\":1,\"name\":\"Strona g\u0142\u00f3wna\",\"item\":\"https:\/\/mbtax.co.uk\/\"},{\"@type\":\"ListItem\",\"position\":2,\"name\":\"Us\u0142ugi\",\"item\":\"https:\/\/mbtax.co.uk\/uslugi-2\/\"},{\"@type\":\"ListItem\",\"position\":3,\"name\":\"Benefity\",\"item\":\"https:\/\/mbtax.co.uk\/uslugi-2\/benefity\/\"},{\"@type\":\"ListItem\",\"position\":4,\"name\":\"Zasi\u0142ek na dziecko\"}]},{\"@type\":\"WebSite\",\"@id\":\"https:\/\/mbtax.co.uk\/#website\",\"url\":\"https:\/\/mbtax.co.uk\/\",\"name\":\"MB TAX ADVICE LTD\",\"description\":\"Biuro ksi\u0119gowo\u015bci w Londynie\",\"potentialAction\":[{\"@type\":\"SearchAction\",\"target\":{\"@type\":\"EntryPoint\",\"urlTemplate\":\"https:\/\/mbtax.co.uk\/?s={search_term_string}\"},\"query-input\":{\"@type\":\"PropertyValueSpecification\",\"valueRequired\":true,\"valueName\":\"search_term_string\"}}],\"inLanguage\":\"en-US\"}]}<\/script>\n<!-- \/ Yoast SEO plugin. -->","yoast_head_json":{"title":"Zasi\u0142ek na dziecko - MB TAX ADVICE LTD","robots":{"index":"index","follow":"follow","max-snippet":"max-snippet:-1","max-image-preview":"max-image-preview:large","max-video-preview":"max-video-preview:-1"},"canonical":"https:\/\/mbtax.co.uk\/en\/uslugi-2\/benefity\/zasilek-na-dziecko\/","og_locale":"en_US","og_type":"article","og_title":"Zasi\u0142ek na dziecko - MB TAX ADVICE LTD","og_description":"Child Benefit UK jest jednym z najpopularniejszych zasi\u0142k\u00f3w. Jest wyp\u0142acany rodzicom lub opiekunom dzieci przebywaj\u0105cych na terenie Zjednoczonego Kr\u00f3lestwa, cho\u0107 niekoniecznie obywateli brytyjskich. Jest wyp\u0142acany tygodniowo lub miesi\u0119cznie na konto bankowe aplikuj\u0105cego rodzica lub opiekuna do momentu osi\u0105gni\u0119cia przez dziecko 16. roku \u017cycia, lub maksymalnie do 20., gdy kontynuuje nauk\u0119. Gdy zakwalifikujesz si\u0119 do \u015bwiadczenia [&hellip;]","og_url":"https:\/\/mbtax.co.uk\/en\/uslugi-2\/benefity\/zasilek-na-dziecko\/","og_site_name":"MB TAX ADVICE LTD","article_modified_time":"2025-10-31T09:12:04+00:00","twitter_card":"summary_large_image","twitter_misc":{"Est. reading time":"1 minute"},"schema":{"@context":"https:\/\/schema.org","@graph":[{"@type":"WebPage","@id":"https:\/\/mbtax.co.uk\/en\/uslugi-2\/benefity\/zasilek-na-dziecko\/","url":"https:\/\/mbtax.co.uk\/en\/uslugi-2\/benefity\/zasilek-na-dziecko\/","name":"Zasi\u0142ek na dziecko - MB TAX ADVICE LTD","isPartOf":{"@id":"https:\/\/mbtax.co.uk\/#website"},"datePublished":"2015-10-29T14:12:55+00:00","dateModified":"2025-10-31T09:12:04+00:00","breadcrumb":{"@id":"https:\/\/mbtax.co.uk\/en\/uslugi-2\/benefity\/zasilek-na-dziecko\/#breadcrumb"},"inLanguage":"en-US","potentialAction":[{"@type":"ReadAction","target":["https:\/\/mbtax.co.uk\/en\/uslugi-2\/benefity\/zasilek-na-dziecko\/"]}]},{"@type":"BreadcrumbList","@id":"https:\/\/mbtax.co.uk\/en\/uslugi-2\/benefity\/zasilek-na-dziecko\/#breadcrumb","itemListElement":[{"@type":"ListItem","position":1,"name":"Strona g\u0142\u00f3wna","item":"https:\/\/mbtax.co.uk\/"},{"@type":"ListItem","position":2,"name":"Us\u0142ugi","item":"https:\/\/mbtax.co.uk\/uslugi-2\/"},{"@type":"ListItem","position":3,"name":"Benefity","item":"https:\/\/mbtax.co.uk\/uslugi-2\/benefity\/"},{"@type":"ListItem","position":4,"name":"Zasi\u0142ek na dziecko"}]},{"@type":"WebSite","@id":"https:\/\/mbtax.co.uk\/#website","url":"https:\/\/mbtax.co.uk\/","name":"MB TAX ADVICE LTD","description":"Biuro ksi\u0119gowo\u015bci w Londynie","potentialAction":[{"@type":"SearchAction","target":{"@type":"EntryPoint","urlTemplate":"https:\/\/mbtax.co.uk\/?s={search_term_string}"},"query-input":{"@type":"PropertyValueSpecification","valueRequired":true,"valueName":"search_term_string"}}],"inLanguage":"en-US"}]}},"_links":{"self":[{"href":"https:\/\/mbtax.co.uk\/en\/wp-json\/wp\/v2\/pages\/146","targetHints":{"allow":["GET"]}}],"collection":[{"href":"https:\/\/mbtax.co.uk\/en\/wp-json\/wp\/v2\/pages"}],"about":[{"href":"https:\/\/mbtax.co.uk\/en\/wp-json\/wp\/v2\/types\/page"}],"author":[{"embeddable":true,"href":"https:\/\/mbtax.co.uk\/en\/wp-json\/wp\/v2\/users\/2"}],"replies":[{"embeddable":true,"href":"https:\/\/mbtax.co.uk\/en\/wp-json\/wp\/v2\/comments?post=146"}],"version-history":[{"count":5,"href":"https:\/\/mbtax.co.uk\/en\/wp-json\/wp\/v2\/pages\/146\/revisions"}],"predecessor-version":[{"id":533,"href":"https:\/\/mbtax.co.uk\/en\/wp-json\/wp\/v2\/pages\/146\/revisions\/533"}],"up":[{"embeddable":true,"href":"https:\/\/mbtax.co.uk\/en\/wp-json\/wp\/v2\/pages\/63"}],"wp:attachment":[{"href":"https:\/\/mbtax.co.uk\/en\/wp-json\/wp\/v2\/media?parent=146"}],"curies":[{"name":"wp","href":"https:\/\/api.w.org\/{rel}","templated":true}]}}