{"id":153,"date":"2015-10-29T15:24:12","date_gmt":"2015-10-29T14:24:12","guid":{"rendered":"http:\/\/mbtax.co.uk\/?page_id=153"},"modified":"2025-10-31T10:19:52","modified_gmt":"2025-10-31T09:19:52","slug":"zasilek-dla-niskozarabiajacych","status":"publish","type":"page","link":"https:\/\/mbtax.co.uk\/en\/uslugi-2\/benefity\/zasilek-dla-niskozarabiajacych\/","title":{"rendered":"Benefits for low earners:"},"content":{"rendered":"<h3 data-start=\"73\" data-end=\"121\"><\/h3>\n<p><strong data-start=\"123\" data-end=\"148\">Universal Credit (UC)<\/strong> is the main income support benefit in the UK. It is a means-tested benefit for people who are on a low income, or out of work.<br data-start=\"322\" data-end=\"325\" \/>This means that Universal Credit help to top up your earnings and even help cover living costs, dependant on your financial situation.<br data-start=\"467\" data-end=\"470\" \/>To qualify you must be aged over 18 but below state pension age, not have savings over <strong data-start=\"612\" data-end=\"623\">\u00a316,000<\/strong> \u00a316,000, and have household income low enough to qualify.<br data-start=\"715\" data-end=\"718\" \/>Details of the household\u2019s income, dependant children, and any disabilities \/ medical conditions you may have, and housing expenses must be provided in detail when applying.<\/p>\n<p><strong data-start=\"937\" data-end=\"955\">Pension Credit<\/strong> is a benefit for people who have reached State Pension age and whose income is below a certain threshold.<br data-start=\"1057\" data-end=\"1060\" \/>When you apply for Pension Credit your income is calculated. If you have a partner, your income is calculated together.<br data-start=\"1179\" data-end=\"1182\" \/>Pension Credit works as a top up, so that your weekly earnings meet a certain threshold. The threshold is different if we are single and if we have a partner.<\/p>","protected":false},"excerpt":{"rendered":"<p>Universal Credit (UC) to g\u0142\u00f3wne \u015bwiadczenie wspieraj\u0105ce dochody w Wielkiej Brytanii. Jest to zasi\u0142ek uzale\u017cniony od dochodu, przeznaczony dla os\u00f3b o niskich zarobkach lub pozostaj\u0105cych bez pracy.Oznacza to, \u017ce Universal Credit pomaga uzupe\u0142ni\u0107 Twoje dochody, a nawet pokry\u0107 koszty utrzymania \u2013 w zale\u017cno\u015bci od Twojej sytuacji finansowej.Aby si\u0119 zakwalifikowa\u0107, musisz mie\u0107 uko\u0144czone 18 lat, ale [&hellip;]<\/p>","protected":false},"author":2,"featured_media":0,"parent":63,"menu_order":4,"comment_status":"closed","ping_status":"closed","template":"page-submenu.php","meta":{"footnotes":""},"class_list":["post-153","page","type-page","status-publish","hentry"],"yoast_head":"<!-- This site is optimized with the Yoast SEO plugin v26.1.1 - https:\/\/yoast.com\/wordpress\/plugins\/seo\/ -->\n<title>Zasi\u0142ek dla niskozarabiaj\u0105cych - MB TAX ADVICE LTD<\/title>\n<meta name=\"robots\" content=\"index, follow, max-snippet:-1, max-image-preview:large, max-video-preview:-1\" \/>\n<link rel=\"canonical\" href=\"https:\/\/mbtax.co.uk\/en\/uslugi-2\/benefity\/zasilek-dla-niskozarabiajacych\/\" \/>\n<meta property=\"og:locale\" content=\"en_US\" \/>\n<meta property=\"og:type\" content=\"article\" \/>\n<meta property=\"og:title\" content=\"Zasi\u0142ek dla niskozarabiaj\u0105cych - MB TAX ADVICE LTD\" \/>\n<meta property=\"og:description\" content=\"Universal Credit (UC) to g\u0142\u00f3wne \u015bwiadczenie wspieraj\u0105ce dochody w Wielkiej Brytanii. Jest to zasi\u0142ek uzale\u017cniony od dochodu, przeznaczony dla os\u00f3b o niskich zarobkach lub pozostaj\u0105cych bez pracy.Oznacza to, \u017ce Universal Credit pomaga uzupe\u0142ni\u0107 Twoje dochody, a nawet pokry\u0107 koszty utrzymania \u2013 w zale\u017cno\u015bci od Twojej sytuacji finansowej.Aby si\u0119 zakwalifikowa\u0107, musisz mie\u0107 uko\u0144czone 18 lat, ale [&hellip;]\" \/>\n<meta property=\"og:url\" content=\"https:\/\/mbtax.co.uk\/en\/uslugi-2\/benefity\/zasilek-dla-niskozarabiajacych\/\" \/>\n<meta property=\"og:site_name\" content=\"MB TAX ADVICE LTD\" \/>\n<meta property=\"article:modified_time\" content=\"2025-10-31T09:19:52+00:00\" \/>\n<meta name=\"twitter:card\" content=\"summary_large_image\" \/>\n<meta name=\"twitter:label1\" content=\"Est. reading time\" \/>\n\t<meta name=\"twitter:data1\" content=\"1 minute\" \/>\n<script type=\"application\/ld+json\" class=\"yoast-schema-graph\">{\"@context\":\"https:\/\/schema.org\",\"@graph\":[{\"@type\":\"WebPage\",\"@id\":\"https:\/\/mbtax.co.uk\/en\/uslugi-2\/benefity\/zasilek-dla-niskozarabiajacych\/\",\"url\":\"https:\/\/mbtax.co.uk\/en\/uslugi-2\/benefity\/zasilek-dla-niskozarabiajacych\/\",\"name\":\"Zasi\u0142ek dla niskozarabiaj\u0105cych - MB TAX ADVICE LTD\",\"isPartOf\":{\"@id\":\"https:\/\/mbtax.co.uk\/#website\"},\"datePublished\":\"2015-10-29T14:24:12+00:00\",\"dateModified\":\"2025-10-31T09:19:52+00:00\",\"breadcrumb\":{\"@id\":\"https:\/\/mbtax.co.uk\/en\/uslugi-2\/benefity\/zasilek-dla-niskozarabiajacych\/#breadcrumb\"},\"inLanguage\":\"en-US\",\"potentialAction\":[{\"@type\":\"ReadAction\",\"target\":[\"https:\/\/mbtax.co.uk\/en\/uslugi-2\/benefity\/zasilek-dla-niskozarabiajacych\/\"]}]},{\"@type\":\"BreadcrumbList\",\"@id\":\"https:\/\/mbtax.co.uk\/en\/uslugi-2\/benefity\/zasilek-dla-niskozarabiajacych\/#breadcrumb\",\"itemListElement\":[{\"@type\":\"ListItem\",\"position\":1,\"name\":\"Strona g\u0142\u00f3wna\",\"item\":\"https:\/\/mbtax.co.uk\/\"},{\"@type\":\"ListItem\",\"position\":2,\"name\":\"Us\u0142ugi\",\"item\":\"https:\/\/mbtax.co.uk\/uslugi-2\/\"},{\"@type\":\"ListItem\",\"position\":3,\"name\":\"Benefity\",\"item\":\"https:\/\/mbtax.co.uk\/uslugi-2\/benefity\/\"},{\"@type\":\"ListItem\",\"position\":4,\"name\":\"Zasi\u0142ek dla niskozarabiaj\u0105cych\"}]},{\"@type\":\"WebSite\",\"@id\":\"https:\/\/mbtax.co.uk\/#website\",\"url\":\"https:\/\/mbtax.co.uk\/\",\"name\":\"MB TAX ADVICE LTD\",\"description\":\"Biuro ksi\u0119gowo\u015bci w Londynie\",\"potentialAction\":[{\"@type\":\"SearchAction\",\"target\":{\"@type\":\"EntryPoint\",\"urlTemplate\":\"https:\/\/mbtax.co.uk\/?s={search_term_string}\"},\"query-input\":{\"@type\":\"PropertyValueSpecification\",\"valueRequired\":true,\"valueName\":\"search_term_string\"}}],\"inLanguage\":\"en-US\"}]}<\/script>\n<!-- \/ Yoast SEO plugin. -->","yoast_head_json":{"title":"Zasi\u0142ek dla niskozarabiaj\u0105cych - MB TAX ADVICE LTD","robots":{"index":"index","follow":"follow","max-snippet":"max-snippet:-1","max-image-preview":"max-image-preview:large","max-video-preview":"max-video-preview:-1"},"canonical":"https:\/\/mbtax.co.uk\/en\/uslugi-2\/benefity\/zasilek-dla-niskozarabiajacych\/","og_locale":"en_US","og_type":"article","og_title":"Zasi\u0142ek dla niskozarabiaj\u0105cych - MB TAX ADVICE LTD","og_description":"Universal Credit (UC) to g\u0142\u00f3wne \u015bwiadczenie wspieraj\u0105ce dochody w Wielkiej Brytanii. Jest to zasi\u0142ek uzale\u017cniony od dochodu, przeznaczony dla os\u00f3b o niskich zarobkach lub pozostaj\u0105cych bez pracy.Oznacza to, \u017ce Universal Credit pomaga uzupe\u0142ni\u0107 Twoje dochody, a nawet pokry\u0107 koszty utrzymania \u2013 w zale\u017cno\u015bci od Twojej sytuacji finansowej.Aby si\u0119 zakwalifikowa\u0107, musisz mie\u0107 uko\u0144czone 18 lat, ale [&hellip;]","og_url":"https:\/\/mbtax.co.uk\/en\/uslugi-2\/benefity\/zasilek-dla-niskozarabiajacych\/","og_site_name":"MB TAX ADVICE LTD","article_modified_time":"2025-10-31T09:19:52+00:00","twitter_card":"summary_large_image","twitter_misc":{"Est. reading time":"1 minute"},"schema":{"@context":"https:\/\/schema.org","@graph":[{"@type":"WebPage","@id":"https:\/\/mbtax.co.uk\/en\/uslugi-2\/benefity\/zasilek-dla-niskozarabiajacych\/","url":"https:\/\/mbtax.co.uk\/en\/uslugi-2\/benefity\/zasilek-dla-niskozarabiajacych\/","name":"Zasi\u0142ek dla niskozarabiaj\u0105cych - MB TAX ADVICE LTD","isPartOf":{"@id":"https:\/\/mbtax.co.uk\/#website"},"datePublished":"2015-10-29T14:24:12+00:00","dateModified":"2025-10-31T09:19:52+00:00","breadcrumb":{"@id":"https:\/\/mbtax.co.uk\/en\/uslugi-2\/benefity\/zasilek-dla-niskozarabiajacych\/#breadcrumb"},"inLanguage":"en-US","potentialAction":[{"@type":"ReadAction","target":["https:\/\/mbtax.co.uk\/en\/uslugi-2\/benefity\/zasilek-dla-niskozarabiajacych\/"]}]},{"@type":"BreadcrumbList","@id":"https:\/\/mbtax.co.uk\/en\/uslugi-2\/benefity\/zasilek-dla-niskozarabiajacych\/#breadcrumb","itemListElement":[{"@type":"ListItem","position":1,"name":"Strona g\u0142\u00f3wna","item":"https:\/\/mbtax.co.uk\/"},{"@type":"ListItem","position":2,"name":"Us\u0142ugi","item":"https:\/\/mbtax.co.uk\/uslugi-2\/"},{"@type":"ListItem","position":3,"name":"Benefity","item":"https:\/\/mbtax.co.uk\/uslugi-2\/benefity\/"},{"@type":"ListItem","position":4,"name":"Zasi\u0142ek dla niskozarabiaj\u0105cych"}]},{"@type":"WebSite","@id":"https:\/\/mbtax.co.uk\/#website","url":"https:\/\/mbtax.co.uk\/","name":"MB TAX ADVICE LTD","description":"Biuro ksi\u0119gowo\u015bci w Londynie","potentialAction":[{"@type":"SearchAction","target":{"@type":"EntryPoint","urlTemplate":"https:\/\/mbtax.co.uk\/?s={search_term_string}"},"query-input":{"@type":"PropertyValueSpecification","valueRequired":true,"valueName":"search_term_string"}}],"inLanguage":"en-US"}]}},"_links":{"self":[{"href":"https:\/\/mbtax.co.uk\/en\/wp-json\/wp\/v2\/pages\/153","targetHints":{"allow":["GET"]}}],"collection":[{"href":"https:\/\/mbtax.co.uk\/en\/wp-json\/wp\/v2\/pages"}],"about":[{"href":"https:\/\/mbtax.co.uk\/en\/wp-json\/wp\/v2\/types\/page"}],"author":[{"embeddable":true,"href":"https:\/\/mbtax.co.uk\/en\/wp-json\/wp\/v2\/users\/2"}],"replies":[{"embeddable":true,"href":"https:\/\/mbtax.co.uk\/en\/wp-json\/wp\/v2\/comments?post=153"}],"version-history":[{"count":8,"href":"https:\/\/mbtax.co.uk\/en\/wp-json\/wp\/v2\/pages\/153\/revisions"}],"predecessor-version":[{"id":535,"href":"https:\/\/mbtax.co.uk\/en\/wp-json\/wp\/v2\/pages\/153\/revisions\/535"}],"up":[{"embeddable":true,"href":"https:\/\/mbtax.co.uk\/en\/wp-json\/wp\/v2\/pages\/63"}],"wp:attachment":[{"href":"https:\/\/mbtax.co.uk\/en\/wp-json\/wp\/v2\/media?parent=153"}],"curies":[{"name":"wp","href":"https:\/\/api.w.org\/{rel}","templated":true}]}}