{"id":162,"date":"2015-10-29T15:42:49","date_gmt":"2015-10-29T14:42:49","guid":{"rendered":"http:\/\/mbtax.co.uk\/?page_id=162"},"modified":"2025-10-31T10:22:16","modified_gmt":"2025-10-31T09:22:16","slug":"dofinansowanie-do-mieszkania","status":"publish","type":"page","link":"https:\/\/mbtax.co.uk\/en\/uslugi-2\/benefity\/dofinansowanie-do-mieszkania\/","title":{"rendered":"Benefits for disability \/ illness"},"content":{"rendered":"<p data-start=\"142\" data-end=\"499\"><strong data-start=\"142\" data-end=\"181\">Personal Independence Payment (PIP)<\/strong> Personal Independence Payment (PIP) helps with extra living costs if you have a long-term disability or health condition and are aged between 16 and state pension age.<br data-start=\"334\" data-end=\"337\" \/>PIP pay more attention to, <strong data-start=\"373\" data-end=\"452\">how the disability \/ health condition impact your day-to-day life,<\/strong>not what the disability \/ health condition is.<\/p>\n<p data-start=\"501\" data-end=\"808\"><strong data-start=\"501\" data-end=\"525\">Attendance Allowance<\/strong> with extra costs if you have a disability and are of State Pension age or over.<br data-start=\"659\" data-end=\"662\" \/>It works similarly to PIP as they look at how your day-to-day life <strong data-start=\"722\" data-end=\"805\">is impacted by your disability \/ health condition(s).<\/strong>.<\/p>\n<p data-start=\"810\" data-end=\"1105\"><strong data-start=\"810\" data-end=\"847\">Disability Living Allowance (DLA)<\/strong> helps with extra living costs if you have a long-term disability or health condition and are aged under 16.<br data-start=\"980\" data-end=\"983\" \/>How much DLA you get depends on, <strong data-start=\"1024\" data-end=\"1102\">how your disability or health condition affect you.<\/strong>.<\/p>\n<p data-start=\"1107\" data-end=\"1394\"><strong data-start=\"1107\" data-end=\"1128\">Carer\u2019s Allowance<\/strong> is financial support for people who take care of someone who has a disability \/ health condition and currently receive a benefit tied to this such as PIP, Attendance Allowance or DLA.<br data-start=\"1292\" data-end=\"1295\" \/>You must be taking care of this person <strong data-start=\"1355\" data-end=\"1391\">at least 35 hours per week<\/strong>.<\/p>","protected":false},"excerpt":{"rendered":"<p>Personal Independence Payment (PIP) \u2013 pomaga w pokryciu dodatkowych koszt\u00f3w \u017cycia, je\u015bli masz d\u0142ugotrwa\u0142\u0105 niepe\u0142nosprawno\u015b\u0107 lub schorzenie i jeste\u015b w wieku od 16 lat do wieku emerytalnego.PIP koncentruje si\u0119 g\u0142\u00f3wnie na tym, w jaki spos\u00f3b Twoja niepe\u0142nosprawno\u015b\u0107 lub choroba wp\u0142ywa na codzienne \u017cycie, a nie na tym, jaka dok\u0142adnie jest diagnoza. Attendance Allowance \u2013 to [&hellip;]<\/p>","protected":false},"author":2,"featured_media":0,"parent":63,"menu_order":5,"comment_status":"closed","ping_status":"closed","template":"page-submenu.php","meta":{"footnotes":""},"class_list":["post-162","page","type-page","status-publish","hentry"],"yoast_head":"<!-- This site is optimized with the Yoast SEO plugin v26.1.1 - https:\/\/yoast.com\/wordpress\/plugins\/seo\/ -->\n<title>\u015awiadczenia dla os\u00f3b z niepe\u0142nosprawno\u015bciami, chorobami i opiekun\u00f3w - MB TAX ADVICE LTD<\/title>\n<meta name=\"robots\" content=\"index, follow, max-snippet:-1, max-image-preview:large, max-video-preview:-1\" \/>\n<link rel=\"canonical\" href=\"https:\/\/mbtax.co.uk\/en\/uslugi-2\/benefity\/dofinansowanie-do-mieszkania\/\" \/>\n<meta property=\"og:locale\" content=\"en_US\" \/>\n<meta property=\"og:type\" content=\"article\" \/>\n<meta property=\"og:title\" content=\"\u015awiadczenia dla os\u00f3b z niepe\u0142nosprawno\u015bciami, chorobami i opiekun\u00f3w - MB TAX ADVICE LTD\" \/>\n<meta property=\"og:description\" content=\"Personal Independence Payment (PIP) \u2013 pomaga w pokryciu dodatkowych koszt\u00f3w \u017cycia, je\u015bli masz d\u0142ugotrwa\u0142\u0105 niepe\u0142nosprawno\u015b\u0107 lub schorzenie i jeste\u015b w wieku od 16 lat do wieku emerytalnego.PIP koncentruje si\u0119 g\u0142\u00f3wnie na tym, w jaki spos\u00f3b Twoja niepe\u0142nosprawno\u015b\u0107 lub choroba wp\u0142ywa na codzienne \u017cycie, a nie na tym, jaka dok\u0142adnie jest diagnoza. Attendance Allowance \u2013 to [&hellip;]\" \/>\n<meta property=\"og:url\" content=\"https:\/\/mbtax.co.uk\/en\/uslugi-2\/benefity\/dofinansowanie-do-mieszkania\/\" \/>\n<meta property=\"og:site_name\" content=\"MB TAX ADVICE LTD\" \/>\n<meta property=\"article:modified_time\" content=\"2025-10-31T09:22:16+00:00\" \/>\n<meta name=\"twitter:card\" content=\"summary_large_image\" \/>\n<meta name=\"twitter:label1\" content=\"Est. reading time\" \/>\n\t<meta name=\"twitter:data1\" content=\"1 minute\" \/>\n<script type=\"application\/ld+json\" class=\"yoast-schema-graph\">{\"@context\":\"https:\/\/schema.org\",\"@graph\":[{\"@type\":\"WebPage\",\"@id\":\"https:\/\/mbtax.co.uk\/en\/uslugi-2\/benefity\/dofinansowanie-do-mieszkania\/\",\"url\":\"https:\/\/mbtax.co.uk\/en\/uslugi-2\/benefity\/dofinansowanie-do-mieszkania\/\",\"name\":\"\u015awiadczenia dla os\u00f3b z niepe\u0142nosprawno\u015bciami, chorobami i opiekun\u00f3w - MB TAX ADVICE LTD\",\"isPartOf\":{\"@id\":\"https:\/\/mbtax.co.uk\/#website\"},\"datePublished\":\"2015-10-29T14:42:49+00:00\",\"dateModified\":\"2025-10-31T09:22:16+00:00\",\"breadcrumb\":{\"@id\":\"https:\/\/mbtax.co.uk\/en\/uslugi-2\/benefity\/dofinansowanie-do-mieszkania\/#breadcrumb\"},\"inLanguage\":\"en-US\",\"potentialAction\":[{\"@type\":\"ReadAction\",\"target\":[\"https:\/\/mbtax.co.uk\/en\/uslugi-2\/benefity\/dofinansowanie-do-mieszkania\/\"]}]},{\"@type\":\"BreadcrumbList\",\"@id\":\"https:\/\/mbtax.co.uk\/en\/uslugi-2\/benefity\/dofinansowanie-do-mieszkania\/#breadcrumb\",\"itemListElement\":[{\"@type\":\"ListItem\",\"position\":1,\"name\":\"Strona g\u0142\u00f3wna\",\"item\":\"https:\/\/mbtax.co.uk\/\"},{\"@type\":\"ListItem\",\"position\":2,\"name\":\"Us\u0142ugi\",\"item\":\"https:\/\/mbtax.co.uk\/uslugi-2\/\"},{\"@type\":\"ListItem\",\"position\":3,\"name\":\"Benefity\",\"item\":\"https:\/\/mbtax.co.uk\/uslugi-2\/benefity\/\"},{\"@type\":\"ListItem\",\"position\":4,\"name\":\"\u015awiadczenia dla os\u00f3b z niepe\u0142nosprawno\u015bciami, chorobami i opiekun\u00f3w\"}]},{\"@type\":\"WebSite\",\"@id\":\"https:\/\/mbtax.co.uk\/#website\",\"url\":\"https:\/\/mbtax.co.uk\/\",\"name\":\"MB TAX ADVICE LTD\",\"description\":\"Biuro ksi\u0119gowo\u015bci w Londynie\",\"potentialAction\":[{\"@type\":\"SearchAction\",\"target\":{\"@type\":\"EntryPoint\",\"urlTemplate\":\"https:\/\/mbtax.co.uk\/?s={search_term_string}\"},\"query-input\":{\"@type\":\"PropertyValueSpecification\",\"valueRequired\":true,\"valueName\":\"search_term_string\"}}],\"inLanguage\":\"en-US\"}]}<\/script>\n<!-- \/ Yoast SEO plugin. -->","yoast_head_json":{"title":"\u015awiadczenia dla os\u00f3b z niepe\u0142nosprawno\u015bciami, chorobami i opiekun\u00f3w - MB TAX ADVICE LTD","robots":{"index":"index","follow":"follow","max-snippet":"max-snippet:-1","max-image-preview":"max-image-preview:large","max-video-preview":"max-video-preview:-1"},"canonical":"https:\/\/mbtax.co.uk\/en\/uslugi-2\/benefity\/dofinansowanie-do-mieszkania\/","og_locale":"en_US","og_type":"article","og_title":"\u015awiadczenia dla os\u00f3b z niepe\u0142nosprawno\u015bciami, chorobami i opiekun\u00f3w - MB TAX ADVICE LTD","og_description":"Personal Independence Payment (PIP) \u2013 pomaga w pokryciu dodatkowych koszt\u00f3w \u017cycia, je\u015bli masz d\u0142ugotrwa\u0142\u0105 niepe\u0142nosprawno\u015b\u0107 lub schorzenie i jeste\u015b w wieku od 16 lat do wieku emerytalnego.PIP koncentruje si\u0119 g\u0142\u00f3wnie na tym, w jaki spos\u00f3b Twoja niepe\u0142nosprawno\u015b\u0107 lub choroba wp\u0142ywa na codzienne \u017cycie, a nie na tym, jaka dok\u0142adnie jest diagnoza. Attendance Allowance \u2013 to [&hellip;]","og_url":"https:\/\/mbtax.co.uk\/en\/uslugi-2\/benefity\/dofinansowanie-do-mieszkania\/","og_site_name":"MB TAX ADVICE LTD","article_modified_time":"2025-10-31T09:22:16+00:00","twitter_card":"summary_large_image","twitter_misc":{"Est. reading time":"1 minute"},"schema":{"@context":"https:\/\/schema.org","@graph":[{"@type":"WebPage","@id":"https:\/\/mbtax.co.uk\/en\/uslugi-2\/benefity\/dofinansowanie-do-mieszkania\/","url":"https:\/\/mbtax.co.uk\/en\/uslugi-2\/benefity\/dofinansowanie-do-mieszkania\/","name":"\u015awiadczenia dla os\u00f3b z niepe\u0142nosprawno\u015bciami, chorobami i opiekun\u00f3w - MB TAX ADVICE LTD","isPartOf":{"@id":"https:\/\/mbtax.co.uk\/#website"},"datePublished":"2015-10-29T14:42:49+00:00","dateModified":"2025-10-31T09:22:16+00:00","breadcrumb":{"@id":"https:\/\/mbtax.co.uk\/en\/uslugi-2\/benefity\/dofinansowanie-do-mieszkania\/#breadcrumb"},"inLanguage":"en-US","potentialAction":[{"@type":"ReadAction","target":["https:\/\/mbtax.co.uk\/en\/uslugi-2\/benefity\/dofinansowanie-do-mieszkania\/"]}]},{"@type":"BreadcrumbList","@id":"https:\/\/mbtax.co.uk\/en\/uslugi-2\/benefity\/dofinansowanie-do-mieszkania\/#breadcrumb","itemListElement":[{"@type":"ListItem","position":1,"name":"Strona g\u0142\u00f3wna","item":"https:\/\/mbtax.co.uk\/"},{"@type":"ListItem","position":2,"name":"Us\u0142ugi","item":"https:\/\/mbtax.co.uk\/uslugi-2\/"},{"@type":"ListItem","position":3,"name":"Benefity","item":"https:\/\/mbtax.co.uk\/uslugi-2\/benefity\/"},{"@type":"ListItem","position":4,"name":"\u015awiadczenia dla os\u00f3b z niepe\u0142nosprawno\u015bciami, chorobami i opiekun\u00f3w"}]},{"@type":"WebSite","@id":"https:\/\/mbtax.co.uk\/#website","url":"https:\/\/mbtax.co.uk\/","name":"MB TAX ADVICE LTD","description":"Biuro ksi\u0119gowo\u015bci w Londynie","potentialAction":[{"@type":"SearchAction","target":{"@type":"EntryPoint","urlTemplate":"https:\/\/mbtax.co.uk\/?s={search_term_string}"},"query-input":{"@type":"PropertyValueSpecification","valueRequired":true,"valueName":"search_term_string"}}],"inLanguage":"en-US"}]}},"_links":{"self":[{"href":"https:\/\/mbtax.co.uk\/en\/wp-json\/wp\/v2\/pages\/162","targetHints":{"allow":["GET"]}}],"collection":[{"href":"https:\/\/mbtax.co.uk\/en\/wp-json\/wp\/v2\/pages"}],"about":[{"href":"https:\/\/mbtax.co.uk\/en\/wp-json\/wp\/v2\/types\/page"}],"author":[{"embeddable":true,"href":"https:\/\/mbtax.co.uk\/en\/wp-json\/wp\/v2\/users\/2"}],"replies":[{"embeddable":true,"href":"https:\/\/mbtax.co.uk\/en\/wp-json\/wp\/v2\/comments?post=162"}],"version-history":[{"count":4,"href":"https:\/\/mbtax.co.uk\/en\/wp-json\/wp\/v2\/pages\/162\/revisions"}],"predecessor-version":[{"id":537,"href":"https:\/\/mbtax.co.uk\/en\/wp-json\/wp\/v2\/pages\/162\/revisions\/537"}],"up":[{"embeddable":true,"href":"https:\/\/mbtax.co.uk\/en\/wp-json\/wp\/v2\/pages\/63"}],"wp:attachment":[{"href":"https:\/\/mbtax.co.uk\/en\/wp-json\/wp\/v2\/media?parent=162"}],"curies":[{"name":"wp","href":"https:\/\/api.w.org\/{rel}","templated":true}]}}