{"id":169,"date":"2015-10-29T15:51:11","date_gmt":"2015-10-29T14:51:11","guid":{"rendered":"http:\/\/mbtax.co.uk\/?page_id=169"},"modified":"2015-11-09T20:26:51","modified_gmt":"2015-11-09T19:26:51","slug":"rejestracja-firm","status":"publish","type":"page","link":"https:\/\/mbtax.co.uk\/en\/firma-z-ograniczona-odpowiedzialnoscia\/rejestracja-firm\/","title":{"rendered":"Company registration"},"content":{"rendered":"<p><strong>Registering a business is, after choosing its nature, the first and most important duty of every new entrepreneur.\u00a0<\/strong>British Limited companies, often abbreviated as Ltd, are businesses where the financial liability of the entity is limited to a predetermined amount.<\/p>\n<p>A Limited company can be established by any UK resident, not necessarily a British citizen or permanent resident.\n\nAn Ltd business is regulated by Companies House (the official company registration authority) and His Majesty\u2019s Revenue &amp; Customs (HMRC), the UK tax office.\n\nEvery Ltd company must have a director (the requirement to appoint a company secretary was abolished in 2009), who is considered an employee of the company.<\/p>\n<p>&nbsp;<\/p>\n<p>All the above formalities, as well as any individual matters that may arise during a consultation with our tax expert \u2014 can be handled at the MB TAX ADVICE LTD office, located at 162D High Street, Hounslow, TW3 1BQ.\n\nYou\u2019ll also receive answers to any questions you may have, including those regarding tax refunds in the UK.\n\nSo, valuing your time and money, book an appointment today.<\/p>\n<p>&nbsp;<\/p>\n<p><strong>Limited company accounting:<\/strong><\/p>\n<ul>\n<li>Company registration<\/li>\n<li>accounts<\/li>\n<li>annual return<\/li>\n<li>Vat registration<\/li>\n<li>Vat return<\/li>\n<li>payroll<\/li>\n<li>subcontractor statments<\/li>\n<li>invoicing<\/li>\n<\/ul>","protected":false},"excerpt":{"rendered":"<p>Zarejestrowanie dzia\u0142alno\u015bci to po wyborze jej charakteru pierwszy w kolejno\u015bci i najwa\u017cniejszy na pocz\u0105tku obowi\u0105zek przedsi\u0119biorcy.\u00a0Brytyjskie firmy typu Limited, oznaczane cz\u0119sto skr\u00f3tem Ltd s\u0105 odpowiednikiem znanych znad Wis\u0142y sp\u00f3\u0142ek z ograniczon\u0105 odpowiedzialno\u015bci\u0105 (sp. z o. o.), gdzie zakres finansowej odpowiedzialno\u015bci podmiotu zamyka si\u0119 w z g\u00f3ry ustalonej sumie. Firm\u0119 Limited mo\u017ce za\u0142o\u017cy\u0107 ka\u017cdy mieszkaniec Wielkiej [&hellip;]<\/p>","protected":false},"author":2,"featured_media":0,"parent":166,"menu_order":1,"comment_status":"closed","ping_status":"closed","template":"page-submenu.php","meta":{"footnotes":""},"class_list":["post-169","page","type-page","status-publish","hentry"],"yoast_head":"<!-- This site is optimized with the Yoast SEO plugin v26.1.1 - https:\/\/yoast.com\/wordpress\/plugins\/seo\/ -->\n<title>Rejestracja firm - MB TAX ADVICE LTD<\/title>\n<meta name=\"robots\" content=\"index, follow, max-snippet:-1, max-image-preview:large, max-video-preview:-1\" \/>\n<link rel=\"canonical\" href=\"https:\/\/mbtax.co.uk\/en\/firma-z-ograniczona-odpowiedzialnoscia\/rejestracja-firm\/\" \/>\n<meta property=\"og:locale\" content=\"en_US\" \/>\n<meta property=\"og:type\" content=\"article\" \/>\n<meta property=\"og:title\" content=\"Rejestracja firm - MB TAX ADVICE LTD\" \/>\n<meta property=\"og:description\" content=\"Zarejestrowanie dzia\u0142alno\u015bci to po wyborze jej charakteru pierwszy w kolejno\u015bci i najwa\u017cniejszy na pocz\u0105tku obowi\u0105zek przedsi\u0119biorcy.\u00a0Brytyjskie firmy typu Limited, oznaczane cz\u0119sto skr\u00f3tem Ltd s\u0105 odpowiednikiem znanych znad Wis\u0142y sp\u00f3\u0142ek z ograniczon\u0105 odpowiedzialno\u015bci\u0105 (sp. z o. o.), gdzie zakres finansowej odpowiedzialno\u015bci podmiotu zamyka si\u0119 w z g\u00f3ry ustalonej sumie. Firm\u0119 Limited mo\u017ce za\u0142o\u017cy\u0107 ka\u017cdy mieszkaniec Wielkiej [&hellip;]\" \/>\n<meta property=\"og:url\" content=\"https:\/\/mbtax.co.uk\/en\/firma-z-ograniczona-odpowiedzialnoscia\/rejestracja-firm\/\" \/>\n<meta property=\"og:site_name\" content=\"MB TAX ADVICE LTD\" \/>\n<meta property=\"article:modified_time\" content=\"2015-11-09T19:26:51+00:00\" \/>\n<meta name=\"twitter:card\" content=\"summary_large_image\" \/>\n<meta name=\"twitter:label1\" content=\"Est. reading time\" \/>\n\t<meta name=\"twitter:data1\" content=\"1 minute\" \/>\n<script type=\"application\/ld+json\" class=\"yoast-schema-graph\">{\"@context\":\"https:\/\/schema.org\",\"@graph\":[{\"@type\":\"WebPage\",\"@id\":\"https:\/\/mbtax.co.uk\/en\/firma-z-ograniczona-odpowiedzialnoscia\/rejestracja-firm\/\",\"url\":\"https:\/\/mbtax.co.uk\/en\/firma-z-ograniczona-odpowiedzialnoscia\/rejestracja-firm\/\",\"name\":\"Rejestracja firm - MB TAX ADVICE LTD\",\"isPartOf\":{\"@id\":\"https:\/\/mbtax.co.uk\/#website\"},\"datePublished\":\"2015-10-29T14:51:11+00:00\",\"dateModified\":\"2015-11-09T19:26:51+00:00\",\"breadcrumb\":{\"@id\":\"https:\/\/mbtax.co.uk\/en\/firma-z-ograniczona-odpowiedzialnoscia\/rejestracja-firm\/#breadcrumb\"},\"inLanguage\":\"en-US\",\"potentialAction\":[{\"@type\":\"ReadAction\",\"target\":[\"https:\/\/mbtax.co.uk\/en\/firma-z-ograniczona-odpowiedzialnoscia\/rejestracja-firm\/\"]}]},{\"@type\":\"BreadcrumbList\",\"@id\":\"https:\/\/mbtax.co.uk\/en\/firma-z-ograniczona-odpowiedzialnoscia\/rejestracja-firm\/#breadcrumb\",\"itemListElement\":[{\"@type\":\"ListItem\",\"position\":1,\"name\":\"Strona g\u0142\u00f3wna\",\"item\":\"https:\/\/mbtax.co.uk\/\"},{\"@type\":\"ListItem\",\"position\":2,\"name\":\"Firma z ograniczon\u0105 odpowiedzialno\u015bci\u0105\",\"item\":\"https:\/\/mbtax.co.uk\/firma-z-ograniczona-odpowiedzialnoscia\/\"},{\"@type\":\"ListItem\",\"position\":3,\"name\":\"Rejestracja firm\"}]},{\"@type\":\"WebSite\",\"@id\":\"https:\/\/mbtax.co.uk\/#website\",\"url\":\"https:\/\/mbtax.co.uk\/\",\"name\":\"MB TAX ADVICE LTD\",\"description\":\"Biuro ksi\u0119gowo\u015bci w Londynie\",\"potentialAction\":[{\"@type\":\"SearchAction\",\"target\":{\"@type\":\"EntryPoint\",\"urlTemplate\":\"https:\/\/mbtax.co.uk\/?s={search_term_string}\"},\"query-input\":{\"@type\":\"PropertyValueSpecification\",\"valueRequired\":true,\"valueName\":\"search_term_string\"}}],\"inLanguage\":\"en-US\"}]}<\/script>\n<!-- \/ Yoast SEO plugin. -->","yoast_head_json":{"title":"Rejestracja firm - MB TAX ADVICE LTD","robots":{"index":"index","follow":"follow","max-snippet":"max-snippet:-1","max-image-preview":"max-image-preview:large","max-video-preview":"max-video-preview:-1"},"canonical":"https:\/\/mbtax.co.uk\/en\/firma-z-ograniczona-odpowiedzialnoscia\/rejestracja-firm\/","og_locale":"en_US","og_type":"article","og_title":"Rejestracja firm - MB TAX ADVICE LTD","og_description":"Zarejestrowanie dzia\u0142alno\u015bci to po wyborze jej charakteru pierwszy w kolejno\u015bci i najwa\u017cniejszy na pocz\u0105tku obowi\u0105zek przedsi\u0119biorcy.\u00a0Brytyjskie firmy typu Limited, oznaczane cz\u0119sto skr\u00f3tem Ltd s\u0105 odpowiednikiem znanych znad Wis\u0142y sp\u00f3\u0142ek z ograniczon\u0105 odpowiedzialno\u015bci\u0105 (sp. z o. o.), gdzie zakres finansowej odpowiedzialno\u015bci podmiotu zamyka si\u0119 w z g\u00f3ry ustalonej sumie. Firm\u0119 Limited mo\u017ce za\u0142o\u017cy\u0107 ka\u017cdy mieszkaniec Wielkiej [&hellip;]","og_url":"https:\/\/mbtax.co.uk\/en\/firma-z-ograniczona-odpowiedzialnoscia\/rejestracja-firm\/","og_site_name":"MB TAX ADVICE LTD","article_modified_time":"2015-11-09T19:26:51+00:00","twitter_card":"summary_large_image","twitter_misc":{"Est. reading time":"1 minute"},"schema":{"@context":"https:\/\/schema.org","@graph":[{"@type":"WebPage","@id":"https:\/\/mbtax.co.uk\/en\/firma-z-ograniczona-odpowiedzialnoscia\/rejestracja-firm\/","url":"https:\/\/mbtax.co.uk\/en\/firma-z-ograniczona-odpowiedzialnoscia\/rejestracja-firm\/","name":"Rejestracja firm - MB TAX ADVICE LTD","isPartOf":{"@id":"https:\/\/mbtax.co.uk\/#website"},"datePublished":"2015-10-29T14:51:11+00:00","dateModified":"2015-11-09T19:26:51+00:00","breadcrumb":{"@id":"https:\/\/mbtax.co.uk\/en\/firma-z-ograniczona-odpowiedzialnoscia\/rejestracja-firm\/#breadcrumb"},"inLanguage":"en-US","potentialAction":[{"@type":"ReadAction","target":["https:\/\/mbtax.co.uk\/en\/firma-z-ograniczona-odpowiedzialnoscia\/rejestracja-firm\/"]}]},{"@type":"BreadcrumbList","@id":"https:\/\/mbtax.co.uk\/en\/firma-z-ograniczona-odpowiedzialnoscia\/rejestracja-firm\/#breadcrumb","itemListElement":[{"@type":"ListItem","position":1,"name":"Strona g\u0142\u00f3wna","item":"https:\/\/mbtax.co.uk\/"},{"@type":"ListItem","position":2,"name":"Firma z ograniczon\u0105 odpowiedzialno\u015bci\u0105","item":"https:\/\/mbtax.co.uk\/firma-z-ograniczona-odpowiedzialnoscia\/"},{"@type":"ListItem","position":3,"name":"Rejestracja firm"}]},{"@type":"WebSite","@id":"https:\/\/mbtax.co.uk\/#website","url":"https:\/\/mbtax.co.uk\/","name":"MB TAX ADVICE LTD","description":"Biuro ksi\u0119gowo\u015bci w Londynie","potentialAction":[{"@type":"SearchAction","target":{"@type":"EntryPoint","urlTemplate":"https:\/\/mbtax.co.uk\/?s={search_term_string}"},"query-input":{"@type":"PropertyValueSpecification","valueRequired":true,"valueName":"search_term_string"}}],"inLanguage":"en-US"}]}},"_links":{"self":[{"href":"https:\/\/mbtax.co.uk\/en\/wp-json\/wp\/v2\/pages\/169","targetHints":{"allow":["GET"]}}],"collection":[{"href":"https:\/\/mbtax.co.uk\/en\/wp-json\/wp\/v2\/pages"}],"about":[{"href":"https:\/\/mbtax.co.uk\/en\/wp-json\/wp\/v2\/types\/page"}],"author":[{"embeddable":true,"href":"https:\/\/mbtax.co.uk\/en\/wp-json\/wp\/v2\/users\/2"}],"replies":[{"embeddable":true,"href":"https:\/\/mbtax.co.uk\/en\/wp-json\/wp\/v2\/comments?post=169"}],"version-history":[{"count":5,"href":"https:\/\/mbtax.co.uk\/en\/wp-json\/wp\/v2\/pages\/169\/revisions"}],"predecessor-version":[{"id":459,"href":"https:\/\/mbtax.co.uk\/en\/wp-json\/wp\/v2\/pages\/169\/revisions\/459"}],"up":[{"embeddable":true,"href":"https:\/\/mbtax.co.uk\/en\/wp-json\/wp\/v2\/pages\/166"}],"wp:attachment":[{"href":"https:\/\/mbtax.co.uk\/en\/wp-json\/wp\/v2\/media?parent=169"}],"curies":[{"name":"wp","href":"https:\/\/api.w.org\/{rel}","templated":true}]}}