{"id":175,"date":"2015-10-29T16:02:14","date_gmt":"2015-10-29T15:02:14","guid":{"rendered":"http:\/\/mbtax.co.uk\/?page_id=175"},"modified":"2015-11-09T14:59:37","modified_gmt":"2015-11-09T13:59:37","slug":"zeastawienie-kosztow-i-przychodow","status":"publish","type":"page","link":"https:\/\/mbtax.co.uk\/en\/firma-z-ograniczona-odpowiedzialnoscia\/zeastawienie-kosztow-i-przychodow\/","title":{"rendered":"Statement of income and expenses"},"content":{"rendered":"<p><strong>Business tax in the UK \u2013 Corporation Tax<\/strong><\/p>\n<p>Registering a business is only the beginning. Limited companies are legally required to maintain proper accounting records.\n\nThe London accounting office of Monika Sharma specialises in corporate tax advisory services and handles accounting for dozens of limited companies across the United Kingdom.<\/p>\n<p>&nbsp;<\/p>\n<p><strong>A detailed, individualized statement of income and expenses, along with tax optimization including UK tax refunds  are the main advantages of using MB TAX ADVICE services.<\/strong> At present, the UK tax authorities are very meticulous in verifying the accuracy of submitted documents and companies\u2019 profit and loss statements.\n\nWith our office, you will receive the most professional, cost-effective, and secure service, verified by the UK tax calculator, for managing the full accounting of Limited companies.<br \/>\nExperienced accounting experts are already waiting to speak with you and review your first documents so they can get started right away. Call or write to us today.<\/p>","protected":false},"excerpt":{"rendered":"<p>Podatek od firm w UK \u2013 Corporation Tax Rejestracja dzia\u0142alno\u015bci gospodarczej to nie wszystko. Firmy typu Limited s\u0105 prawnie zobowi\u0105zane do prowadzenia ewidencji ksi\u0119gowej. Biuro ksi\u0119gowe Londyn Moniki Sharmy specjalizuje si\u0119 w korporacyjnym doradztwie podatkowym i rozlicza dziesi\u0105tki sp\u00f3\u0142ek z o. o. na terenie Wielkiej Brytanii. &nbsp; Dok\u0142adne zindywidualizowane zestawienie przychod\u00f3w i koszt\u00f3w oraz optymalizacja [&hellip;]<\/p>","protected":false},"author":2,"featured_media":0,"parent":166,"menu_order":2,"comment_status":"closed","ping_status":"closed","template":"page-submenu.php","meta":{"footnotes":""},"class_list":["post-175","page","type-page","status-publish","hentry"],"yoast_head":"<!-- This site is optimized with the Yoast SEO plugin v26.1.1 - https:\/\/yoast.com\/wordpress\/plugins\/seo\/ -->\n<title>Zeastawienie koszt\u00f3w i przychod\u00f3w - MB TAX ADVICE LTD<\/title>\n<meta name=\"robots\" content=\"index, follow, max-snippet:-1, max-image-preview:large, max-video-preview:-1\" \/>\n<link rel=\"canonical\" href=\"https:\/\/mbtax.co.uk\/en\/firma-z-ograniczona-odpowiedzialnoscia\/zeastawienie-kosztow-i-przychodow\/\" \/>\n<meta property=\"og:locale\" content=\"en_US\" \/>\n<meta property=\"og:type\" content=\"article\" \/>\n<meta property=\"og:title\" content=\"Zeastawienie koszt\u00f3w i przychod\u00f3w - MB TAX ADVICE LTD\" \/>\n<meta property=\"og:description\" content=\"Podatek od firm w UK \u2013 Corporation Tax Rejestracja dzia\u0142alno\u015bci gospodarczej to nie wszystko. Firmy typu Limited s\u0105 prawnie zobowi\u0105zane do prowadzenia ewidencji ksi\u0119gowej. Biuro ksi\u0119gowe Londyn Moniki Sharmy specjalizuje si\u0119 w korporacyjnym doradztwie podatkowym i rozlicza dziesi\u0105tki sp\u00f3\u0142ek z o. o. na terenie Wielkiej Brytanii. &nbsp; Dok\u0142adne zindywidualizowane zestawienie przychod\u00f3w i koszt\u00f3w oraz optymalizacja [&hellip;]\" \/>\n<meta property=\"og:url\" content=\"https:\/\/mbtax.co.uk\/en\/firma-z-ograniczona-odpowiedzialnoscia\/zeastawienie-kosztow-i-przychodow\/\" \/>\n<meta property=\"og:site_name\" content=\"MB TAX ADVICE LTD\" \/>\n<meta property=\"article:modified_time\" content=\"2015-11-09T13:59:37+00:00\" \/>\n<meta name=\"twitter:card\" content=\"summary_large_image\" \/>\n<meta name=\"twitter:label1\" content=\"Est. reading time\" \/>\n\t<meta name=\"twitter:data1\" content=\"1 minute\" \/>\n<script type=\"application\/ld+json\" class=\"yoast-schema-graph\">{\"@context\":\"https:\/\/schema.org\",\"@graph\":[{\"@type\":\"WebPage\",\"@id\":\"https:\/\/mbtax.co.uk\/en\/firma-z-ograniczona-odpowiedzialnoscia\/zeastawienie-kosztow-i-przychodow\/\",\"url\":\"https:\/\/mbtax.co.uk\/en\/firma-z-ograniczona-odpowiedzialnoscia\/zeastawienie-kosztow-i-przychodow\/\",\"name\":\"Zeastawienie koszt\u00f3w i przychod\u00f3w - MB TAX ADVICE LTD\",\"isPartOf\":{\"@id\":\"https:\/\/mbtax.co.uk\/#website\"},\"datePublished\":\"2015-10-29T15:02:14+00:00\",\"dateModified\":\"2015-11-09T13:59:37+00:00\",\"breadcrumb\":{\"@id\":\"https:\/\/mbtax.co.uk\/en\/firma-z-ograniczona-odpowiedzialnoscia\/zeastawienie-kosztow-i-przychodow\/#breadcrumb\"},\"inLanguage\":\"en-US\",\"potentialAction\":[{\"@type\":\"ReadAction\",\"target\":[\"https:\/\/mbtax.co.uk\/en\/firma-z-ograniczona-odpowiedzialnoscia\/zeastawienie-kosztow-i-przychodow\/\"]}]},{\"@type\":\"BreadcrumbList\",\"@id\":\"https:\/\/mbtax.co.uk\/en\/firma-z-ograniczona-odpowiedzialnoscia\/zeastawienie-kosztow-i-przychodow\/#breadcrumb\",\"itemListElement\":[{\"@type\":\"ListItem\",\"position\":1,\"name\":\"Strona g\u0142\u00f3wna\",\"item\":\"https:\/\/mbtax.co.uk\/\"},{\"@type\":\"ListItem\",\"position\":2,\"name\":\"Firma z ograniczon\u0105 odpowiedzialno\u015bci\u0105\",\"item\":\"https:\/\/mbtax.co.uk\/firma-z-ograniczona-odpowiedzialnoscia\/\"},{\"@type\":\"ListItem\",\"position\":3,\"name\":\"Zeastawienie koszt\u00f3w i przychod\u00f3w\"}]},{\"@type\":\"WebSite\",\"@id\":\"https:\/\/mbtax.co.uk\/#website\",\"url\":\"https:\/\/mbtax.co.uk\/\",\"name\":\"MB TAX ADVICE LTD\",\"description\":\"Biuro ksi\u0119gowo\u015bci w Londynie\",\"potentialAction\":[{\"@type\":\"SearchAction\",\"target\":{\"@type\":\"EntryPoint\",\"urlTemplate\":\"https:\/\/mbtax.co.uk\/?s={search_term_string}\"},\"query-input\":{\"@type\":\"PropertyValueSpecification\",\"valueRequired\":true,\"valueName\":\"search_term_string\"}}],\"inLanguage\":\"en-US\"}]}<\/script>\n<!-- \/ Yoast SEO plugin. -->","yoast_head_json":{"title":"Zeastawienie koszt\u00f3w i przychod\u00f3w - MB TAX ADVICE LTD","robots":{"index":"index","follow":"follow","max-snippet":"max-snippet:-1","max-image-preview":"max-image-preview:large","max-video-preview":"max-video-preview:-1"},"canonical":"https:\/\/mbtax.co.uk\/en\/firma-z-ograniczona-odpowiedzialnoscia\/zeastawienie-kosztow-i-przychodow\/","og_locale":"en_US","og_type":"article","og_title":"Zeastawienie koszt\u00f3w i przychod\u00f3w - MB TAX ADVICE LTD","og_description":"Podatek od firm w UK \u2013 Corporation Tax Rejestracja dzia\u0142alno\u015bci gospodarczej to nie wszystko. Firmy typu Limited s\u0105 prawnie zobowi\u0105zane do prowadzenia ewidencji ksi\u0119gowej. Biuro ksi\u0119gowe Londyn Moniki Sharmy specjalizuje si\u0119 w korporacyjnym doradztwie podatkowym i rozlicza dziesi\u0105tki sp\u00f3\u0142ek z o. o. na terenie Wielkiej Brytanii. &nbsp; Dok\u0142adne zindywidualizowane zestawienie przychod\u00f3w i koszt\u00f3w oraz optymalizacja [&hellip;]","og_url":"https:\/\/mbtax.co.uk\/en\/firma-z-ograniczona-odpowiedzialnoscia\/zeastawienie-kosztow-i-przychodow\/","og_site_name":"MB TAX ADVICE LTD","article_modified_time":"2015-11-09T13:59:37+00:00","twitter_card":"summary_large_image","twitter_misc":{"Est. reading time":"1 minute"},"schema":{"@context":"https:\/\/schema.org","@graph":[{"@type":"WebPage","@id":"https:\/\/mbtax.co.uk\/en\/firma-z-ograniczona-odpowiedzialnoscia\/zeastawienie-kosztow-i-przychodow\/","url":"https:\/\/mbtax.co.uk\/en\/firma-z-ograniczona-odpowiedzialnoscia\/zeastawienie-kosztow-i-przychodow\/","name":"Zeastawienie koszt\u00f3w i przychod\u00f3w - MB TAX ADVICE LTD","isPartOf":{"@id":"https:\/\/mbtax.co.uk\/#website"},"datePublished":"2015-10-29T15:02:14+00:00","dateModified":"2015-11-09T13:59:37+00:00","breadcrumb":{"@id":"https:\/\/mbtax.co.uk\/en\/firma-z-ograniczona-odpowiedzialnoscia\/zeastawienie-kosztow-i-przychodow\/#breadcrumb"},"inLanguage":"en-US","potentialAction":[{"@type":"ReadAction","target":["https:\/\/mbtax.co.uk\/en\/firma-z-ograniczona-odpowiedzialnoscia\/zeastawienie-kosztow-i-przychodow\/"]}]},{"@type":"BreadcrumbList","@id":"https:\/\/mbtax.co.uk\/en\/firma-z-ograniczona-odpowiedzialnoscia\/zeastawienie-kosztow-i-przychodow\/#breadcrumb","itemListElement":[{"@type":"ListItem","position":1,"name":"Strona g\u0142\u00f3wna","item":"https:\/\/mbtax.co.uk\/"},{"@type":"ListItem","position":2,"name":"Firma z ograniczon\u0105 odpowiedzialno\u015bci\u0105","item":"https:\/\/mbtax.co.uk\/firma-z-ograniczona-odpowiedzialnoscia\/"},{"@type":"ListItem","position":3,"name":"Zeastawienie koszt\u00f3w i przychod\u00f3w"}]},{"@type":"WebSite","@id":"https:\/\/mbtax.co.uk\/#website","url":"https:\/\/mbtax.co.uk\/","name":"MB TAX ADVICE LTD","description":"Biuro ksi\u0119gowo\u015bci w Londynie","potentialAction":[{"@type":"SearchAction","target":{"@type":"EntryPoint","urlTemplate":"https:\/\/mbtax.co.uk\/?s={search_term_string}"},"query-input":{"@type":"PropertyValueSpecification","valueRequired":true,"valueName":"search_term_string"}}],"inLanguage":"en-US"}]}},"_links":{"self":[{"href":"https:\/\/mbtax.co.uk\/en\/wp-json\/wp\/v2\/pages\/175","targetHints":{"allow":["GET"]}}],"collection":[{"href":"https:\/\/mbtax.co.uk\/en\/wp-json\/wp\/v2\/pages"}],"about":[{"href":"https:\/\/mbtax.co.uk\/en\/wp-json\/wp\/v2\/types\/page"}],"author":[{"embeddable":true,"href":"https:\/\/mbtax.co.uk\/en\/wp-json\/wp\/v2\/users\/2"}],"replies":[{"embeddable":true,"href":"https:\/\/mbtax.co.uk\/en\/wp-json\/wp\/v2\/comments?post=175"}],"version-history":[{"count":2,"href":"https:\/\/mbtax.co.uk\/en\/wp-json\/wp\/v2\/pages\/175\/revisions"}],"predecessor-version":[{"id":400,"href":"https:\/\/mbtax.co.uk\/en\/wp-json\/wp\/v2\/pages\/175\/revisions\/400"}],"up":[{"embeddable":true,"href":"https:\/\/mbtax.co.uk\/en\/wp-json\/wp\/v2\/pages\/166"}],"wp:attachment":[{"href":"https:\/\/mbtax.co.uk\/en\/wp-json\/wp\/v2\/media?parent=175"}],"curies":[{"name":"wp","href":"https:\/\/api.w.org\/{rel}","templated":true}]}}