{"id":179,"date":"2015-10-29T17:52:37","date_gmt":"2015-10-29T16:52:37","guid":{"rendered":"http:\/\/mbtax.co.uk\/?page_id=179"},"modified":"2015-11-09T15:00:08","modified_gmt":"2015-11-09T14:00:08","slug":"coroczna-informacja-o-danych-spolki","status":"publish","type":"page","link":"https:\/\/mbtax.co.uk\/en\/firma-z-ograniczona-odpowiedzialnoscia\/coroczna-informacja-o-danych-spolki\/","title":{"rendered":"Annual Confirmation Statement"},"content":{"rendered":"<p><strong>Another duty of a Limited company director is to meet the deadline for submitting the company\u2019s annual information report \u2014 the Annual Return.<\/strong> Information about the company\u2019s owners, address, and business profile must be submitted to Companies House every year.<br \/>\nThe London accounting office MB TAX ADVICE, specialising in Limited company services, prepares and compiles the necessary documentation containing the company details provided during registration, as well as any required change forms.<\/p>\n<p>&nbsp;<\/p>\n<p><strong>It is important to remember that the Annual Return is not a form of tax declaration.<\/strong>but merely an update of publicly available company information such as the registered office and branch addresses, business sector, names of directors and secretaries, shareholders, share capital, and other details.<\/p>\n<p>&nbsp;<\/p>\n<p><strong>It is mandatory, and failure to submit it may result in administrative penalties, including removal from the Companies House register.<\/strong> The accountants at MB TAX ADVICE have helped numerous Limited companies. They are among the best in the market  as confirmed by client reviews.\n\nChoose one of our offices in a convenient location and get in touch today.<\/p>","protected":false},"excerpt":{"rendered":"<p>Kolejnym obowi\u0105zkiem Dyrektora firmy Limited jest dotrzymanie terminu corocznego sprawozdania dotycz\u0105cego danych firmy \u2013 Annual Return. Potrzebne informacje dotycz\u0105ce w\u0142a\u015bcicieli firmy, adres oraz profil dzia\u0142alno\u015bci nale\u017cy wys\u0142a\u0107 do Companies House ka\u017cdego roku. Biuro Ksi\u0119gowe Londyn MB TAX ADVICE specjalizuj\u0105ce si\u0119 w obs\u0142udze firm Limited, sporz\u0105dzaj\u0105c i kompletuj\u0105c odpowiedni\u0105 dokumentacj\u0119 zawieraj\u0105c\u0105 dane firmy podane podczas rejestracji [&hellip;]<\/p>","protected":false},"author":2,"featured_media":0,"parent":166,"menu_order":3,"comment_status":"closed","ping_status":"closed","template":"page-submenu.php","meta":{"footnotes":""},"class_list":["post-179","page","type-page","status-publish","hentry"],"yoast_head":"<!-- This site is optimized with the Yoast SEO plugin v26.1.1 - https:\/\/yoast.com\/wordpress\/plugins\/seo\/ -->\n<title>Coroczna informacja o danych sp\u00f3\u0142ki - MB TAX ADVICE LTD<\/title>\n<meta name=\"robots\" content=\"index, follow, max-snippet:-1, max-image-preview:large, max-video-preview:-1\" \/>\n<link rel=\"canonical\" href=\"https:\/\/mbtax.co.uk\/en\/firma-z-ograniczona-odpowiedzialnoscia\/coroczna-informacja-o-danych-spolki\/\" \/>\n<meta property=\"og:locale\" content=\"en_US\" \/>\n<meta property=\"og:type\" content=\"article\" \/>\n<meta property=\"og:title\" content=\"Coroczna informacja o danych sp\u00f3\u0142ki - MB TAX ADVICE LTD\" \/>\n<meta property=\"og:description\" content=\"Kolejnym obowi\u0105zkiem Dyrektora firmy Limited jest dotrzymanie terminu corocznego sprawozdania dotycz\u0105cego danych firmy \u2013 Annual Return. Potrzebne informacje dotycz\u0105ce w\u0142a\u015bcicieli firmy, adres oraz profil dzia\u0142alno\u015bci nale\u017cy wys\u0142a\u0107 do Companies House ka\u017cdego roku. Biuro Ksi\u0119gowe Londyn MB TAX ADVICE specjalizuj\u0105ce si\u0119 w obs\u0142udze firm Limited, sporz\u0105dzaj\u0105c i kompletuj\u0105c odpowiedni\u0105 dokumentacj\u0119 zawieraj\u0105c\u0105 dane firmy podane podczas rejestracji [&hellip;]\" \/>\n<meta property=\"og:url\" content=\"https:\/\/mbtax.co.uk\/en\/firma-z-ograniczona-odpowiedzialnoscia\/coroczna-informacja-o-danych-spolki\/\" \/>\n<meta property=\"og:site_name\" content=\"MB TAX ADVICE LTD\" \/>\n<meta property=\"article:modified_time\" content=\"2015-11-09T14:00:08+00:00\" \/>\n<meta name=\"twitter:card\" content=\"summary_large_image\" \/>\n<meta name=\"twitter:label1\" content=\"Est. reading time\" \/>\n\t<meta name=\"twitter:data1\" content=\"1 minute\" \/>\n<script type=\"application\/ld+json\" class=\"yoast-schema-graph\">{\"@context\":\"https:\/\/schema.org\",\"@graph\":[{\"@type\":\"WebPage\",\"@id\":\"https:\/\/mbtax.co.uk\/en\/firma-z-ograniczona-odpowiedzialnoscia\/coroczna-informacja-o-danych-spolki\/\",\"url\":\"https:\/\/mbtax.co.uk\/en\/firma-z-ograniczona-odpowiedzialnoscia\/coroczna-informacja-o-danych-spolki\/\",\"name\":\"Coroczna informacja o danych sp\u00f3\u0142ki - MB TAX ADVICE LTD\",\"isPartOf\":{\"@id\":\"https:\/\/mbtax.co.uk\/#website\"},\"datePublished\":\"2015-10-29T16:52:37+00:00\",\"dateModified\":\"2015-11-09T14:00:08+00:00\",\"breadcrumb\":{\"@id\":\"https:\/\/mbtax.co.uk\/en\/firma-z-ograniczona-odpowiedzialnoscia\/coroczna-informacja-o-danych-spolki\/#breadcrumb\"},\"inLanguage\":\"en-US\",\"potentialAction\":[{\"@type\":\"ReadAction\",\"target\":[\"https:\/\/mbtax.co.uk\/en\/firma-z-ograniczona-odpowiedzialnoscia\/coroczna-informacja-o-danych-spolki\/\"]}]},{\"@type\":\"BreadcrumbList\",\"@id\":\"https:\/\/mbtax.co.uk\/en\/firma-z-ograniczona-odpowiedzialnoscia\/coroczna-informacja-o-danych-spolki\/#breadcrumb\",\"itemListElement\":[{\"@type\":\"ListItem\",\"position\":1,\"name\":\"Strona g\u0142\u00f3wna\",\"item\":\"https:\/\/mbtax.co.uk\/\"},{\"@type\":\"ListItem\",\"position\":2,\"name\":\"Firma z ograniczon\u0105 odpowiedzialno\u015bci\u0105\",\"item\":\"https:\/\/mbtax.co.uk\/firma-z-ograniczona-odpowiedzialnoscia\/\"},{\"@type\":\"ListItem\",\"position\":3,\"name\":\"Coroczna informacja o danych sp\u00f3\u0142ki\"}]},{\"@type\":\"WebSite\",\"@id\":\"https:\/\/mbtax.co.uk\/#website\",\"url\":\"https:\/\/mbtax.co.uk\/\",\"name\":\"MB TAX ADVICE LTD\",\"description\":\"Biuro ksi\u0119gowo\u015bci w Londynie\",\"potentialAction\":[{\"@type\":\"SearchAction\",\"target\":{\"@type\":\"EntryPoint\",\"urlTemplate\":\"https:\/\/mbtax.co.uk\/?s={search_term_string}\"},\"query-input\":{\"@type\":\"PropertyValueSpecification\",\"valueRequired\":true,\"valueName\":\"search_term_string\"}}],\"inLanguage\":\"en-US\"}]}<\/script>\n<!-- \/ Yoast SEO plugin. -->","yoast_head_json":{"title":"Coroczna informacja o danych sp\u00f3\u0142ki - MB TAX ADVICE LTD","robots":{"index":"index","follow":"follow","max-snippet":"max-snippet:-1","max-image-preview":"max-image-preview:large","max-video-preview":"max-video-preview:-1"},"canonical":"https:\/\/mbtax.co.uk\/en\/firma-z-ograniczona-odpowiedzialnoscia\/coroczna-informacja-o-danych-spolki\/","og_locale":"en_US","og_type":"article","og_title":"Coroczna informacja o danych sp\u00f3\u0142ki - MB TAX ADVICE LTD","og_description":"Kolejnym obowi\u0105zkiem Dyrektora firmy Limited jest dotrzymanie terminu corocznego sprawozdania dotycz\u0105cego danych firmy \u2013 Annual Return. Potrzebne informacje dotycz\u0105ce w\u0142a\u015bcicieli firmy, adres oraz profil dzia\u0142alno\u015bci nale\u017cy wys\u0142a\u0107 do Companies House ka\u017cdego roku. Biuro Ksi\u0119gowe Londyn MB TAX ADVICE specjalizuj\u0105ce si\u0119 w obs\u0142udze firm Limited, sporz\u0105dzaj\u0105c i kompletuj\u0105c odpowiedni\u0105 dokumentacj\u0119 zawieraj\u0105c\u0105 dane firmy podane podczas rejestracji [&hellip;]","og_url":"https:\/\/mbtax.co.uk\/en\/firma-z-ograniczona-odpowiedzialnoscia\/coroczna-informacja-o-danych-spolki\/","og_site_name":"MB TAX ADVICE LTD","article_modified_time":"2015-11-09T14:00:08+00:00","twitter_card":"summary_large_image","twitter_misc":{"Est. reading time":"1 minute"},"schema":{"@context":"https:\/\/schema.org","@graph":[{"@type":"WebPage","@id":"https:\/\/mbtax.co.uk\/en\/firma-z-ograniczona-odpowiedzialnoscia\/coroczna-informacja-o-danych-spolki\/","url":"https:\/\/mbtax.co.uk\/en\/firma-z-ograniczona-odpowiedzialnoscia\/coroczna-informacja-o-danych-spolki\/","name":"Coroczna informacja o danych sp\u00f3\u0142ki - MB TAX ADVICE LTD","isPartOf":{"@id":"https:\/\/mbtax.co.uk\/#website"},"datePublished":"2015-10-29T16:52:37+00:00","dateModified":"2015-11-09T14:00:08+00:00","breadcrumb":{"@id":"https:\/\/mbtax.co.uk\/en\/firma-z-ograniczona-odpowiedzialnoscia\/coroczna-informacja-o-danych-spolki\/#breadcrumb"},"inLanguage":"en-US","potentialAction":[{"@type":"ReadAction","target":["https:\/\/mbtax.co.uk\/en\/firma-z-ograniczona-odpowiedzialnoscia\/coroczna-informacja-o-danych-spolki\/"]}]},{"@type":"BreadcrumbList","@id":"https:\/\/mbtax.co.uk\/en\/firma-z-ograniczona-odpowiedzialnoscia\/coroczna-informacja-o-danych-spolki\/#breadcrumb","itemListElement":[{"@type":"ListItem","position":1,"name":"Strona g\u0142\u00f3wna","item":"https:\/\/mbtax.co.uk\/"},{"@type":"ListItem","position":2,"name":"Firma z ograniczon\u0105 odpowiedzialno\u015bci\u0105","item":"https:\/\/mbtax.co.uk\/firma-z-ograniczona-odpowiedzialnoscia\/"},{"@type":"ListItem","position":3,"name":"Coroczna informacja o danych sp\u00f3\u0142ki"}]},{"@type":"WebSite","@id":"https:\/\/mbtax.co.uk\/#website","url":"https:\/\/mbtax.co.uk\/","name":"MB TAX ADVICE LTD","description":"Biuro ksi\u0119gowo\u015bci w Londynie","potentialAction":[{"@type":"SearchAction","target":{"@type":"EntryPoint","urlTemplate":"https:\/\/mbtax.co.uk\/?s={search_term_string}"},"query-input":{"@type":"PropertyValueSpecification","valueRequired":true,"valueName":"search_term_string"}}],"inLanguage":"en-US"}]}},"_links":{"self":[{"href":"https:\/\/mbtax.co.uk\/en\/wp-json\/wp\/v2\/pages\/179","targetHints":{"allow":["GET"]}}],"collection":[{"href":"https:\/\/mbtax.co.uk\/en\/wp-json\/wp\/v2\/pages"}],"about":[{"href":"https:\/\/mbtax.co.uk\/en\/wp-json\/wp\/v2\/types\/page"}],"author":[{"embeddable":true,"href":"https:\/\/mbtax.co.uk\/en\/wp-json\/wp\/v2\/users\/2"}],"replies":[{"embeddable":true,"href":"https:\/\/mbtax.co.uk\/en\/wp-json\/wp\/v2\/comments?post=179"}],"version-history":[{"count":2,"href":"https:\/\/mbtax.co.uk\/en\/wp-json\/wp\/v2\/pages\/179\/revisions"}],"predecessor-version":[{"id":401,"href":"https:\/\/mbtax.co.uk\/en\/wp-json\/wp\/v2\/pages\/179\/revisions\/401"}],"up":[{"embeddable":true,"href":"https:\/\/mbtax.co.uk\/en\/wp-json\/wp\/v2\/pages\/166"}],"wp:attachment":[{"href":"https:\/\/mbtax.co.uk\/en\/wp-json\/wp\/v2\/media?parent=179"}],"curies":[{"name":"wp","href":"https:\/\/api.w.org\/{rel}","templated":true}]}}