{"id":183,"date":"2015-10-29T19:27:41","date_gmt":"2015-10-29T18:27:41","guid":{"rendered":"http:\/\/mbtax.co.uk\/?page_id=183"},"modified":"2015-11-09T15:01:03","modified_gmt":"2015-11-09T14:01:03","slug":"rejestracja-vat","status":"publish","type":"page","link":"https:\/\/mbtax.co.uk\/en\/firma-z-ograniczona-odpowiedzialnoscia\/rejestracja-vat\/","title":{"rendered":"VAT registration"},"content":{"rendered":"<p><strong>VAT (Value Added Tax) that is, the tax on the added value of goods and services \u2014 is the most widespread form of consumption tax in the world.<\/strong> If you run a business in the United Kingdom, it\u2019s likely that the goods or services your company trades in are subject to VAT and included within the scope of the UK tax calculator.<br \/>\nDepending on the nature, scope, and turnover of your business, you may be required or even legally obliged to register for VAT with His Majesty\u2019s Revenue &amp; Customs (HMRC).<\/p>\n<p>&nbsp;<\/p>\n<p><strong>You can obtain information on whether your company should register for VAT during a consultation with an MB TAX ADVICE tax expert specializing in Limited companies.<\/strong> Only a specialist consultation and a clear understanding of your needs and expectations allow for making the right strategic decisions.<br \/>\nDon\u2019t be tempted by so-called \u201caccountants\u201d or unprofessional, unauthorized advice found online.\n\nMB TAX ADVICE serves dozens of various businesses, including Limited companies registered for VAT. The London accounting office of Monika Sharma can optimize your company\u2019s tax return in line with your expectations and UK tax law, ensuring a beneficial UK tax refund for your business.<\/p>","protected":false},"excerpt":{"rendered":"<p>VAT (Value Added Tax), czyli podatek od warto\u015bci dodanej d\u00f3br i us\u0142ug jest najbardziej rozpowszechnionym na \u015bwiecie podatkiem konsumpcyjnym. Je\u015bli prowadzisz biznes na terenie Wielkiej Brytanii to prawdopodobnie towary lub us\u0142ugi, kt\u00f3rych przedmiotem jest obr\u00f3t Twojej firmy s\u0105 obj\u0119te VATem i obejmuje je kalkulator podatkowy UK. W zale\u017cno\u015bci od charakteru, przedmiotu i wysoko\u015bci obrotu Twojej [&hellip;]<\/p>","protected":false},"author":2,"featured_media":0,"parent":166,"menu_order":4,"comment_status":"closed","ping_status":"closed","template":"page-submenu.php","meta":{"footnotes":""},"class_list":["post-183","page","type-page","status-publish","hentry"],"yoast_head":"<!-- This site is optimized with the Yoast SEO plugin v26.1.1 - https:\/\/yoast.com\/wordpress\/plugins\/seo\/ -->\n<title>Rejestracja VAT - MB TAX ADVICE LTD<\/title>\n<meta name=\"robots\" content=\"index, follow, max-snippet:-1, max-image-preview:large, max-video-preview:-1\" \/>\n<link rel=\"canonical\" href=\"https:\/\/mbtax.co.uk\/en\/firma-z-ograniczona-odpowiedzialnoscia\/rejestracja-vat\/\" \/>\n<meta property=\"og:locale\" content=\"en_US\" \/>\n<meta property=\"og:type\" content=\"article\" \/>\n<meta property=\"og:title\" content=\"Rejestracja VAT - MB TAX ADVICE LTD\" \/>\n<meta property=\"og:description\" content=\"VAT (Value Added Tax), czyli podatek od warto\u015bci dodanej d\u00f3br i us\u0142ug jest najbardziej rozpowszechnionym na \u015bwiecie podatkiem konsumpcyjnym. Je\u015bli prowadzisz biznes na terenie Wielkiej Brytanii to prawdopodobnie towary lub us\u0142ugi, kt\u00f3rych przedmiotem jest obr\u00f3t Twojej firmy s\u0105 obj\u0119te VATem i obejmuje je kalkulator podatkowy UK. W zale\u017cno\u015bci od charakteru, przedmiotu i wysoko\u015bci obrotu Twojej [&hellip;]\" \/>\n<meta property=\"og:url\" content=\"https:\/\/mbtax.co.uk\/en\/firma-z-ograniczona-odpowiedzialnoscia\/rejestracja-vat\/\" \/>\n<meta property=\"og:site_name\" content=\"MB TAX ADVICE LTD\" \/>\n<meta property=\"article:modified_time\" content=\"2015-11-09T14:01:03+00:00\" \/>\n<meta name=\"twitter:card\" content=\"summary_large_image\" \/>\n<meta name=\"twitter:label1\" content=\"Est. reading time\" \/>\n\t<meta name=\"twitter:data1\" content=\"1 minute\" \/>\n<script type=\"application\/ld+json\" class=\"yoast-schema-graph\">{\"@context\":\"https:\/\/schema.org\",\"@graph\":[{\"@type\":\"WebPage\",\"@id\":\"https:\/\/mbtax.co.uk\/firma-z-ograniczona-odpowiedzialnoscia\/rejestracja-vat\/\",\"url\":\"https:\/\/mbtax.co.uk\/firma-z-ograniczona-odpowiedzialnoscia\/rejestracja-vat\/\",\"name\":\"Rejestracja VAT - MB TAX ADVICE LTD\",\"isPartOf\":{\"@id\":\"https:\/\/mbtax.co.uk\/#website\"},\"datePublished\":\"2015-10-29T18:27:41+00:00\",\"dateModified\":\"2015-11-09T14:01:03+00:00\",\"breadcrumb\":{\"@id\":\"https:\/\/mbtax.co.uk\/firma-z-ograniczona-odpowiedzialnoscia\/rejestracja-vat\/#breadcrumb\"},\"inLanguage\":\"en-US\",\"potentialAction\":[{\"@type\":\"ReadAction\",\"target\":[\"https:\/\/mbtax.co.uk\/firma-z-ograniczona-odpowiedzialnoscia\/rejestracja-vat\/\"]}]},{\"@type\":\"BreadcrumbList\",\"@id\":\"https:\/\/mbtax.co.uk\/firma-z-ograniczona-odpowiedzialnoscia\/rejestracja-vat\/#breadcrumb\",\"itemListElement\":[{\"@type\":\"ListItem\",\"position\":1,\"name\":\"Strona g\u0142\u00f3wna\",\"item\":\"https:\/\/mbtax.co.uk\/\"},{\"@type\":\"ListItem\",\"position\":2,\"name\":\"Firma z ograniczon\u0105 odpowiedzialno\u015bci\u0105\",\"item\":\"https:\/\/mbtax.co.uk\/firma-z-ograniczona-odpowiedzialnoscia\/\"},{\"@type\":\"ListItem\",\"position\":3,\"name\":\"Rejestracja VAT\"}]},{\"@type\":\"WebSite\",\"@id\":\"https:\/\/mbtax.co.uk\/#website\",\"url\":\"https:\/\/mbtax.co.uk\/\",\"name\":\"MB TAX ADVICE LTD\",\"description\":\"Biuro ksi\u0119gowo\u015bci w Londynie\",\"potentialAction\":[{\"@type\":\"SearchAction\",\"target\":{\"@type\":\"EntryPoint\",\"urlTemplate\":\"https:\/\/mbtax.co.uk\/?s={search_term_string}\"},\"query-input\":{\"@type\":\"PropertyValueSpecification\",\"valueRequired\":true,\"valueName\":\"search_term_string\"}}],\"inLanguage\":\"en-US\"}]}<\/script>\n<!-- \/ Yoast SEO plugin. -->","yoast_head_json":{"title":"Rejestracja VAT - MB TAX ADVICE LTD","robots":{"index":"index","follow":"follow","max-snippet":"max-snippet:-1","max-image-preview":"max-image-preview:large","max-video-preview":"max-video-preview:-1"},"canonical":"https:\/\/mbtax.co.uk\/en\/firma-z-ograniczona-odpowiedzialnoscia\/rejestracja-vat\/","og_locale":"en_US","og_type":"article","og_title":"Rejestracja VAT - MB TAX ADVICE LTD","og_description":"VAT (Value Added Tax), czyli podatek od warto\u015bci dodanej d\u00f3br i us\u0142ug jest najbardziej rozpowszechnionym na \u015bwiecie podatkiem konsumpcyjnym. Je\u015bli prowadzisz biznes na terenie Wielkiej Brytanii to prawdopodobnie towary lub us\u0142ugi, kt\u00f3rych przedmiotem jest obr\u00f3t Twojej firmy s\u0105 obj\u0119te VATem i obejmuje je kalkulator podatkowy UK. W zale\u017cno\u015bci od charakteru, przedmiotu i wysoko\u015bci obrotu Twojej [&hellip;]","og_url":"https:\/\/mbtax.co.uk\/en\/firma-z-ograniczona-odpowiedzialnoscia\/rejestracja-vat\/","og_site_name":"MB TAX ADVICE LTD","article_modified_time":"2015-11-09T14:01:03+00:00","twitter_card":"summary_large_image","twitter_misc":{"Est. reading time":"1 minute"},"schema":{"@context":"https:\/\/schema.org","@graph":[{"@type":"WebPage","@id":"https:\/\/mbtax.co.uk\/firma-z-ograniczona-odpowiedzialnoscia\/rejestracja-vat\/","url":"https:\/\/mbtax.co.uk\/firma-z-ograniczona-odpowiedzialnoscia\/rejestracja-vat\/","name":"Rejestracja VAT - MB TAX ADVICE LTD","isPartOf":{"@id":"https:\/\/mbtax.co.uk\/#website"},"datePublished":"2015-10-29T18:27:41+00:00","dateModified":"2015-11-09T14:01:03+00:00","breadcrumb":{"@id":"https:\/\/mbtax.co.uk\/firma-z-ograniczona-odpowiedzialnoscia\/rejestracja-vat\/#breadcrumb"},"inLanguage":"en-US","potentialAction":[{"@type":"ReadAction","target":["https:\/\/mbtax.co.uk\/firma-z-ograniczona-odpowiedzialnoscia\/rejestracja-vat\/"]}]},{"@type":"BreadcrumbList","@id":"https:\/\/mbtax.co.uk\/firma-z-ograniczona-odpowiedzialnoscia\/rejestracja-vat\/#breadcrumb","itemListElement":[{"@type":"ListItem","position":1,"name":"Strona g\u0142\u00f3wna","item":"https:\/\/mbtax.co.uk\/"},{"@type":"ListItem","position":2,"name":"Firma z ograniczon\u0105 odpowiedzialno\u015bci\u0105","item":"https:\/\/mbtax.co.uk\/firma-z-ograniczona-odpowiedzialnoscia\/"},{"@type":"ListItem","position":3,"name":"Rejestracja VAT"}]},{"@type":"WebSite","@id":"https:\/\/mbtax.co.uk\/#website","url":"https:\/\/mbtax.co.uk\/","name":"MB TAX ADVICE LTD","description":"Biuro ksi\u0119gowo\u015bci w Londynie","potentialAction":[{"@type":"SearchAction","target":{"@type":"EntryPoint","urlTemplate":"https:\/\/mbtax.co.uk\/?s={search_term_string}"},"query-input":{"@type":"PropertyValueSpecification","valueRequired":true,"valueName":"search_term_string"}}],"inLanguage":"en-US"}]}},"_links":{"self":[{"href":"https:\/\/mbtax.co.uk\/en\/wp-json\/wp\/v2\/pages\/183","targetHints":{"allow":["GET"]}}],"collection":[{"href":"https:\/\/mbtax.co.uk\/en\/wp-json\/wp\/v2\/pages"}],"about":[{"href":"https:\/\/mbtax.co.uk\/en\/wp-json\/wp\/v2\/types\/page"}],"author":[{"embeddable":true,"href":"https:\/\/mbtax.co.uk\/en\/wp-json\/wp\/v2\/users\/2"}],"replies":[{"embeddable":true,"href":"https:\/\/mbtax.co.uk\/en\/wp-json\/wp\/v2\/comments?post=183"}],"version-history":[{"count":2,"href":"https:\/\/mbtax.co.uk\/en\/wp-json\/wp\/v2\/pages\/183\/revisions"}],"predecessor-version":[{"id":402,"href":"https:\/\/mbtax.co.uk\/en\/wp-json\/wp\/v2\/pages\/183\/revisions\/402"}],"up":[{"embeddable":true,"href":"https:\/\/mbtax.co.uk\/en\/wp-json\/wp\/v2\/pages\/166"}],"wp:attachment":[{"href":"https:\/\/mbtax.co.uk\/en\/wp-json\/wp\/v2\/media?parent=183"}],"curies":[{"name":"wp","href":"https:\/\/api.w.org\/{rel}","templated":true}]}}