{"id":191,"date":"2015-10-29T19:46:09","date_gmt":"2015-10-29T18:46:09","guid":{"rendered":"http:\/\/mbtax.co.uk\/?page_id=191"},"modified":"2015-11-09T15:05:34","modified_gmt":"2015-11-09T14:05:34","slug":"lista-plac","status":"publish","type":"page","link":"https:\/\/mbtax.co.uk\/en\/firma-z-ograniczona-odpowiedzialnoscia\/lista-plac\/","title":{"rendered":"Payroll"},"content":{"rendered":"<p><strong>MB TAX ADVICE offers a wide range of business solutions.<\/strong> One of these is the Payroll service, which involves calculating and recording employee payments within a company.\n\nThis meticulous and time-consuming HR and accounting work often exceeds the time and capacity of business owners in the UK and it\u2019s precisely for such individuals that the accountants at MB TAX ADVICE dedicate their expertise.<br \/>\nMB TAX ADVICE specializes in managing employee payroll for dozens of companies across the United Kingdom.\n\nWe have an in-depth understanding of UK tax and employment law, access to specialized accounting software, and, above all, extensive experience and practical expertise.<\/p>\n<p>&nbsp;<\/p>\n<p><strong>All of this enables us to carry out every calculation in full compliance with the law and accepted ethical and professional standards.<\/strong> So, when you type \u201caccountant London\u201d into your search engine, consider whether you want your company to join the elite group of businesses served by one of the largest, most dynamic, and most experienced Polish accounting firms in the UK.\n\nIf so, get in touch with MB TAX ADVICE.<\/p>","protected":false},"excerpt":{"rendered":"<p>MB TAX ADVICE\u00a0oferuje szereg rozwi\u0105za\u0144 dla biznesu. Jednym z nich jest tzw. us\u0142uga Payroll, czyli naliczanie i ewidencjonowanie p\u0142atno\u015bci dla pracownik\u00f3w w firmie. \u017bmudna i wymagaj\u0105ca dok\u0142adno\u015bci praca ksi\u0119gowo-kadrowa cz\u0119sto przewy\u017csza si\u0142y i czas w\u0142a\u015bcicieli firm w Wielkiej Brytanii. W\u0142a\u015bnie dla takich os\u00f3b po\u015bwi\u0119caj\u0105 si\u0119 ksi\u0119gowe MB TAX ADVICE. MB TAX ADVICE specjalizuje si\u0119 w [&hellip;]<\/p>","protected":false},"author":2,"featured_media":0,"parent":166,"menu_order":6,"comment_status":"closed","ping_status":"closed","template":"page-submenu.php","meta":{"footnotes":""},"class_list":["post-191","page","type-page","status-publish","hentry"],"yoast_head":"<!-- This site is optimized with the Yoast SEO plugin v26.1.1 - https:\/\/yoast.com\/wordpress\/plugins\/seo\/ -->\n<title>Lista p\u0142ac - MB TAX ADVICE LTD<\/title>\n<meta name=\"robots\" content=\"index, follow, max-snippet:-1, max-image-preview:large, max-video-preview:-1\" \/>\n<link rel=\"canonical\" href=\"https:\/\/mbtax.co.uk\/en\/firma-z-ograniczona-odpowiedzialnoscia\/lista-plac\/\" \/>\n<meta property=\"og:locale\" content=\"en_US\" \/>\n<meta property=\"og:type\" content=\"article\" \/>\n<meta property=\"og:title\" content=\"Lista p\u0142ac - MB TAX ADVICE LTD\" \/>\n<meta property=\"og:description\" content=\"MB TAX ADVICE\u00a0oferuje szereg rozwi\u0105za\u0144 dla biznesu. Jednym z nich jest tzw. us\u0142uga Payroll, czyli naliczanie i ewidencjonowanie p\u0142atno\u015bci dla pracownik\u00f3w w firmie. \u017bmudna i wymagaj\u0105ca dok\u0142adno\u015bci praca ksi\u0119gowo-kadrowa cz\u0119sto przewy\u017csza si\u0142y i czas w\u0142a\u015bcicieli firm w Wielkiej Brytanii. W\u0142a\u015bnie dla takich os\u00f3b po\u015bwi\u0119caj\u0105 si\u0119 ksi\u0119gowe MB TAX ADVICE. MB TAX ADVICE specjalizuje si\u0119 w [&hellip;]\" \/>\n<meta property=\"og:url\" content=\"https:\/\/mbtax.co.uk\/en\/firma-z-ograniczona-odpowiedzialnoscia\/lista-plac\/\" \/>\n<meta property=\"og:site_name\" content=\"MB TAX ADVICE LTD\" \/>\n<meta property=\"article:modified_time\" content=\"2015-11-09T14:05:34+00:00\" \/>\n<meta name=\"twitter:card\" content=\"summary_large_image\" \/>\n<meta name=\"twitter:label1\" content=\"Est. reading time\" \/>\n\t<meta name=\"twitter:data1\" content=\"1 minute\" \/>\n<script type=\"application\/ld+json\" class=\"yoast-schema-graph\">{\"@context\":\"https:\/\/schema.org\",\"@graph\":[{\"@type\":\"WebPage\",\"@id\":\"https:\/\/mbtax.co.uk\/en\/firma-z-ograniczona-odpowiedzialnoscia\/lista-plac\/\",\"url\":\"https:\/\/mbtax.co.uk\/en\/firma-z-ograniczona-odpowiedzialnoscia\/lista-plac\/\",\"name\":\"Lista p\u0142ac - MB TAX ADVICE LTD\",\"isPartOf\":{\"@id\":\"https:\/\/mbtax.co.uk\/#website\"},\"datePublished\":\"2015-10-29T18:46:09+00:00\",\"dateModified\":\"2015-11-09T14:05:34+00:00\",\"breadcrumb\":{\"@id\":\"https:\/\/mbtax.co.uk\/en\/firma-z-ograniczona-odpowiedzialnoscia\/lista-plac\/#breadcrumb\"},\"inLanguage\":\"en-US\",\"potentialAction\":[{\"@type\":\"ReadAction\",\"target\":[\"https:\/\/mbtax.co.uk\/en\/firma-z-ograniczona-odpowiedzialnoscia\/lista-plac\/\"]}]},{\"@type\":\"BreadcrumbList\",\"@id\":\"https:\/\/mbtax.co.uk\/en\/firma-z-ograniczona-odpowiedzialnoscia\/lista-plac\/#breadcrumb\",\"itemListElement\":[{\"@type\":\"ListItem\",\"position\":1,\"name\":\"Strona g\u0142\u00f3wna\",\"item\":\"https:\/\/mbtax.co.uk\/\"},{\"@type\":\"ListItem\",\"position\":2,\"name\":\"Firma z ograniczon\u0105 odpowiedzialno\u015bci\u0105\",\"item\":\"https:\/\/mbtax.co.uk\/firma-z-ograniczona-odpowiedzialnoscia\/\"},{\"@type\":\"ListItem\",\"position\":3,\"name\":\"Lista p\u0142ac\"}]},{\"@type\":\"WebSite\",\"@id\":\"https:\/\/mbtax.co.uk\/#website\",\"url\":\"https:\/\/mbtax.co.uk\/\",\"name\":\"MB TAX ADVICE LTD\",\"description\":\"Biuro ksi\u0119gowo\u015bci w Londynie\",\"potentialAction\":[{\"@type\":\"SearchAction\",\"target\":{\"@type\":\"EntryPoint\",\"urlTemplate\":\"https:\/\/mbtax.co.uk\/?s={search_term_string}\"},\"query-input\":{\"@type\":\"PropertyValueSpecification\",\"valueRequired\":true,\"valueName\":\"search_term_string\"}}],\"inLanguage\":\"en-US\"}]}<\/script>\n<!-- \/ Yoast SEO plugin. -->","yoast_head_json":{"title":"Lista p\u0142ac - MB TAX ADVICE LTD","robots":{"index":"index","follow":"follow","max-snippet":"max-snippet:-1","max-image-preview":"max-image-preview:large","max-video-preview":"max-video-preview:-1"},"canonical":"https:\/\/mbtax.co.uk\/en\/firma-z-ograniczona-odpowiedzialnoscia\/lista-plac\/","og_locale":"en_US","og_type":"article","og_title":"Lista p\u0142ac - MB TAX ADVICE LTD","og_description":"MB TAX ADVICE\u00a0oferuje szereg rozwi\u0105za\u0144 dla biznesu. Jednym z nich jest tzw. us\u0142uga Payroll, czyli naliczanie i ewidencjonowanie p\u0142atno\u015bci dla pracownik\u00f3w w firmie. \u017bmudna i wymagaj\u0105ca dok\u0142adno\u015bci praca ksi\u0119gowo-kadrowa cz\u0119sto przewy\u017csza si\u0142y i czas w\u0142a\u015bcicieli firm w Wielkiej Brytanii. W\u0142a\u015bnie dla takich os\u00f3b po\u015bwi\u0119caj\u0105 si\u0119 ksi\u0119gowe MB TAX ADVICE. MB TAX ADVICE specjalizuje si\u0119 w [&hellip;]","og_url":"https:\/\/mbtax.co.uk\/en\/firma-z-ograniczona-odpowiedzialnoscia\/lista-plac\/","og_site_name":"MB TAX ADVICE LTD","article_modified_time":"2015-11-09T14:05:34+00:00","twitter_card":"summary_large_image","twitter_misc":{"Est. reading time":"1 minute"},"schema":{"@context":"https:\/\/schema.org","@graph":[{"@type":"WebPage","@id":"https:\/\/mbtax.co.uk\/en\/firma-z-ograniczona-odpowiedzialnoscia\/lista-plac\/","url":"https:\/\/mbtax.co.uk\/en\/firma-z-ograniczona-odpowiedzialnoscia\/lista-plac\/","name":"Lista p\u0142ac - MB TAX ADVICE LTD","isPartOf":{"@id":"https:\/\/mbtax.co.uk\/#website"},"datePublished":"2015-10-29T18:46:09+00:00","dateModified":"2015-11-09T14:05:34+00:00","breadcrumb":{"@id":"https:\/\/mbtax.co.uk\/en\/firma-z-ograniczona-odpowiedzialnoscia\/lista-plac\/#breadcrumb"},"inLanguage":"en-US","potentialAction":[{"@type":"ReadAction","target":["https:\/\/mbtax.co.uk\/en\/firma-z-ograniczona-odpowiedzialnoscia\/lista-plac\/"]}]},{"@type":"BreadcrumbList","@id":"https:\/\/mbtax.co.uk\/en\/firma-z-ograniczona-odpowiedzialnoscia\/lista-plac\/#breadcrumb","itemListElement":[{"@type":"ListItem","position":1,"name":"Strona g\u0142\u00f3wna","item":"https:\/\/mbtax.co.uk\/"},{"@type":"ListItem","position":2,"name":"Firma z ograniczon\u0105 odpowiedzialno\u015bci\u0105","item":"https:\/\/mbtax.co.uk\/firma-z-ograniczona-odpowiedzialnoscia\/"},{"@type":"ListItem","position":3,"name":"Lista p\u0142ac"}]},{"@type":"WebSite","@id":"https:\/\/mbtax.co.uk\/#website","url":"https:\/\/mbtax.co.uk\/","name":"MB TAX ADVICE LTD","description":"Biuro ksi\u0119gowo\u015bci w Londynie","potentialAction":[{"@type":"SearchAction","target":{"@type":"EntryPoint","urlTemplate":"https:\/\/mbtax.co.uk\/?s={search_term_string}"},"query-input":{"@type":"PropertyValueSpecification","valueRequired":true,"valueName":"search_term_string"}}],"inLanguage":"en-US"}]}},"_links":{"self":[{"href":"https:\/\/mbtax.co.uk\/en\/wp-json\/wp\/v2\/pages\/191","targetHints":{"allow":["GET"]}}],"collection":[{"href":"https:\/\/mbtax.co.uk\/en\/wp-json\/wp\/v2\/pages"}],"about":[{"href":"https:\/\/mbtax.co.uk\/en\/wp-json\/wp\/v2\/types\/page"}],"author":[{"embeddable":true,"href":"https:\/\/mbtax.co.uk\/en\/wp-json\/wp\/v2\/users\/2"}],"replies":[{"embeddable":true,"href":"https:\/\/mbtax.co.uk\/en\/wp-json\/wp\/v2\/comments?post=191"}],"version-history":[{"count":2,"href":"https:\/\/mbtax.co.uk\/en\/wp-json\/wp\/v2\/pages\/191\/revisions"}],"predecessor-version":[{"id":404,"href":"https:\/\/mbtax.co.uk\/en\/wp-json\/wp\/v2\/pages\/191\/revisions\/404"}],"up":[{"embeddable":true,"href":"https:\/\/mbtax.co.uk\/en\/wp-json\/wp\/v2\/pages\/166"}],"wp:attachment":[{"href":"https:\/\/mbtax.co.uk\/en\/wp-json\/wp\/v2\/media?parent=191"}],"curies":[{"name":"wp","href":"https:\/\/api.w.org\/{rel}","templated":true}]}}