{"id":195,"date":"2015-10-29T19:50:23","date_gmt":"2015-10-29T18:50:23","guid":{"rendered":"http:\/\/mbtax.co.uk\/?page_id=195"},"modified":"2015-11-09T15:06:05","modified_gmt":"2015-11-09T14:06:05","slug":"miesieczne-sprawozdanie-kontraktora","status":"publish","type":"page","link":"https:\/\/mbtax.co.uk\/en\/firma-z-ograniczona-odpowiedzialnoscia\/miesieczne-sprawozdanie-kontraktora\/","title":{"rendered":"Monthly contractor statement"},"content":{"rendered":"<p><strong>Limited companies and self-employed individuals operating in the construction sector under the CIS (Construction Industry Scheme)<\/strong>who act as official contractors are legally required to record payments made to subcontractors and submit monthly reports to the tax office.<br \/>\nThere\u2019s no way around it delays or failure to submit these reports can lead to serious legal consequences.<br \/>\nAccountants at MB TAX ADVICE have both formal and practical expertise in preparing monthly summaries in accordance with UK tax law. All your subcontractors must hold self-employed status and be registered under the CIS (Construction Industry Scheme). The monthly report must be submitted no later than two weeks after the end of the tax month** for which the report is being filed.<\/p>\n<p>&nbsp;<\/p>\n<p>Keep in mind that not everyone you find under the search term \u201caccountant in London\u201d offers such advanced services. The accountants at MB TAX ADVICE, who handle contractors both Limited companies and self-employed individuals are fully aware of these and other formal requirements.\n\nIf you have any questions, don\u2019t hesitate to call or message us!<\/p>","protected":false},"excerpt":{"rendered":"<p>Firmy Limited oraz osoby samozatrudnione dzia\u0142aj\u0105ce w sektorze budowlanym w ramach re\u017cimu CIS (Construction Industry Scheme), b\u0119d\u0105ce oficjalnymi wykonawcami rob\u00f3t (contractor), s\u0105 prawnie zobowi\u0105zane do ewidencjonowania p\u0142atno\u015bci dla podwykonawc\u00f3w i wysy\u0142ania miesi\u0119cznych raport\u00f3w do urz\u0119du skarbowego. Nie da si\u0119 od tego uciec, a sp\u00f3\u017anienia lub wr\u0119cz uchylanie si\u0119 od raport\u00f3w niesie za sob\u0105 powa\u017cne reperkusje [&hellip;]<\/p>","protected":false},"author":2,"featured_media":0,"parent":166,"menu_order":7,"comment_status":"closed","ping_status":"closed","template":"page-submenu.php","meta":{"footnotes":""},"class_list":["post-195","page","type-page","status-publish","hentry"],"yoast_head":"<!-- This site is optimized with the Yoast SEO plugin v26.1.1 - https:\/\/yoast.com\/wordpress\/plugins\/seo\/ -->\n<title>Miesi\u0119czne sprawozdanie kontraktora - MB TAX ADVICE LTD<\/title>\n<meta name=\"robots\" content=\"index, follow, max-snippet:-1, max-image-preview:large, max-video-preview:-1\" \/>\n<link rel=\"canonical\" href=\"https:\/\/mbtax.co.uk\/en\/firma-z-ograniczona-odpowiedzialnoscia\/miesieczne-sprawozdanie-kontraktora\/\" \/>\n<meta property=\"og:locale\" content=\"en_US\" \/>\n<meta property=\"og:type\" content=\"article\" \/>\n<meta property=\"og:title\" content=\"Miesi\u0119czne sprawozdanie kontraktora - MB TAX ADVICE LTD\" \/>\n<meta property=\"og:description\" content=\"Firmy Limited oraz osoby samozatrudnione dzia\u0142aj\u0105ce w sektorze budowlanym w ramach re\u017cimu CIS (Construction Industry Scheme), b\u0119d\u0105ce oficjalnymi wykonawcami rob\u00f3t (contractor), s\u0105 prawnie zobowi\u0105zane do ewidencjonowania p\u0142atno\u015bci dla podwykonawc\u00f3w i wysy\u0142ania miesi\u0119cznych raport\u00f3w do urz\u0119du skarbowego. Nie da si\u0119 od tego uciec, a sp\u00f3\u017anienia lub wr\u0119cz uchylanie si\u0119 od raport\u00f3w niesie za sob\u0105 powa\u017cne reperkusje [&hellip;]\" \/>\n<meta property=\"og:url\" content=\"https:\/\/mbtax.co.uk\/en\/firma-z-ograniczona-odpowiedzialnoscia\/miesieczne-sprawozdanie-kontraktora\/\" \/>\n<meta property=\"og:site_name\" content=\"MB TAX ADVICE LTD\" \/>\n<meta property=\"article:modified_time\" content=\"2015-11-09T14:06:05+00:00\" \/>\n<meta name=\"twitter:card\" content=\"summary_large_image\" \/>\n<meta name=\"twitter:label1\" content=\"Est. reading time\" \/>\n\t<meta name=\"twitter:data1\" content=\"1 minute\" \/>\n<script type=\"application\/ld+json\" class=\"yoast-schema-graph\">{\"@context\":\"https:\/\/schema.org\",\"@graph\":[{\"@type\":\"WebPage\",\"@id\":\"https:\/\/mbtax.co.uk\/en\/firma-z-ograniczona-odpowiedzialnoscia\/miesieczne-sprawozdanie-kontraktora\/\",\"url\":\"https:\/\/mbtax.co.uk\/en\/firma-z-ograniczona-odpowiedzialnoscia\/miesieczne-sprawozdanie-kontraktora\/\",\"name\":\"Miesi\u0119czne sprawozdanie kontraktora - MB TAX ADVICE LTD\",\"isPartOf\":{\"@id\":\"https:\/\/mbtax.co.uk\/#website\"},\"datePublished\":\"2015-10-29T18:50:23+00:00\",\"dateModified\":\"2015-11-09T14:06:05+00:00\",\"breadcrumb\":{\"@id\":\"https:\/\/mbtax.co.uk\/en\/firma-z-ograniczona-odpowiedzialnoscia\/miesieczne-sprawozdanie-kontraktora\/#breadcrumb\"},\"inLanguage\":\"en-US\",\"potentialAction\":[{\"@type\":\"ReadAction\",\"target\":[\"https:\/\/mbtax.co.uk\/en\/firma-z-ograniczona-odpowiedzialnoscia\/miesieczne-sprawozdanie-kontraktora\/\"]}]},{\"@type\":\"BreadcrumbList\",\"@id\":\"https:\/\/mbtax.co.uk\/en\/firma-z-ograniczona-odpowiedzialnoscia\/miesieczne-sprawozdanie-kontraktora\/#breadcrumb\",\"itemListElement\":[{\"@type\":\"ListItem\",\"position\":1,\"name\":\"Strona g\u0142\u00f3wna\",\"item\":\"https:\/\/mbtax.co.uk\/\"},{\"@type\":\"ListItem\",\"position\":2,\"name\":\"Firma z ograniczon\u0105 odpowiedzialno\u015bci\u0105\",\"item\":\"https:\/\/mbtax.co.uk\/firma-z-ograniczona-odpowiedzialnoscia\/\"},{\"@type\":\"ListItem\",\"position\":3,\"name\":\"Miesi\u0119czne sprawozdanie kontraktora\"}]},{\"@type\":\"WebSite\",\"@id\":\"https:\/\/mbtax.co.uk\/#website\",\"url\":\"https:\/\/mbtax.co.uk\/\",\"name\":\"MB TAX ADVICE LTD\",\"description\":\"Biuro ksi\u0119gowo\u015bci w Londynie\",\"potentialAction\":[{\"@type\":\"SearchAction\",\"target\":{\"@type\":\"EntryPoint\",\"urlTemplate\":\"https:\/\/mbtax.co.uk\/?s={search_term_string}\"},\"query-input\":{\"@type\":\"PropertyValueSpecification\",\"valueRequired\":true,\"valueName\":\"search_term_string\"}}],\"inLanguage\":\"en-US\"}]}<\/script>\n<!-- \/ Yoast SEO plugin. -->","yoast_head_json":{"title":"Miesi\u0119czne sprawozdanie kontraktora - MB TAX ADVICE LTD","robots":{"index":"index","follow":"follow","max-snippet":"max-snippet:-1","max-image-preview":"max-image-preview:large","max-video-preview":"max-video-preview:-1"},"canonical":"https:\/\/mbtax.co.uk\/en\/firma-z-ograniczona-odpowiedzialnoscia\/miesieczne-sprawozdanie-kontraktora\/","og_locale":"en_US","og_type":"article","og_title":"Miesi\u0119czne sprawozdanie kontraktora - MB TAX ADVICE LTD","og_description":"Firmy Limited oraz osoby samozatrudnione dzia\u0142aj\u0105ce w sektorze budowlanym w ramach re\u017cimu CIS (Construction Industry Scheme), b\u0119d\u0105ce oficjalnymi wykonawcami rob\u00f3t (contractor), s\u0105 prawnie zobowi\u0105zane do ewidencjonowania p\u0142atno\u015bci dla podwykonawc\u00f3w i wysy\u0142ania miesi\u0119cznych raport\u00f3w do urz\u0119du skarbowego. Nie da si\u0119 od tego uciec, a sp\u00f3\u017anienia lub wr\u0119cz uchylanie si\u0119 od raport\u00f3w niesie za sob\u0105 powa\u017cne reperkusje [&hellip;]","og_url":"https:\/\/mbtax.co.uk\/en\/firma-z-ograniczona-odpowiedzialnoscia\/miesieczne-sprawozdanie-kontraktora\/","og_site_name":"MB TAX ADVICE LTD","article_modified_time":"2015-11-09T14:06:05+00:00","twitter_card":"summary_large_image","twitter_misc":{"Est. reading time":"1 minute"},"schema":{"@context":"https:\/\/schema.org","@graph":[{"@type":"WebPage","@id":"https:\/\/mbtax.co.uk\/en\/firma-z-ograniczona-odpowiedzialnoscia\/miesieczne-sprawozdanie-kontraktora\/","url":"https:\/\/mbtax.co.uk\/en\/firma-z-ograniczona-odpowiedzialnoscia\/miesieczne-sprawozdanie-kontraktora\/","name":"Miesi\u0119czne sprawozdanie kontraktora - MB TAX ADVICE LTD","isPartOf":{"@id":"https:\/\/mbtax.co.uk\/#website"},"datePublished":"2015-10-29T18:50:23+00:00","dateModified":"2015-11-09T14:06:05+00:00","breadcrumb":{"@id":"https:\/\/mbtax.co.uk\/en\/firma-z-ograniczona-odpowiedzialnoscia\/miesieczne-sprawozdanie-kontraktora\/#breadcrumb"},"inLanguage":"en-US","potentialAction":[{"@type":"ReadAction","target":["https:\/\/mbtax.co.uk\/en\/firma-z-ograniczona-odpowiedzialnoscia\/miesieczne-sprawozdanie-kontraktora\/"]}]},{"@type":"BreadcrumbList","@id":"https:\/\/mbtax.co.uk\/en\/firma-z-ograniczona-odpowiedzialnoscia\/miesieczne-sprawozdanie-kontraktora\/#breadcrumb","itemListElement":[{"@type":"ListItem","position":1,"name":"Strona g\u0142\u00f3wna","item":"https:\/\/mbtax.co.uk\/"},{"@type":"ListItem","position":2,"name":"Firma z ograniczon\u0105 odpowiedzialno\u015bci\u0105","item":"https:\/\/mbtax.co.uk\/firma-z-ograniczona-odpowiedzialnoscia\/"},{"@type":"ListItem","position":3,"name":"Miesi\u0119czne sprawozdanie kontraktora"}]},{"@type":"WebSite","@id":"https:\/\/mbtax.co.uk\/#website","url":"https:\/\/mbtax.co.uk\/","name":"MB TAX ADVICE LTD","description":"Biuro ksi\u0119gowo\u015bci w Londynie","potentialAction":[{"@type":"SearchAction","target":{"@type":"EntryPoint","urlTemplate":"https:\/\/mbtax.co.uk\/?s={search_term_string}"},"query-input":{"@type":"PropertyValueSpecification","valueRequired":true,"valueName":"search_term_string"}}],"inLanguage":"en-US"}]}},"_links":{"self":[{"href":"https:\/\/mbtax.co.uk\/en\/wp-json\/wp\/v2\/pages\/195","targetHints":{"allow":["GET"]}}],"collection":[{"href":"https:\/\/mbtax.co.uk\/en\/wp-json\/wp\/v2\/pages"}],"about":[{"href":"https:\/\/mbtax.co.uk\/en\/wp-json\/wp\/v2\/types\/page"}],"author":[{"embeddable":true,"href":"https:\/\/mbtax.co.uk\/en\/wp-json\/wp\/v2\/users\/2"}],"replies":[{"embeddable":true,"href":"https:\/\/mbtax.co.uk\/en\/wp-json\/wp\/v2\/comments?post=195"}],"version-history":[{"count":2,"href":"https:\/\/mbtax.co.uk\/en\/wp-json\/wp\/v2\/pages\/195\/revisions"}],"predecessor-version":[{"id":405,"href":"https:\/\/mbtax.co.uk\/en\/wp-json\/wp\/v2\/pages\/195\/revisions\/405"}],"up":[{"embeddable":true,"href":"https:\/\/mbtax.co.uk\/en\/wp-json\/wp\/v2\/pages\/166"}],"wp:attachment":[{"href":"https:\/\/mbtax.co.uk\/en\/wp-json\/wp\/v2\/media?parent=195"}],"curies":[{"name":"wp","href":"https:\/\/api.w.org\/{rel}","templated":true}]}}