{"id":202,"date":"2015-10-29T19:58:40","date_gmt":"2015-10-29T18:58:40","guid":{"rendered":"http:\/\/mbtax.co.uk\/?page_id=202"},"modified":"2015-10-29T19:58:40","modified_gmt":"2015-10-29T18:58:40","slug":"fakturowanie","status":"publish","type":"page","link":"https:\/\/mbtax.co.uk\/en\/firma-z-ograniczona-odpowiedzialnoscia\/fakturowanie\/","title":{"rendered":"Invoicing"},"content":{"rendered":"<p><strong>Doing business in the UK can be exciting, but issuing invoices is one of the most tedious tasks every entrepreneur has to deal with. It\u2019s not uncommon to wonder:\nShould my invoice be issued with zero VAT or without VAT at all?<\/strong><\/p>\n<p>&nbsp;<\/p>\n<p><strong>Which UK tax calculator should you use?<\/strong><\/p>\n<p>Does the income tax deduction for subcontractors cover materials as well, or only labour?\nThese and many other questions can be answered by the external company you\u2019ve just found \u2014 MB TAX ADVICE, an accounting firm in London that specialises in invoicing.<br \/>\nWe issue invoices to companies registered in the United Kingdom, Poland, and any other country.\nWe look forward to hearing from you!<\/p>","protected":false},"excerpt":{"rendered":"<p>Biznes w Wielkiej Brytanii potrafi by\u0107 pasjonuj\u0105cy jednak wystawianie faktur to jeden z najnudniejszych obowi\u0105zk\u00f3w, kt\u00f3re przypada wykonywa\u0107 przedsi\u0119biorcy. Niejednokrotnie pojawiaj\u0105 si\u0119 pytania czy moja faktura powinna by\u0107 wystawiona z zerowym VATem czy bez VATu? &nbsp; Jaki zastosowa\u0107 kalkulator podatkowy UK ? Czy zaliczka na podatek dochodowy dla podwykonawc\u00f3w obejmuje tak\u017ce materia\u0142y czy jedynie robocizn\u0119? [&hellip;]<\/p>","protected":false},"author":2,"featured_media":0,"parent":166,"menu_order":8,"comment_status":"closed","ping_status":"closed","template":"page-submenu.php","meta":{"footnotes":""},"class_list":["post-202","page","type-page","status-publish","hentry"],"yoast_head":"<!-- This site is optimized with the Yoast SEO plugin v26.1.1 - https:\/\/yoast.com\/wordpress\/plugins\/seo\/ -->\n<title>Fakturowanie - MB TAX ADVICE LTD<\/title>\n<meta name=\"robots\" content=\"index, follow, max-snippet:-1, max-image-preview:large, max-video-preview:-1\" \/>\n<link rel=\"canonical\" href=\"https:\/\/mbtax.co.uk\/en\/firma-z-ograniczona-odpowiedzialnoscia\/fakturowanie\/\" \/>\n<meta property=\"og:locale\" content=\"en_US\" \/>\n<meta property=\"og:type\" content=\"article\" \/>\n<meta property=\"og:title\" content=\"Fakturowanie - MB TAX ADVICE LTD\" \/>\n<meta property=\"og:description\" content=\"Biznes w Wielkiej Brytanii potrafi by\u0107 pasjonuj\u0105cy jednak wystawianie faktur to jeden z najnudniejszych obowi\u0105zk\u00f3w, kt\u00f3re przypada wykonywa\u0107 przedsi\u0119biorcy. Niejednokrotnie pojawiaj\u0105 si\u0119 pytania czy moja faktura powinna by\u0107 wystawiona z zerowym VATem czy bez VATu? &nbsp; Jaki zastosowa\u0107 kalkulator podatkowy UK ? Czy zaliczka na podatek dochodowy dla podwykonawc\u00f3w obejmuje tak\u017ce materia\u0142y czy jedynie robocizn\u0119? [&hellip;]\" \/>\n<meta property=\"og:url\" content=\"https:\/\/mbtax.co.uk\/en\/firma-z-ograniczona-odpowiedzialnoscia\/fakturowanie\/\" \/>\n<meta property=\"og:site_name\" content=\"MB TAX ADVICE LTD\" \/>\n<meta name=\"twitter:card\" content=\"summary_large_image\" \/>\n<meta name=\"twitter:label1\" content=\"Est. reading time\" \/>\n\t<meta name=\"twitter:data1\" content=\"1 minute\" \/>\n<script type=\"application\/ld+json\" class=\"yoast-schema-graph\">{\"@context\":\"https:\/\/schema.org\",\"@graph\":[{\"@type\":\"WebPage\",\"@id\":\"https:\/\/mbtax.co.uk\/en\/firma-z-ograniczona-odpowiedzialnoscia\/fakturowanie\/\",\"url\":\"https:\/\/mbtax.co.uk\/en\/firma-z-ograniczona-odpowiedzialnoscia\/fakturowanie\/\",\"name\":\"Fakturowanie - MB TAX ADVICE LTD\",\"isPartOf\":{\"@id\":\"https:\/\/mbtax.co.uk\/#website\"},\"datePublished\":\"2015-10-29T18:58:40+00:00\",\"breadcrumb\":{\"@id\":\"https:\/\/mbtax.co.uk\/en\/firma-z-ograniczona-odpowiedzialnoscia\/fakturowanie\/#breadcrumb\"},\"inLanguage\":\"en-US\",\"potentialAction\":[{\"@type\":\"ReadAction\",\"target\":[\"https:\/\/mbtax.co.uk\/en\/firma-z-ograniczona-odpowiedzialnoscia\/fakturowanie\/\"]}]},{\"@type\":\"BreadcrumbList\",\"@id\":\"https:\/\/mbtax.co.uk\/en\/firma-z-ograniczona-odpowiedzialnoscia\/fakturowanie\/#breadcrumb\",\"itemListElement\":[{\"@type\":\"ListItem\",\"position\":1,\"name\":\"Strona g\u0142\u00f3wna\",\"item\":\"https:\/\/mbtax.co.uk\/\"},{\"@type\":\"ListItem\",\"position\":2,\"name\":\"Firma z ograniczon\u0105 odpowiedzialno\u015bci\u0105\",\"item\":\"https:\/\/mbtax.co.uk\/firma-z-ograniczona-odpowiedzialnoscia\/\"},{\"@type\":\"ListItem\",\"position\":3,\"name\":\"Fakturowanie\"}]},{\"@type\":\"WebSite\",\"@id\":\"https:\/\/mbtax.co.uk\/#website\",\"url\":\"https:\/\/mbtax.co.uk\/\",\"name\":\"MB TAX ADVICE LTD\",\"description\":\"Biuro ksi\u0119gowo\u015bci w Londynie\",\"potentialAction\":[{\"@type\":\"SearchAction\",\"target\":{\"@type\":\"EntryPoint\",\"urlTemplate\":\"https:\/\/mbtax.co.uk\/?s={search_term_string}\"},\"query-input\":{\"@type\":\"PropertyValueSpecification\",\"valueRequired\":true,\"valueName\":\"search_term_string\"}}],\"inLanguage\":\"en-US\"}]}<\/script>\n<!-- \/ Yoast SEO plugin. -->","yoast_head_json":{"title":"Fakturowanie - MB TAX ADVICE LTD","robots":{"index":"index","follow":"follow","max-snippet":"max-snippet:-1","max-image-preview":"max-image-preview:large","max-video-preview":"max-video-preview:-1"},"canonical":"https:\/\/mbtax.co.uk\/en\/firma-z-ograniczona-odpowiedzialnoscia\/fakturowanie\/","og_locale":"en_US","og_type":"article","og_title":"Fakturowanie - MB TAX ADVICE LTD","og_description":"Biznes w Wielkiej Brytanii potrafi by\u0107 pasjonuj\u0105cy jednak wystawianie faktur to jeden z najnudniejszych obowi\u0105zk\u00f3w, kt\u00f3re przypada wykonywa\u0107 przedsi\u0119biorcy. Niejednokrotnie pojawiaj\u0105 si\u0119 pytania czy moja faktura powinna by\u0107 wystawiona z zerowym VATem czy bez VATu? &nbsp; Jaki zastosowa\u0107 kalkulator podatkowy UK ? Czy zaliczka na podatek dochodowy dla podwykonawc\u00f3w obejmuje tak\u017ce materia\u0142y czy jedynie robocizn\u0119? [&hellip;]","og_url":"https:\/\/mbtax.co.uk\/en\/firma-z-ograniczona-odpowiedzialnoscia\/fakturowanie\/","og_site_name":"MB TAX ADVICE LTD","twitter_card":"summary_large_image","twitter_misc":{"Est. reading time":"1 minute"},"schema":{"@context":"https:\/\/schema.org","@graph":[{"@type":"WebPage","@id":"https:\/\/mbtax.co.uk\/en\/firma-z-ograniczona-odpowiedzialnoscia\/fakturowanie\/","url":"https:\/\/mbtax.co.uk\/en\/firma-z-ograniczona-odpowiedzialnoscia\/fakturowanie\/","name":"Fakturowanie - MB TAX ADVICE LTD","isPartOf":{"@id":"https:\/\/mbtax.co.uk\/#website"},"datePublished":"2015-10-29T18:58:40+00:00","breadcrumb":{"@id":"https:\/\/mbtax.co.uk\/en\/firma-z-ograniczona-odpowiedzialnoscia\/fakturowanie\/#breadcrumb"},"inLanguage":"en-US","potentialAction":[{"@type":"ReadAction","target":["https:\/\/mbtax.co.uk\/en\/firma-z-ograniczona-odpowiedzialnoscia\/fakturowanie\/"]}]},{"@type":"BreadcrumbList","@id":"https:\/\/mbtax.co.uk\/en\/firma-z-ograniczona-odpowiedzialnoscia\/fakturowanie\/#breadcrumb","itemListElement":[{"@type":"ListItem","position":1,"name":"Strona g\u0142\u00f3wna","item":"https:\/\/mbtax.co.uk\/"},{"@type":"ListItem","position":2,"name":"Firma z ograniczon\u0105 odpowiedzialno\u015bci\u0105","item":"https:\/\/mbtax.co.uk\/firma-z-ograniczona-odpowiedzialnoscia\/"},{"@type":"ListItem","position":3,"name":"Fakturowanie"}]},{"@type":"WebSite","@id":"https:\/\/mbtax.co.uk\/#website","url":"https:\/\/mbtax.co.uk\/","name":"MB TAX ADVICE LTD","description":"Biuro ksi\u0119gowo\u015bci w Londynie","potentialAction":[{"@type":"SearchAction","target":{"@type":"EntryPoint","urlTemplate":"https:\/\/mbtax.co.uk\/?s={search_term_string}"},"query-input":{"@type":"PropertyValueSpecification","valueRequired":true,"valueName":"search_term_string"}}],"inLanguage":"en-US"}]}},"_links":{"self":[{"href":"https:\/\/mbtax.co.uk\/en\/wp-json\/wp\/v2\/pages\/202","targetHints":{"allow":["GET"]}}],"collection":[{"href":"https:\/\/mbtax.co.uk\/en\/wp-json\/wp\/v2\/pages"}],"about":[{"href":"https:\/\/mbtax.co.uk\/en\/wp-json\/wp\/v2\/types\/page"}],"author":[{"embeddable":true,"href":"https:\/\/mbtax.co.uk\/en\/wp-json\/wp\/v2\/users\/2"}],"replies":[{"embeddable":true,"href":"https:\/\/mbtax.co.uk\/en\/wp-json\/wp\/v2\/comments?post=202"}],"version-history":[{"count":1,"href":"https:\/\/mbtax.co.uk\/en\/wp-json\/wp\/v2\/pages\/202\/revisions"}],"predecessor-version":[{"id":204,"href":"https:\/\/mbtax.co.uk\/en\/wp-json\/wp\/v2\/pages\/202\/revisions\/204"}],"up":[{"embeddable":true,"href":"https:\/\/mbtax.co.uk\/en\/wp-json\/wp\/v2\/pages\/166"}],"wp:attachment":[{"href":"https:\/\/mbtax.co.uk\/en\/wp-json\/wp\/v2\/media?parent=202"}],"curies":[{"name":"wp","href":"https:\/\/api.w.org\/{rel}","templated":true}]}}