{"id":206,"date":"2015-10-29T20:04:10","date_gmt":"2015-10-29T19:04:10","guid":{"rendered":"http:\/\/mbtax.co.uk\/?page_id=206"},"modified":"2015-11-09T15:06:49","modified_gmt":"2015-11-09T14:06:49","slug":"rejestracja-se","status":"publish","type":"page","link":"https:\/\/mbtax.co.uk\/en\/jednoosobowa-dzialalnosc-gospodarcza\/rejestracja-se\/","title":{"rendered":"SE Registration"},"content":{"rendered":"<p><strong>Self-employment -<\/strong> It is a very popular and by far the simplest way to run a business in the United Kingdom. This low-formalised form of work is the opposite of being employed by a company. To register and officially start your activity as a self-employed person, for example, a painter, hairdresser, or illustrator, all you initially need is a National Insurance Number.\n\nWe have been offering assistance in obtaining it since the very beginning, including arranging appointments and providing advice on the required documents and proper conduct during your visit to the Job Centre Plus.<\/p>\n<p>&nbsp;<\/p>\n<p>Proper self-employment registration is carried out with the Her Majesty\u2019s Revenue &amp; Customs (HMRC).\nAll information regarding the required documents, fees, and taxes such as Personal Income Tax and National Insurance Contributions can be obtained during a consultation with the experienced accountants at MB TAX ADVICE.<\/p>","protected":false},"excerpt":{"rendered":"<p>Self-employement, czyli samo zatrudnienie; self-employed, czyli samozatrudniony. Jest to bardzo popularny i zdecydowanie najprostszy spos\u00f3b prowadzenia dzia\u0142alno\u015bci gospodarczej w Wielkiej Brytanii. Jest nisko sformalizowan\u0105 form\u0105 pracy b\u0119d\u0105c\u0105 przeciwie\u0144stwem zatrudnienia w firmie (employment). By zarejestrowa\u0107 si\u0119 i rozpocz\u0105\u0107 oficjalnie dzia\u0142alno\u015b\u0107 jako samozatrudniony np. malarz, fryzjer czy rysownik wystarczy na pocz\u0105tek National Insurance Number. Pomoc w jego [&hellip;]<\/p>","protected":false},"author":2,"featured_media":0,"parent":199,"menu_order":1,"comment_status":"closed","ping_status":"closed","template":"page-submenu.php","meta":{"footnotes":""},"class_list":["post-206","page","type-page","status-publish","hentry"],"yoast_head":"<!-- This site is optimized with the Yoast SEO plugin v26.1.1 - https:\/\/yoast.com\/wordpress\/plugins\/seo\/ -->\n<title>Rejestracja SE - MB TAX ADVICE LTD<\/title>\n<meta name=\"robots\" content=\"index, follow, max-snippet:-1, max-image-preview:large, max-video-preview:-1\" \/>\n<link rel=\"canonical\" href=\"https:\/\/mbtax.co.uk\/en\/jednoosobowa-dzialalnosc-gospodarcza\/rejestracja-se\/\" \/>\n<meta property=\"og:locale\" content=\"en_US\" \/>\n<meta property=\"og:type\" content=\"article\" \/>\n<meta property=\"og:title\" content=\"Rejestracja SE - MB TAX ADVICE LTD\" \/>\n<meta property=\"og:description\" content=\"Self-employement, czyli samo zatrudnienie; self-employed, czyli samozatrudniony. Jest to bardzo popularny i zdecydowanie najprostszy spos\u00f3b prowadzenia dzia\u0142alno\u015bci gospodarczej w Wielkiej Brytanii. Jest nisko sformalizowan\u0105 form\u0105 pracy b\u0119d\u0105c\u0105 przeciwie\u0144stwem zatrudnienia w firmie (employment). By zarejestrowa\u0107 si\u0119 i rozpocz\u0105\u0107 oficjalnie dzia\u0142alno\u015b\u0107 jako samozatrudniony np. malarz, fryzjer czy rysownik wystarczy na pocz\u0105tek National Insurance Number. Pomoc w jego [&hellip;]\" \/>\n<meta property=\"og:url\" content=\"https:\/\/mbtax.co.uk\/en\/jednoosobowa-dzialalnosc-gospodarcza\/rejestracja-se\/\" \/>\n<meta property=\"og:site_name\" content=\"MB TAX ADVICE LTD\" \/>\n<meta property=\"article:modified_time\" content=\"2015-11-09T14:06:49+00:00\" \/>\n<meta name=\"twitter:card\" content=\"summary_large_image\" \/>\n<meta name=\"twitter:label1\" content=\"Est. reading time\" \/>\n\t<meta name=\"twitter:data1\" content=\"1 minute\" \/>\n<script type=\"application\/ld+json\" class=\"yoast-schema-graph\">{\"@context\":\"https:\/\/schema.org\",\"@graph\":[{\"@type\":\"WebPage\",\"@id\":\"https:\/\/mbtax.co.uk\/en\/jednoosobowa-dzialalnosc-gospodarcza\/rejestracja-se\/\",\"url\":\"https:\/\/mbtax.co.uk\/en\/jednoosobowa-dzialalnosc-gospodarcza\/rejestracja-se\/\",\"name\":\"Rejestracja SE - MB TAX ADVICE LTD\",\"isPartOf\":{\"@id\":\"https:\/\/mbtax.co.uk\/#website\"},\"datePublished\":\"2015-10-29T19:04:10+00:00\",\"dateModified\":\"2015-11-09T14:06:49+00:00\",\"breadcrumb\":{\"@id\":\"https:\/\/mbtax.co.uk\/en\/jednoosobowa-dzialalnosc-gospodarcza\/rejestracja-se\/#breadcrumb\"},\"inLanguage\":\"en-US\",\"potentialAction\":[{\"@type\":\"ReadAction\",\"target\":[\"https:\/\/mbtax.co.uk\/en\/jednoosobowa-dzialalnosc-gospodarcza\/rejestracja-se\/\"]}]},{\"@type\":\"BreadcrumbList\",\"@id\":\"https:\/\/mbtax.co.uk\/en\/jednoosobowa-dzialalnosc-gospodarcza\/rejestracja-se\/#breadcrumb\",\"itemListElement\":[{\"@type\":\"ListItem\",\"position\":1,\"name\":\"Strona g\u0142\u00f3wna\",\"item\":\"https:\/\/mbtax.co.uk\/\"},{\"@type\":\"ListItem\",\"position\":2,\"name\":\"Jednoosobowa dzia\u0142alno\u015b\u0107 gospodarcza\",\"item\":\"https:\/\/mbtax.co.uk\/jednoosobowa-dzialalnosc-gospodarcza\/\"},{\"@type\":\"ListItem\",\"position\":3,\"name\":\"Rejestracja SE\"}]},{\"@type\":\"WebSite\",\"@id\":\"https:\/\/mbtax.co.uk\/#website\",\"url\":\"https:\/\/mbtax.co.uk\/\",\"name\":\"MB TAX ADVICE LTD\",\"description\":\"Biuro ksi\u0119gowo\u015bci w Londynie\",\"potentialAction\":[{\"@type\":\"SearchAction\",\"target\":{\"@type\":\"EntryPoint\",\"urlTemplate\":\"https:\/\/mbtax.co.uk\/?s={search_term_string}\"},\"query-input\":{\"@type\":\"PropertyValueSpecification\",\"valueRequired\":true,\"valueName\":\"search_term_string\"}}],\"inLanguage\":\"en-US\"}]}<\/script>\n<!-- \/ Yoast SEO plugin. -->","yoast_head_json":{"title":"Rejestracja SE - MB TAX ADVICE LTD","robots":{"index":"index","follow":"follow","max-snippet":"max-snippet:-1","max-image-preview":"max-image-preview:large","max-video-preview":"max-video-preview:-1"},"canonical":"https:\/\/mbtax.co.uk\/en\/jednoosobowa-dzialalnosc-gospodarcza\/rejestracja-se\/","og_locale":"en_US","og_type":"article","og_title":"Rejestracja SE - MB TAX ADVICE LTD","og_description":"Self-employement, czyli samo zatrudnienie; self-employed, czyli samozatrudniony. Jest to bardzo popularny i zdecydowanie najprostszy spos\u00f3b prowadzenia dzia\u0142alno\u015bci gospodarczej w Wielkiej Brytanii. Jest nisko sformalizowan\u0105 form\u0105 pracy b\u0119d\u0105c\u0105 przeciwie\u0144stwem zatrudnienia w firmie (employment). By zarejestrowa\u0107 si\u0119 i rozpocz\u0105\u0107 oficjalnie dzia\u0142alno\u015b\u0107 jako samozatrudniony np. malarz, fryzjer czy rysownik wystarczy na pocz\u0105tek National Insurance Number. Pomoc w jego [&hellip;]","og_url":"https:\/\/mbtax.co.uk\/en\/jednoosobowa-dzialalnosc-gospodarcza\/rejestracja-se\/","og_site_name":"MB TAX ADVICE LTD","article_modified_time":"2015-11-09T14:06:49+00:00","twitter_card":"summary_large_image","twitter_misc":{"Est. reading time":"1 minute"},"schema":{"@context":"https:\/\/schema.org","@graph":[{"@type":"WebPage","@id":"https:\/\/mbtax.co.uk\/en\/jednoosobowa-dzialalnosc-gospodarcza\/rejestracja-se\/","url":"https:\/\/mbtax.co.uk\/en\/jednoosobowa-dzialalnosc-gospodarcza\/rejestracja-se\/","name":"Rejestracja SE - MB TAX ADVICE LTD","isPartOf":{"@id":"https:\/\/mbtax.co.uk\/#website"},"datePublished":"2015-10-29T19:04:10+00:00","dateModified":"2015-11-09T14:06:49+00:00","breadcrumb":{"@id":"https:\/\/mbtax.co.uk\/en\/jednoosobowa-dzialalnosc-gospodarcza\/rejestracja-se\/#breadcrumb"},"inLanguage":"en-US","potentialAction":[{"@type":"ReadAction","target":["https:\/\/mbtax.co.uk\/en\/jednoosobowa-dzialalnosc-gospodarcza\/rejestracja-se\/"]}]},{"@type":"BreadcrumbList","@id":"https:\/\/mbtax.co.uk\/en\/jednoosobowa-dzialalnosc-gospodarcza\/rejestracja-se\/#breadcrumb","itemListElement":[{"@type":"ListItem","position":1,"name":"Strona g\u0142\u00f3wna","item":"https:\/\/mbtax.co.uk\/"},{"@type":"ListItem","position":2,"name":"Jednoosobowa dzia\u0142alno\u015b\u0107 gospodarcza","item":"https:\/\/mbtax.co.uk\/jednoosobowa-dzialalnosc-gospodarcza\/"},{"@type":"ListItem","position":3,"name":"Rejestracja SE"}]},{"@type":"WebSite","@id":"https:\/\/mbtax.co.uk\/#website","url":"https:\/\/mbtax.co.uk\/","name":"MB TAX ADVICE LTD","description":"Biuro ksi\u0119gowo\u015bci w Londynie","potentialAction":[{"@type":"SearchAction","target":{"@type":"EntryPoint","urlTemplate":"https:\/\/mbtax.co.uk\/?s={search_term_string}"},"query-input":{"@type":"PropertyValueSpecification","valueRequired":true,"valueName":"search_term_string"}}],"inLanguage":"en-US"}]}},"_links":{"self":[{"href":"https:\/\/mbtax.co.uk\/en\/wp-json\/wp\/v2\/pages\/206","targetHints":{"allow":["GET"]}}],"collection":[{"href":"https:\/\/mbtax.co.uk\/en\/wp-json\/wp\/v2\/pages"}],"about":[{"href":"https:\/\/mbtax.co.uk\/en\/wp-json\/wp\/v2\/types\/page"}],"author":[{"embeddable":true,"href":"https:\/\/mbtax.co.uk\/en\/wp-json\/wp\/v2\/users\/2"}],"replies":[{"embeddable":true,"href":"https:\/\/mbtax.co.uk\/en\/wp-json\/wp\/v2\/comments?post=206"}],"version-history":[{"count":2,"href":"https:\/\/mbtax.co.uk\/en\/wp-json\/wp\/v2\/pages\/206\/revisions"}],"predecessor-version":[{"id":406,"href":"https:\/\/mbtax.co.uk\/en\/wp-json\/wp\/v2\/pages\/206\/revisions\/406"}],"up":[{"embeddable":true,"href":"https:\/\/mbtax.co.uk\/en\/wp-json\/wp\/v2\/pages\/199"}],"wp:attachment":[{"href":"https:\/\/mbtax.co.uk\/en\/wp-json\/wp\/v2\/media?parent=206"}],"curies":[{"name":"wp","href":"https:\/\/api.w.org\/{rel}","templated":true}]}}