{"id":214,"date":"2015-10-29T20:17:12","date_gmt":"2015-10-29T19:17:12","guid":{"rendered":"http:\/\/mbtax.co.uk\/?page_id=214"},"modified":"2015-11-09T15:08:49","modified_gmt":"2015-11-09T14:08:49","slug":"rejestracja-cscs","status":"publish","type":"page","link":"https:\/\/mbtax.co.uk\/en\/jednoosobowa-dzialalnosc-gospodarcza\/rejestracja-cscs\/","title":{"rendered":"CSCS Registration"},"content":{"rendered":"<p><strong>To work in the construction industry, you need to be well prepared. In the United Kingdom, it is essential to pass the CSCS (Construction Skills Certificate Scheme) test, which assesses your knowledge and skills in this specialised sector that requires proper know-how as well as an understanding of health and safety regulations.<\/strong><\/p>\n<p>&nbsp;<\/p>\n<p>You can register and apply for the exam by phone with the help of the MB TAX ADVICE team. Their experience and knowledge of English will make the process much easier for you. It is also possible to book the exam in Polish. The staff at MB TAX ADVICE will assist you, or even handle the entire process on your behalf, including preparing and submitting all the required documentation.<\/p>\n<p>All that will be left for you is to calmly prepare for the exam, right after you schedule an appointment with us.<\/p>","protected":false},"excerpt":{"rendered":"<p>Do trudnej pracy w budownictwie trzeba by\u0107 dobrze przygotowanym. W Wielkiej Brytanii niezb\u0119dne jest zdanie egzaminu CSCS (Construction Skills Certificate Scheme) maj\u0105cego sprawdzi\u0107 Twoj\u0105 wiedz\u0119 i umiej\u0119tno\u015bci w tym specjalistycznym sektorze wymagaj\u0105cym odpowiedniej know-how, znajomo\u015bci zasad bezpiecze\u0144stwa i higieny pracy. &nbsp; Zg\u0142oszenia i rejestracji do egzaminu mo\u017cna dokona\u0107 telefonicznie z pomoc\u0105 pracownik\u00f3w MB TAX ADVICE. [&hellip;]<\/p>","protected":false},"author":2,"featured_media":0,"parent":199,"menu_order":3,"comment_status":"closed","ping_status":"closed","template":"page-submenu.php","meta":{"footnotes":""},"class_list":["post-214","page","type-page","status-publish","hentry"],"yoast_head":"<!-- This site is optimized with the Yoast SEO plugin v26.1.1 - https:\/\/yoast.com\/wordpress\/plugins\/seo\/ -->\n<title>Rejestracja CSCS - MB TAX ADVICE LTD<\/title>\n<meta name=\"robots\" content=\"index, follow, max-snippet:-1, max-image-preview:large, max-video-preview:-1\" \/>\n<link rel=\"canonical\" href=\"https:\/\/mbtax.co.uk\/en\/jednoosobowa-dzialalnosc-gospodarcza\/rejestracja-cscs\/\" \/>\n<meta property=\"og:locale\" content=\"en_US\" \/>\n<meta property=\"og:type\" content=\"article\" \/>\n<meta property=\"og:title\" content=\"Rejestracja CSCS - MB TAX ADVICE LTD\" \/>\n<meta property=\"og:description\" content=\"Do trudnej pracy w budownictwie trzeba by\u0107 dobrze przygotowanym. W Wielkiej Brytanii niezb\u0119dne jest zdanie egzaminu CSCS (Construction Skills Certificate Scheme) maj\u0105cego sprawdzi\u0107 Twoj\u0105 wiedz\u0119 i umiej\u0119tno\u015bci w tym specjalistycznym sektorze wymagaj\u0105cym odpowiedniej know-how, znajomo\u015bci zasad bezpiecze\u0144stwa i higieny pracy. &nbsp; Zg\u0142oszenia i rejestracji do egzaminu mo\u017cna dokona\u0107 telefonicznie z pomoc\u0105 pracownik\u00f3w MB TAX ADVICE. [&hellip;]\" \/>\n<meta property=\"og:url\" content=\"https:\/\/mbtax.co.uk\/en\/jednoosobowa-dzialalnosc-gospodarcza\/rejestracja-cscs\/\" \/>\n<meta property=\"og:site_name\" content=\"MB TAX ADVICE LTD\" \/>\n<meta property=\"article:modified_time\" content=\"2015-11-09T14:08:49+00:00\" \/>\n<meta name=\"twitter:card\" content=\"summary_large_image\" \/>\n<meta name=\"twitter:label1\" content=\"Est. reading time\" \/>\n\t<meta name=\"twitter:data1\" content=\"1 minute\" \/>\n<script type=\"application\/ld+json\" class=\"yoast-schema-graph\">{\"@context\":\"https:\/\/schema.org\",\"@graph\":[{\"@type\":\"WebPage\",\"@id\":\"https:\/\/mbtax.co.uk\/en\/jednoosobowa-dzialalnosc-gospodarcza\/rejestracja-cscs\/\",\"url\":\"https:\/\/mbtax.co.uk\/en\/jednoosobowa-dzialalnosc-gospodarcza\/rejestracja-cscs\/\",\"name\":\"Rejestracja CSCS - MB TAX ADVICE LTD\",\"isPartOf\":{\"@id\":\"https:\/\/mbtax.co.uk\/#website\"},\"datePublished\":\"2015-10-29T19:17:12+00:00\",\"dateModified\":\"2015-11-09T14:08:49+00:00\",\"breadcrumb\":{\"@id\":\"https:\/\/mbtax.co.uk\/en\/jednoosobowa-dzialalnosc-gospodarcza\/rejestracja-cscs\/#breadcrumb\"},\"inLanguage\":\"en-US\",\"potentialAction\":[{\"@type\":\"ReadAction\",\"target\":[\"https:\/\/mbtax.co.uk\/en\/jednoosobowa-dzialalnosc-gospodarcza\/rejestracja-cscs\/\"]}]},{\"@type\":\"BreadcrumbList\",\"@id\":\"https:\/\/mbtax.co.uk\/en\/jednoosobowa-dzialalnosc-gospodarcza\/rejestracja-cscs\/#breadcrumb\",\"itemListElement\":[{\"@type\":\"ListItem\",\"position\":1,\"name\":\"Strona g\u0142\u00f3wna\",\"item\":\"https:\/\/mbtax.co.uk\/\"},{\"@type\":\"ListItem\",\"position\":2,\"name\":\"Jednoosobowa dzia\u0142alno\u015b\u0107 gospodarcza\",\"item\":\"https:\/\/mbtax.co.uk\/jednoosobowa-dzialalnosc-gospodarcza\/\"},{\"@type\":\"ListItem\",\"position\":3,\"name\":\"Rejestracja CSCS\"}]},{\"@type\":\"WebSite\",\"@id\":\"https:\/\/mbtax.co.uk\/#website\",\"url\":\"https:\/\/mbtax.co.uk\/\",\"name\":\"MB TAX ADVICE LTD\",\"description\":\"Biuro ksi\u0119gowo\u015bci w Londynie\",\"potentialAction\":[{\"@type\":\"SearchAction\",\"target\":{\"@type\":\"EntryPoint\",\"urlTemplate\":\"https:\/\/mbtax.co.uk\/?s={search_term_string}\"},\"query-input\":{\"@type\":\"PropertyValueSpecification\",\"valueRequired\":true,\"valueName\":\"search_term_string\"}}],\"inLanguage\":\"en-US\"}]}<\/script>\n<!-- \/ Yoast SEO plugin. -->","yoast_head_json":{"title":"Rejestracja CSCS - MB TAX ADVICE LTD","robots":{"index":"index","follow":"follow","max-snippet":"max-snippet:-1","max-image-preview":"max-image-preview:large","max-video-preview":"max-video-preview:-1"},"canonical":"https:\/\/mbtax.co.uk\/en\/jednoosobowa-dzialalnosc-gospodarcza\/rejestracja-cscs\/","og_locale":"en_US","og_type":"article","og_title":"Rejestracja CSCS - MB TAX ADVICE LTD","og_description":"Do trudnej pracy w budownictwie trzeba by\u0107 dobrze przygotowanym. W Wielkiej Brytanii niezb\u0119dne jest zdanie egzaminu CSCS (Construction Skills Certificate Scheme) maj\u0105cego sprawdzi\u0107 Twoj\u0105 wiedz\u0119 i umiej\u0119tno\u015bci w tym specjalistycznym sektorze wymagaj\u0105cym odpowiedniej know-how, znajomo\u015bci zasad bezpiecze\u0144stwa i higieny pracy. &nbsp; Zg\u0142oszenia i rejestracji do egzaminu mo\u017cna dokona\u0107 telefonicznie z pomoc\u0105 pracownik\u00f3w MB TAX ADVICE. [&hellip;]","og_url":"https:\/\/mbtax.co.uk\/en\/jednoosobowa-dzialalnosc-gospodarcza\/rejestracja-cscs\/","og_site_name":"MB TAX ADVICE LTD","article_modified_time":"2015-11-09T14:08:49+00:00","twitter_card":"summary_large_image","twitter_misc":{"Est. reading time":"1 minute"},"schema":{"@context":"https:\/\/schema.org","@graph":[{"@type":"WebPage","@id":"https:\/\/mbtax.co.uk\/en\/jednoosobowa-dzialalnosc-gospodarcza\/rejestracja-cscs\/","url":"https:\/\/mbtax.co.uk\/en\/jednoosobowa-dzialalnosc-gospodarcza\/rejestracja-cscs\/","name":"Rejestracja CSCS - MB TAX ADVICE LTD","isPartOf":{"@id":"https:\/\/mbtax.co.uk\/#website"},"datePublished":"2015-10-29T19:17:12+00:00","dateModified":"2015-11-09T14:08:49+00:00","breadcrumb":{"@id":"https:\/\/mbtax.co.uk\/en\/jednoosobowa-dzialalnosc-gospodarcza\/rejestracja-cscs\/#breadcrumb"},"inLanguage":"en-US","potentialAction":[{"@type":"ReadAction","target":["https:\/\/mbtax.co.uk\/en\/jednoosobowa-dzialalnosc-gospodarcza\/rejestracja-cscs\/"]}]},{"@type":"BreadcrumbList","@id":"https:\/\/mbtax.co.uk\/en\/jednoosobowa-dzialalnosc-gospodarcza\/rejestracja-cscs\/#breadcrumb","itemListElement":[{"@type":"ListItem","position":1,"name":"Strona g\u0142\u00f3wna","item":"https:\/\/mbtax.co.uk\/"},{"@type":"ListItem","position":2,"name":"Jednoosobowa dzia\u0142alno\u015b\u0107 gospodarcza","item":"https:\/\/mbtax.co.uk\/jednoosobowa-dzialalnosc-gospodarcza\/"},{"@type":"ListItem","position":3,"name":"Rejestracja CSCS"}]},{"@type":"WebSite","@id":"https:\/\/mbtax.co.uk\/#website","url":"https:\/\/mbtax.co.uk\/","name":"MB TAX ADVICE LTD","description":"Biuro ksi\u0119gowo\u015bci w Londynie","potentialAction":[{"@type":"SearchAction","target":{"@type":"EntryPoint","urlTemplate":"https:\/\/mbtax.co.uk\/?s={search_term_string}"},"query-input":{"@type":"PropertyValueSpecification","valueRequired":true,"valueName":"search_term_string"}}],"inLanguage":"en-US"}]}},"_links":{"self":[{"href":"https:\/\/mbtax.co.uk\/en\/wp-json\/wp\/v2\/pages\/214","targetHints":{"allow":["GET"]}}],"collection":[{"href":"https:\/\/mbtax.co.uk\/en\/wp-json\/wp\/v2\/pages"}],"about":[{"href":"https:\/\/mbtax.co.uk\/en\/wp-json\/wp\/v2\/types\/page"}],"author":[{"embeddable":true,"href":"https:\/\/mbtax.co.uk\/en\/wp-json\/wp\/v2\/users\/2"}],"replies":[{"embeddable":true,"href":"https:\/\/mbtax.co.uk\/en\/wp-json\/wp\/v2\/comments?post=214"}],"version-history":[{"count":2,"href":"https:\/\/mbtax.co.uk\/en\/wp-json\/wp\/v2\/pages\/214\/revisions"}],"predecessor-version":[{"id":410,"href":"https:\/\/mbtax.co.uk\/en\/wp-json\/wp\/v2\/pages\/214\/revisions\/410"}],"up":[{"embeddable":true,"href":"https:\/\/mbtax.co.uk\/en\/wp-json\/wp\/v2\/pages\/199"}],"wp:attachment":[{"href":"https:\/\/mbtax.co.uk\/en\/wp-json\/wp\/v2\/media?parent=214"}],"curies":[{"name":"wp","href":"https:\/\/api.w.org\/{rel}","templated":true}]}}