{"id":227,"date":"2015-10-29T20:28:22","date_gmt":"2015-10-29T19:28:22","guid":{"rendered":"http:\/\/mbtax.co.uk\/?page_id=227"},"modified":"2025-11-07T19:02:23","modified_gmt":"2025-11-07T18:02:23","slug":"rezydentura","status":"publish","type":"page","link":"https:\/\/mbtax.co.uk\/en\/pobyt-w-uk\/rezydentura\/","title":{"rendered":"Residency"},"content":{"rendered":"<p data-start=\"0\" data-end=\"236\">The procedures for obtaining residency in the UK changed due to Brexit, <strong data-start=\"77\" data-end=\"88\">Brexitu<\/strong>, resulting in people having to apply for <strong data-start=\"178\" data-end=\"220\">EU Settled Status<\/strong> or <strong data-start=\"225\" data-end=\"233\">a visa if they did not hold British citizenship<\/strong>.<\/p>\n<p data-start=\"238\" data-end=\"634\"><strong data-start=\"238\" data-end=\"294\">The EU Settlement Scheme (EUSS)<\/strong> was introduced by the UK government as part of the Brexit withdrawal process <strong data-start=\"393\" data-end=\"444\">to protect the rights of EU, EEA, and Swiss,<\/strong>citizens who were already living in the UK <strong data-start=\"483\" data-end=\"555\">before the end of the Brexit transition period (31 December 2020).<\/strong>.<br data-start=\"556\" data-end=\"559\" \/>The official deadline to apply for the EUSS was <strong data-start=\"610\" data-end=\"632\">30 June 2021.<\/strong><\/p>\n<p data-start=\"636\" data-end=\"673\">You can still make an application now if you are:<\/p>\n<ul data-start=\"674\" data-end=\"907\">\n<li data-start=\"674\" data-end=\"824\">\n<p data-start=\"676\" data-end=\"824\"><strong data-start=\"676\" data-end=\"708\">joining a family member<\/strong>(for example, adding a new child to your settled status so that they can have the same residency status as their parent), <span style=\"color: initial;\">or if you have <\/span><strong style=\"color: initial;\" data-start=\"842\" data-end=\"874\">a valid reason<\/strong><span style=\"color: initial;\"> and are able <\/span><strong style=\"color: initial;\" data-start=\"887\" data-end=\"904\">to provide proof<\/strong><span style=\"color: initial;\">.<\/span><\/p>\n<\/li>\n<\/ul>\n<p data-start=\"909\" data-end=\"1144\">If <strong data-start=\"915\" data-end=\"961\">the EUSS is not suitable in your case,<\/strong>, you will most likely then <strong data-start=\"997\" data-end=\"1019\">need to apply for a visa<\/strong>This is best done with <strong data-start=\"1050\" data-end=\"1076\">prawnika imigracyjnego<\/strong>an immigration solicitor as they can better instruct which type of visa would be suitable for you.<\/p>\n<p data-start=\"1146\" data-end=\"1298\" data-is-last-node=\"\" data-is-only-node=\"\">By <strong data-start=\"1151\" data-end=\"1167\">not having EUSS<\/strong>, <strong data-start=\"1169\" data-end=\"1190\">a suitable visa<\/strong> or <strong data-start=\"1195\" data-end=\"1224\">British citizenship<\/strong> ,you will not have the <strong data-start=\"1237\" data-end=\"1297\">right to work and\/or live in the UK.<\/strong>.<\/p>","protected":false},"excerpt":{"rendered":"<p>Procedury uzyskania prawa pobytu w Wielkiej Brytanii uleg\u0142y zmianie w wyniku Brexitu, co spowodowa\u0142o, \u017ce osoby nieposiadaj\u0105ce brytyjskiego obywatelstwa musia\u0142y ubiega\u0107 si\u0119 o status osiedlonego (EU Settled Status) lub wiz\u0119. Program osiedle\u0144czy UE (EU Settlement Scheme \u2013 EUSS) zosta\u0142 wprowadzony przez rz\u0105d Wielkiej Brytanii w ramach procesu wyj\u015bcia z Unii Europejskiej, aby chroni\u0107 prawa obywateli [&hellip;]<\/p>","protected":false},"author":2,"featured_media":0,"parent":224,"menu_order":1,"comment_status":"closed","ping_status":"closed","template":"page-submenu.php","meta":{"footnotes":""},"class_list":["post-227","page","type-page","status-publish","hentry"],"yoast_head":"<!-- This site is optimized with the Yoast SEO plugin v26.1.1 - https:\/\/yoast.com\/wordpress\/plugins\/seo\/ -->\n<title>Rezydentura - MB TAX ADVICE LTD<\/title>\n<meta name=\"robots\" content=\"index, follow, max-snippet:-1, max-image-preview:large, max-video-preview:-1\" \/>\n<link rel=\"canonical\" href=\"https:\/\/mbtax.co.uk\/en\/pobyt-w-uk\/rezydentura\/\" \/>\n<meta property=\"og:locale\" content=\"en_US\" \/>\n<meta property=\"og:type\" content=\"article\" \/>\n<meta property=\"og:title\" content=\"Rezydentura - MB TAX ADVICE LTD\" \/>\n<meta property=\"og:description\" content=\"Procedury uzyskania prawa pobytu w Wielkiej Brytanii uleg\u0142y zmianie w wyniku Brexitu, co spowodowa\u0142o, \u017ce osoby nieposiadaj\u0105ce brytyjskiego obywatelstwa musia\u0142y ubiega\u0107 si\u0119 o status osiedlonego (EU Settled Status) lub wiz\u0119. Program osiedle\u0144czy UE (EU Settlement Scheme \u2013 EUSS) zosta\u0142 wprowadzony przez rz\u0105d Wielkiej Brytanii w ramach procesu wyj\u015bcia z Unii Europejskiej, aby chroni\u0107 prawa obywateli [&hellip;]\" \/>\n<meta property=\"og:url\" content=\"https:\/\/mbtax.co.uk\/en\/pobyt-w-uk\/rezydentura\/\" \/>\n<meta property=\"og:site_name\" content=\"MB TAX ADVICE LTD\" \/>\n<meta property=\"article:modified_time\" content=\"2025-11-07T18:02:23+00:00\" \/>\n<meta name=\"twitter:card\" content=\"summary_large_image\" \/>\n<meta name=\"twitter:label1\" content=\"Est. reading time\" \/>\n\t<meta name=\"twitter:data1\" content=\"2 minutes\" \/>\n<script type=\"application\/ld+json\" class=\"yoast-schema-graph\">{\"@context\":\"https:\/\/schema.org\",\"@graph\":[{\"@type\":\"WebPage\",\"@id\":\"https:\/\/mbtax.co.uk\/en\/pobyt-w-uk\/rezydentura\/\",\"url\":\"https:\/\/mbtax.co.uk\/en\/pobyt-w-uk\/rezydentura\/\",\"name\":\"Rezydentura - MB TAX ADVICE LTD\",\"isPartOf\":{\"@id\":\"https:\/\/mbtax.co.uk\/#website\"},\"datePublished\":\"2015-10-29T19:28:22+00:00\",\"dateModified\":\"2025-11-07T18:02:23+00:00\",\"breadcrumb\":{\"@id\":\"https:\/\/mbtax.co.uk\/en\/pobyt-w-uk\/rezydentura\/#breadcrumb\"},\"inLanguage\":\"en-US\",\"potentialAction\":[{\"@type\":\"ReadAction\",\"target\":[\"https:\/\/mbtax.co.uk\/en\/pobyt-w-uk\/rezydentura\/\"]}]},{\"@type\":\"BreadcrumbList\",\"@id\":\"https:\/\/mbtax.co.uk\/en\/pobyt-w-uk\/rezydentura\/#breadcrumb\",\"itemListElement\":[{\"@type\":\"ListItem\",\"position\":1,\"name\":\"Strona g\u0142\u00f3wna\",\"item\":\"https:\/\/mbtax.co.uk\/\"},{\"@type\":\"ListItem\",\"position\":2,\"name\":\"Pobyt w UK\",\"item\":\"https:\/\/mbtax.co.uk\/en\/pobyt-w-uk\/\"},{\"@type\":\"ListItem\",\"position\":3,\"name\":\"Rezydentura\"}]},{\"@type\":\"WebSite\",\"@id\":\"https:\/\/mbtax.co.uk\/#website\",\"url\":\"https:\/\/mbtax.co.uk\/\",\"name\":\"MB TAX ADVICE LTD\",\"description\":\"Biuro ksi\u0119gowo\u015bci w Londynie\",\"potentialAction\":[{\"@type\":\"SearchAction\",\"target\":{\"@type\":\"EntryPoint\",\"urlTemplate\":\"https:\/\/mbtax.co.uk\/?s={search_term_string}\"},\"query-input\":{\"@type\":\"PropertyValueSpecification\",\"valueRequired\":true,\"valueName\":\"search_term_string\"}}],\"inLanguage\":\"en-US\"}]}<\/script>\n<!-- \/ Yoast SEO plugin. -->","yoast_head_json":{"title":"Rezydentura - MB TAX ADVICE LTD","robots":{"index":"index","follow":"follow","max-snippet":"max-snippet:-1","max-image-preview":"max-image-preview:large","max-video-preview":"max-video-preview:-1"},"canonical":"https:\/\/mbtax.co.uk\/en\/pobyt-w-uk\/rezydentura\/","og_locale":"en_US","og_type":"article","og_title":"Rezydentura - MB TAX ADVICE LTD","og_description":"Procedury uzyskania prawa pobytu w Wielkiej Brytanii uleg\u0142y zmianie w wyniku Brexitu, co spowodowa\u0142o, \u017ce osoby nieposiadaj\u0105ce brytyjskiego obywatelstwa musia\u0142y ubiega\u0107 si\u0119 o status osiedlonego (EU Settled Status) lub wiz\u0119. Program osiedle\u0144czy UE (EU Settlement Scheme \u2013 EUSS) zosta\u0142 wprowadzony przez rz\u0105d Wielkiej Brytanii w ramach procesu wyj\u015bcia z Unii Europejskiej, aby chroni\u0107 prawa obywateli [&hellip;]","og_url":"https:\/\/mbtax.co.uk\/en\/pobyt-w-uk\/rezydentura\/","og_site_name":"MB TAX ADVICE LTD","article_modified_time":"2025-11-07T18:02:23+00:00","twitter_card":"summary_large_image","twitter_misc":{"Est. reading time":"2 minutes"},"schema":{"@context":"https:\/\/schema.org","@graph":[{"@type":"WebPage","@id":"https:\/\/mbtax.co.uk\/en\/pobyt-w-uk\/rezydentura\/","url":"https:\/\/mbtax.co.uk\/en\/pobyt-w-uk\/rezydentura\/","name":"Rezydentura - MB TAX ADVICE LTD","isPartOf":{"@id":"https:\/\/mbtax.co.uk\/#website"},"datePublished":"2015-10-29T19:28:22+00:00","dateModified":"2025-11-07T18:02:23+00:00","breadcrumb":{"@id":"https:\/\/mbtax.co.uk\/en\/pobyt-w-uk\/rezydentura\/#breadcrumb"},"inLanguage":"en-US","potentialAction":[{"@type":"ReadAction","target":["https:\/\/mbtax.co.uk\/en\/pobyt-w-uk\/rezydentura\/"]}]},{"@type":"BreadcrumbList","@id":"https:\/\/mbtax.co.uk\/en\/pobyt-w-uk\/rezydentura\/#breadcrumb","itemListElement":[{"@type":"ListItem","position":1,"name":"Strona g\u0142\u00f3wna","item":"https:\/\/mbtax.co.uk\/"},{"@type":"ListItem","position":2,"name":"Pobyt w UK","item":"https:\/\/mbtax.co.uk\/en\/pobyt-w-uk\/"},{"@type":"ListItem","position":3,"name":"Rezydentura"}]},{"@type":"WebSite","@id":"https:\/\/mbtax.co.uk\/#website","url":"https:\/\/mbtax.co.uk\/","name":"MB TAX ADVICE LTD","description":"Biuro ksi\u0119gowo\u015bci w Londynie","potentialAction":[{"@type":"SearchAction","target":{"@type":"EntryPoint","urlTemplate":"https:\/\/mbtax.co.uk\/?s={search_term_string}"},"query-input":{"@type":"PropertyValueSpecification","valueRequired":true,"valueName":"search_term_string"}}],"inLanguage":"en-US"}]}},"_links":{"self":[{"href":"https:\/\/mbtax.co.uk\/en\/wp-json\/wp\/v2\/pages\/227","targetHints":{"allow":["GET"]}}],"collection":[{"href":"https:\/\/mbtax.co.uk\/en\/wp-json\/wp\/v2\/pages"}],"about":[{"href":"https:\/\/mbtax.co.uk\/en\/wp-json\/wp\/v2\/types\/page"}],"author":[{"embeddable":true,"href":"https:\/\/mbtax.co.uk\/en\/wp-json\/wp\/v2\/users\/2"}],"replies":[{"embeddable":true,"href":"https:\/\/mbtax.co.uk\/en\/wp-json\/wp\/v2\/comments?post=227"}],"version-history":[{"count":4,"href":"https:\/\/mbtax.co.uk\/en\/wp-json\/wp\/v2\/pages\/227\/revisions"}],"predecessor-version":[{"id":548,"href":"https:\/\/mbtax.co.uk\/en\/wp-json\/wp\/v2\/pages\/227\/revisions\/548"}],"up":[{"embeddable":true,"href":"https:\/\/mbtax.co.uk\/en\/wp-json\/wp\/v2\/pages\/224"}],"wp:attachment":[{"href":"https:\/\/mbtax.co.uk\/en\/wp-json\/wp\/v2\/media?parent=227"}],"curies":[{"name":"wp","href":"https:\/\/api.w.org\/{rel}","templated":true}]}}