{"id":231,"date":"2015-10-29T20:32:13","date_gmt":"2015-10-29T19:32:13","guid":{"rendered":"http:\/\/mbtax.co.uk\/?page_id=231"},"modified":"2015-11-09T15:12:58","modified_gmt":"2015-11-09T14:12:58","slug":"paszport-brytyjski","status":"publish","type":"page","link":"https:\/\/mbtax.co.uk\/en\/pobyt-w-uk\/paszport-brytyjski\/","title":{"rendered":"British Passport"},"content":{"rendered":"<p><strong>British Passport\nMB TAX ADVICE assists in the completion of the British citizenship application and the passport featuring the royal crest. \nCollecting the necessary documents and managing the entire process are the responsibilities of our residency and citizenship specialist.<\/strong><\/p>\n<p>&nbsp;<\/p>\n<p class=\"translation-block\">For adults (aged 18+) the Life in the UK, and English-Speaking test must be passed.\nIn addition to the naturalisation application, evidence of at least 5 years of residence in the UK must be provided, confirmed by employment or studies.\n\nGaining British citizenship for children (aged 0-17) the application process varies from situation to situation. You can check if your child is eligible by searching the eligibility criteria under MN1 \u2013 register a child as a British citizen. \n\nOnce you have obtained your British citizenship certificate, you can apply for the travel document \u2013 the British Passport.\n\nKnowing which steps to take next, and what documents to provide, the accounting office of Monika Sharma in London can help you through the process.<\/p>\n<p>For more information, contact the MB TAX ADVICE office.<\/p>","protected":false},"excerpt":{"rendered":"<p>MB TAX ADVICE pomaga w uzyskaniu brytyjskiego obywatelstwa oraz paszportu z lwem i jednoro\u017ccem. Zebranie odpowiednich dokument\u00f3w i pokierowanie sprawy to zadania dla naszego specjalisty ds. rezydentur i obywatelstwa. &nbsp; Opr\u00f3cz warunku minimum 5 letniego pobytu w Wielkiej Brytanii potwierdzonego prac\u0105 lub studiami, interesant powinien bardzo dobrze orientowa\u0107 si\u0119 w realiach brytyjskiego spo\u0142ecze\u0144stwa, zna\u0107 jego [&hellip;]<\/p>","protected":false},"author":2,"featured_media":0,"parent":224,"menu_order":2,"comment_status":"closed","ping_status":"closed","template":"page-submenu.php","meta":{"footnotes":""},"class_list":["post-231","page","type-page","status-publish","hentry"],"yoast_head":"<!-- This site is optimized with the Yoast SEO plugin v26.1.1 - https:\/\/yoast.com\/wordpress\/plugins\/seo\/ -->\n<title>Paszport brytyjski - MB TAX ADVICE LTD<\/title>\n<meta name=\"robots\" content=\"index, follow, max-snippet:-1, max-image-preview:large, max-video-preview:-1\" \/>\n<link rel=\"canonical\" href=\"https:\/\/mbtax.co.uk\/en\/pobyt-w-uk\/paszport-brytyjski\/\" \/>\n<meta property=\"og:locale\" content=\"en_US\" \/>\n<meta property=\"og:type\" content=\"article\" \/>\n<meta property=\"og:title\" content=\"Paszport brytyjski - MB TAX ADVICE LTD\" \/>\n<meta property=\"og:description\" content=\"MB TAX ADVICE pomaga w uzyskaniu brytyjskiego obywatelstwa oraz paszportu z lwem i jednoro\u017ccem. Zebranie odpowiednich dokument\u00f3w i pokierowanie sprawy to zadania dla naszego specjalisty ds. rezydentur i obywatelstwa. &nbsp; Opr\u00f3cz warunku minimum 5 letniego pobytu w Wielkiej Brytanii potwierdzonego prac\u0105 lub studiami, interesant powinien bardzo dobrze orientowa\u0107 si\u0119 w realiach brytyjskiego spo\u0142ecze\u0144stwa, zna\u0107 jego [&hellip;]\" \/>\n<meta property=\"og:url\" content=\"https:\/\/mbtax.co.uk\/en\/pobyt-w-uk\/paszport-brytyjski\/\" \/>\n<meta property=\"og:site_name\" content=\"MB TAX ADVICE LTD\" \/>\n<meta property=\"article:modified_time\" content=\"2015-11-09T14:12:58+00:00\" \/>\n<meta name=\"twitter:card\" content=\"summary_large_image\" \/>\n<meta name=\"twitter:label1\" content=\"Est. reading time\" \/>\n\t<meta name=\"twitter:data1\" content=\"1 minute\" \/>\n<script type=\"application\/ld+json\" class=\"yoast-schema-graph\">{\"@context\":\"https:\/\/schema.org\",\"@graph\":[{\"@type\":\"WebPage\",\"@id\":\"https:\/\/mbtax.co.uk\/en\/pobyt-w-uk\/paszport-brytyjski\/\",\"url\":\"https:\/\/mbtax.co.uk\/en\/pobyt-w-uk\/paszport-brytyjski\/\",\"name\":\"Paszport brytyjski - MB TAX ADVICE LTD\",\"isPartOf\":{\"@id\":\"https:\/\/mbtax.co.uk\/#website\"},\"datePublished\":\"2015-10-29T19:32:13+00:00\",\"dateModified\":\"2015-11-09T14:12:58+00:00\",\"breadcrumb\":{\"@id\":\"https:\/\/mbtax.co.uk\/en\/pobyt-w-uk\/paszport-brytyjski\/#breadcrumb\"},\"inLanguage\":\"en-US\",\"potentialAction\":[{\"@type\":\"ReadAction\",\"target\":[\"https:\/\/mbtax.co.uk\/en\/pobyt-w-uk\/paszport-brytyjski\/\"]}]},{\"@type\":\"BreadcrumbList\",\"@id\":\"https:\/\/mbtax.co.uk\/en\/pobyt-w-uk\/paszport-brytyjski\/#breadcrumb\",\"itemListElement\":[{\"@type\":\"ListItem\",\"position\":1,\"name\":\"Strona g\u0142\u00f3wna\",\"item\":\"https:\/\/mbtax.co.uk\/\"},{\"@type\":\"ListItem\",\"position\":2,\"name\":\"Pobyt w UK\",\"item\":\"https:\/\/mbtax.co.uk\/en\/pobyt-w-uk\/\"},{\"@type\":\"ListItem\",\"position\":3,\"name\":\"Paszport brytyjski\"}]},{\"@type\":\"WebSite\",\"@id\":\"https:\/\/mbtax.co.uk\/#website\",\"url\":\"https:\/\/mbtax.co.uk\/\",\"name\":\"MB TAX ADVICE LTD\",\"description\":\"Biuro ksi\u0119gowo\u015bci w Londynie\",\"potentialAction\":[{\"@type\":\"SearchAction\",\"target\":{\"@type\":\"EntryPoint\",\"urlTemplate\":\"https:\/\/mbtax.co.uk\/?s={search_term_string}\"},\"query-input\":{\"@type\":\"PropertyValueSpecification\",\"valueRequired\":true,\"valueName\":\"search_term_string\"}}],\"inLanguage\":\"en-US\"}]}<\/script>\n<!-- \/ Yoast SEO plugin. -->","yoast_head_json":{"title":"Paszport brytyjski - MB TAX ADVICE LTD","robots":{"index":"index","follow":"follow","max-snippet":"max-snippet:-1","max-image-preview":"max-image-preview:large","max-video-preview":"max-video-preview:-1"},"canonical":"https:\/\/mbtax.co.uk\/en\/pobyt-w-uk\/paszport-brytyjski\/","og_locale":"en_US","og_type":"article","og_title":"Paszport brytyjski - MB TAX ADVICE LTD","og_description":"MB TAX ADVICE pomaga w uzyskaniu brytyjskiego obywatelstwa oraz paszportu z lwem i jednoro\u017ccem. Zebranie odpowiednich dokument\u00f3w i pokierowanie sprawy to zadania dla naszego specjalisty ds. rezydentur i obywatelstwa. &nbsp; Opr\u00f3cz warunku minimum 5 letniego pobytu w Wielkiej Brytanii potwierdzonego prac\u0105 lub studiami, interesant powinien bardzo dobrze orientowa\u0107 si\u0119 w realiach brytyjskiego spo\u0142ecze\u0144stwa, zna\u0107 jego [&hellip;]","og_url":"https:\/\/mbtax.co.uk\/en\/pobyt-w-uk\/paszport-brytyjski\/","og_site_name":"MB TAX ADVICE LTD","article_modified_time":"2015-11-09T14:12:58+00:00","twitter_card":"summary_large_image","twitter_misc":{"Est. reading time":"1 minute"},"schema":{"@context":"https:\/\/schema.org","@graph":[{"@type":"WebPage","@id":"https:\/\/mbtax.co.uk\/en\/pobyt-w-uk\/paszport-brytyjski\/","url":"https:\/\/mbtax.co.uk\/en\/pobyt-w-uk\/paszport-brytyjski\/","name":"Paszport brytyjski - MB TAX ADVICE LTD","isPartOf":{"@id":"https:\/\/mbtax.co.uk\/#website"},"datePublished":"2015-10-29T19:32:13+00:00","dateModified":"2015-11-09T14:12:58+00:00","breadcrumb":{"@id":"https:\/\/mbtax.co.uk\/en\/pobyt-w-uk\/paszport-brytyjski\/#breadcrumb"},"inLanguage":"en-US","potentialAction":[{"@type":"ReadAction","target":["https:\/\/mbtax.co.uk\/en\/pobyt-w-uk\/paszport-brytyjski\/"]}]},{"@type":"BreadcrumbList","@id":"https:\/\/mbtax.co.uk\/en\/pobyt-w-uk\/paszport-brytyjski\/#breadcrumb","itemListElement":[{"@type":"ListItem","position":1,"name":"Strona g\u0142\u00f3wna","item":"https:\/\/mbtax.co.uk\/"},{"@type":"ListItem","position":2,"name":"Pobyt w UK","item":"https:\/\/mbtax.co.uk\/en\/pobyt-w-uk\/"},{"@type":"ListItem","position":3,"name":"Paszport brytyjski"}]},{"@type":"WebSite","@id":"https:\/\/mbtax.co.uk\/#website","url":"https:\/\/mbtax.co.uk\/","name":"MB TAX ADVICE LTD","description":"Biuro ksi\u0119gowo\u015bci w Londynie","potentialAction":[{"@type":"SearchAction","target":{"@type":"EntryPoint","urlTemplate":"https:\/\/mbtax.co.uk\/?s={search_term_string}"},"query-input":{"@type":"PropertyValueSpecification","valueRequired":true,"valueName":"search_term_string"}}],"inLanguage":"en-US"}]}},"_links":{"self":[{"href":"https:\/\/mbtax.co.uk\/en\/wp-json\/wp\/v2\/pages\/231","targetHints":{"allow":["GET"]}}],"collection":[{"href":"https:\/\/mbtax.co.uk\/en\/wp-json\/wp\/v2\/pages"}],"about":[{"href":"https:\/\/mbtax.co.uk\/en\/wp-json\/wp\/v2\/types\/page"}],"author":[{"embeddable":true,"href":"https:\/\/mbtax.co.uk\/en\/wp-json\/wp\/v2\/users\/2"}],"replies":[{"embeddable":true,"href":"https:\/\/mbtax.co.uk\/en\/wp-json\/wp\/v2\/comments?post=231"}],"version-history":[{"count":2,"href":"https:\/\/mbtax.co.uk\/en\/wp-json\/wp\/v2\/pages\/231\/revisions"}],"predecessor-version":[{"id":414,"href":"https:\/\/mbtax.co.uk\/en\/wp-json\/wp\/v2\/pages\/231\/revisions\/414"}],"up":[{"embeddable":true,"href":"https:\/\/mbtax.co.uk\/en\/wp-json\/wp\/v2\/pages\/224"}],"wp:attachment":[{"href":"https:\/\/mbtax.co.uk\/en\/wp-json\/wp\/v2\/media?parent=231"}],"curies":[{"name":"wp","href":"https:\/\/api.w.org\/{rel}","templated":true}]}}