{"id":242,"date":"2015-10-29T20:55:39","date_gmt":"2015-10-29T19:55:39","guid":{"rendered":"http:\/\/mbtax.co.uk\/?page_id=242"},"modified":"2015-11-18T22:51:55","modified_gmt":"2015-11-18T21:51:55","slug":"child-benefit-a-inwestowanie","status":"publish","type":"page","link":"https:\/\/mbtax.co.uk\/en\/faq\/child-benefit-a-inwestowanie\/","title":{"rendered":"Child Benefit and investing"},"content":{"rendered":"<p><strong>Remember that Child Benefit in the UK is money meant for your child. Try to manage it wisely within your household budget for their benefit. The most common approach is to spend it on everyday needs, but  you can also choose to do something a bit different to set your child up for the future\u2026<\/strong><\/p>\n<p>&nbsp;<\/p>\n<p><strong>Child trust funds were previously used, but the scheme has now closed to children born after 02\/01\/20011.<\/strong> A modern replacement for this would be a Junior ISA. Any parent or legal guardian can open a Junior ISA for the child. Check with the provider of the ISA if there is an annual contribution limit.\n\nA Junior ISA generally automatically becomes an Adult ISA once the child turns 18, and they will then have access to the funds.<\/p>","protected":false},"excerpt":{"rendered":"<p>Pami\u0119taj, \u017ce Child Benefit UK to pieni\u0105dze dla Twojego dziecka. Staraj si\u0119 rozdysponowa\u0107 je w domowym bud\u017cecie jak najlepiej z korzy\u015bci\u0105 dla niego. Najpopularniejsz\u0105 drog\u0105 wykorzystania Child Benefit jest wydanie go na bie\u017c\u0105ce potrzeby. Proponujemy co\u015b innego. Co\u015b przysz\u0142o\u015bciowego\u2026 &nbsp; Ten benefit UK wynosi obecnie \u00a381.80 za pierwsze dziecko i \u00a354.80 za drugie i ka\u017cde [&hellip;]<\/p>","protected":false},"author":2,"featured_media":0,"parent":237,"menu_order":1,"comment_status":"closed","ping_status":"closed","template":"page-submenu.php","meta":{"footnotes":""},"class_list":["post-242","page","type-page","status-publish","hentry"],"yoast_head":"<!-- This site is optimized with the Yoast SEO plugin v26.1.1 - https:\/\/yoast.com\/wordpress\/plugins\/seo\/ -->\n<title>Child benefit a inwestowanie - MB TAX ADVICE LTD<\/title>\n<meta name=\"robots\" content=\"index, follow, max-snippet:-1, max-image-preview:large, max-video-preview:-1\" \/>\n<link rel=\"canonical\" href=\"https:\/\/mbtax.co.uk\/en\/faq\/child-benefit-a-inwestowanie\/\" \/>\n<meta property=\"og:locale\" content=\"en_US\" \/>\n<meta property=\"og:type\" content=\"article\" \/>\n<meta property=\"og:title\" content=\"Child benefit a inwestowanie - MB TAX ADVICE LTD\" \/>\n<meta property=\"og:description\" content=\"Pami\u0119taj, \u017ce Child Benefit UK to pieni\u0105dze dla Twojego dziecka. Staraj si\u0119 rozdysponowa\u0107 je w domowym bud\u017cecie jak najlepiej z korzy\u015bci\u0105 dla niego. Najpopularniejsz\u0105 drog\u0105 wykorzystania Child Benefit jest wydanie go na bie\u017c\u0105ce potrzeby. Proponujemy co\u015b innego. Co\u015b przysz\u0142o\u015bciowego\u2026 &nbsp; Ten benefit UK wynosi obecnie \u00a381.80 za pierwsze dziecko i \u00a354.80 za drugie i ka\u017cde [&hellip;]\" \/>\n<meta property=\"og:url\" content=\"https:\/\/mbtax.co.uk\/en\/faq\/child-benefit-a-inwestowanie\/\" \/>\n<meta property=\"og:site_name\" content=\"MB TAX ADVICE LTD\" \/>\n<meta property=\"article:modified_time\" content=\"2015-11-18T21:51:55+00:00\" \/>\n<meta name=\"twitter:card\" content=\"summary_large_image\" \/>\n<meta name=\"twitter:label1\" content=\"Est. reading time\" \/>\n\t<meta name=\"twitter:data1\" content=\"1 minute\" \/>\n<script type=\"application\/ld+json\" class=\"yoast-schema-graph\">{\"@context\":\"https:\/\/schema.org\",\"@graph\":[{\"@type\":\"WebPage\",\"@id\":\"https:\/\/mbtax.co.uk\/en\/faq\/child-benefit-a-inwestowanie\/\",\"url\":\"https:\/\/mbtax.co.uk\/en\/faq\/child-benefit-a-inwestowanie\/\",\"name\":\"Child benefit a inwestowanie - MB TAX ADVICE LTD\",\"isPartOf\":{\"@id\":\"https:\/\/mbtax.co.uk\/#website\"},\"datePublished\":\"2015-10-29T19:55:39+00:00\",\"dateModified\":\"2015-11-18T21:51:55+00:00\",\"breadcrumb\":{\"@id\":\"https:\/\/mbtax.co.uk\/en\/faq\/child-benefit-a-inwestowanie\/#breadcrumb\"},\"inLanguage\":\"en-US\",\"potentialAction\":[{\"@type\":\"ReadAction\",\"target\":[\"https:\/\/mbtax.co.uk\/en\/faq\/child-benefit-a-inwestowanie\/\"]}]},{\"@type\":\"BreadcrumbList\",\"@id\":\"https:\/\/mbtax.co.uk\/en\/faq\/child-benefit-a-inwestowanie\/#breadcrumb\",\"itemListElement\":[{\"@type\":\"ListItem\",\"position\":1,\"name\":\"Strona g\u0142\u00f3wna\",\"item\":\"https:\/\/mbtax.co.uk\/\"},{\"@type\":\"ListItem\",\"position\":2,\"name\":\"FAQ\",\"item\":\"https:\/\/mbtax.co.uk\/faq\/\"},{\"@type\":\"ListItem\",\"position\":3,\"name\":\"Child benefit a inwestowanie\"}]},{\"@type\":\"WebSite\",\"@id\":\"https:\/\/mbtax.co.uk\/#website\",\"url\":\"https:\/\/mbtax.co.uk\/\",\"name\":\"MB TAX ADVICE LTD\",\"description\":\"Biuro ksi\u0119gowo\u015bci w Londynie\",\"potentialAction\":[{\"@type\":\"SearchAction\",\"target\":{\"@type\":\"EntryPoint\",\"urlTemplate\":\"https:\/\/mbtax.co.uk\/?s={search_term_string}\"},\"query-input\":{\"@type\":\"PropertyValueSpecification\",\"valueRequired\":true,\"valueName\":\"search_term_string\"}}],\"inLanguage\":\"en-US\"}]}<\/script>\n<!-- \/ Yoast SEO plugin. -->","yoast_head_json":{"title":"Child benefit a inwestowanie - MB TAX ADVICE LTD","robots":{"index":"index","follow":"follow","max-snippet":"max-snippet:-1","max-image-preview":"max-image-preview:large","max-video-preview":"max-video-preview:-1"},"canonical":"https:\/\/mbtax.co.uk\/en\/faq\/child-benefit-a-inwestowanie\/","og_locale":"en_US","og_type":"article","og_title":"Child benefit a inwestowanie - MB TAX ADVICE LTD","og_description":"Pami\u0119taj, \u017ce Child Benefit UK to pieni\u0105dze dla Twojego dziecka. Staraj si\u0119 rozdysponowa\u0107 je w domowym bud\u017cecie jak najlepiej z korzy\u015bci\u0105 dla niego. Najpopularniejsz\u0105 drog\u0105 wykorzystania Child Benefit jest wydanie go na bie\u017c\u0105ce potrzeby. Proponujemy co\u015b innego. Co\u015b przysz\u0142o\u015bciowego\u2026 &nbsp; Ten benefit UK wynosi obecnie \u00a381.80 za pierwsze dziecko i \u00a354.80 za drugie i ka\u017cde [&hellip;]","og_url":"https:\/\/mbtax.co.uk\/en\/faq\/child-benefit-a-inwestowanie\/","og_site_name":"MB TAX ADVICE LTD","article_modified_time":"2015-11-18T21:51:55+00:00","twitter_card":"summary_large_image","twitter_misc":{"Est. reading time":"1 minute"},"schema":{"@context":"https:\/\/schema.org","@graph":[{"@type":"WebPage","@id":"https:\/\/mbtax.co.uk\/en\/faq\/child-benefit-a-inwestowanie\/","url":"https:\/\/mbtax.co.uk\/en\/faq\/child-benefit-a-inwestowanie\/","name":"Child benefit a inwestowanie - MB TAX ADVICE LTD","isPartOf":{"@id":"https:\/\/mbtax.co.uk\/#website"},"datePublished":"2015-10-29T19:55:39+00:00","dateModified":"2015-11-18T21:51:55+00:00","breadcrumb":{"@id":"https:\/\/mbtax.co.uk\/en\/faq\/child-benefit-a-inwestowanie\/#breadcrumb"},"inLanguage":"en-US","potentialAction":[{"@type":"ReadAction","target":["https:\/\/mbtax.co.uk\/en\/faq\/child-benefit-a-inwestowanie\/"]}]},{"@type":"BreadcrumbList","@id":"https:\/\/mbtax.co.uk\/en\/faq\/child-benefit-a-inwestowanie\/#breadcrumb","itemListElement":[{"@type":"ListItem","position":1,"name":"Strona g\u0142\u00f3wna","item":"https:\/\/mbtax.co.uk\/"},{"@type":"ListItem","position":2,"name":"FAQ","item":"https:\/\/mbtax.co.uk\/faq\/"},{"@type":"ListItem","position":3,"name":"Child benefit a inwestowanie"}]},{"@type":"WebSite","@id":"https:\/\/mbtax.co.uk\/#website","url":"https:\/\/mbtax.co.uk\/","name":"MB TAX ADVICE LTD","description":"Biuro ksi\u0119gowo\u015bci w Londynie","potentialAction":[{"@type":"SearchAction","target":{"@type":"EntryPoint","urlTemplate":"https:\/\/mbtax.co.uk\/?s={search_term_string}"},"query-input":{"@type":"PropertyValueSpecification","valueRequired":true,"valueName":"search_term_string"}}],"inLanguage":"en-US"}]}},"_links":{"self":[{"href":"https:\/\/mbtax.co.uk\/en\/wp-json\/wp\/v2\/pages\/242","targetHints":{"allow":["GET"]}}],"collection":[{"href":"https:\/\/mbtax.co.uk\/en\/wp-json\/wp\/v2\/pages"}],"about":[{"href":"https:\/\/mbtax.co.uk\/en\/wp-json\/wp\/v2\/types\/page"}],"author":[{"embeddable":true,"href":"https:\/\/mbtax.co.uk\/en\/wp-json\/wp\/v2\/users\/2"}],"replies":[{"embeddable":true,"href":"https:\/\/mbtax.co.uk\/en\/wp-json\/wp\/v2\/comments?post=242"}],"version-history":[{"count":7,"href":"https:\/\/mbtax.co.uk\/en\/wp-json\/wp\/v2\/pages\/242\/revisions"}],"predecessor-version":[{"id":473,"href":"https:\/\/mbtax.co.uk\/en\/wp-json\/wp\/v2\/pages\/242\/revisions\/473"}],"up":[{"embeddable":true,"href":"https:\/\/mbtax.co.uk\/en\/wp-json\/wp\/v2\/pages\/237"}],"wp:attachment":[{"href":"https:\/\/mbtax.co.uk\/en\/wp-json\/wp\/v2\/media?parent=242"}],"curies":[{"name":"wp","href":"https:\/\/api.w.org\/{rel}","templated":true}]}}