{"id":252,"date":"2015-11-03T12:45:45","date_gmt":"2015-11-03T11:45:45","guid":{"rendered":"http:\/\/mbtax.co.uk\/?page_id=252"},"modified":"2015-11-03T12:59:25","modified_gmt":"2015-11-03T11:59:25","slug":"konto-w-banku","status":"publish","type":"page","link":"https:\/\/mbtax.co.uk\/en\/faq\/konto-w-banku\/","title":{"rendered":"Bank account"},"content":{"rendered":"<p>Nowadays, not having a bank account practically excludes a person from society. Even children have their own accounts, while adults often have several, sometimes even a dozen or more.<br \/>\nAfter arriving in the UK, you\u2019ll need a bank account, for example, to receive your salary. In many banks, opening a current account with a debit card and online access requires proof of address, a passport or other picture ID, and more banks are beginning to ask for proof of an individual\u2019s right to live \/ work in the UK. Once you have a current account, the bank will likely offer you a savings account. The next step after that is obtaining a credit card.However, this is just a general outline, each bank may set and modify its own criteria for opening a bank account.<br \/>\nHowever, this is just a general outline, each bank may set and modify its own criteria for opening a bank account.<\/p>\n<p>&nbsp;<\/p>\n<p><strong>The most popular UK banks:<\/strong><\/p>\n<ul>\n<li>www.barclays.co.uk<\/li>\n<li>www.lloydstsb.com<\/li>\n<li>www.natwest.com<\/li>\n<li>www.rbs.co.uk<\/li>\n<li>www.halifax.co.uk<\/li>\n<li>www.santander.co.uk<\/li>\n<li>www.nationwide.co.uk<\/li>\n<li>www.metrobankonline.co.uk<\/li>\n<\/ul>","protected":false},"excerpt":{"rendered":"<p>W dzisiejszych czasach brak konta w banku praktycznie wyklucza cz\u0142owieka ze spo\u0142ecze\u0144stwa. Jego posiadaczami s\u0105 ju\u017c dzieci, a doro\u015bli maj\u0105 nieraz kilka lub nawet kilkana\u015bcie rachunk\u00f3w. Po przyje\u017adzie do Wielkiej Brytanii b\u0119dzie Ci bez w\u0105tpienia potrzebne konto m.in. do przelewania wynagrodzenia. W wielu bankach do za\u0142o\u017cenia konta typu current account z kart\u0105 p\u0142atnicz\u0105 oraz dost\u0119pem [&hellip;]<\/p>","protected":false},"author":2,"featured_media":0,"parent":237,"menu_order":2,"comment_status":"closed","ping_status":"closed","template":"page-submenu.php","meta":{"footnotes":""},"class_list":["post-252","page","type-page","status-publish","hentry"],"yoast_head":"<!-- This site is optimized with the Yoast SEO plugin v26.1.1 - https:\/\/yoast.com\/wordpress\/plugins\/seo\/ -->\n<title>Konto w banku - MB TAX ADVICE LTD<\/title>\n<meta name=\"robots\" content=\"index, follow, max-snippet:-1, max-image-preview:large, max-video-preview:-1\" \/>\n<link rel=\"canonical\" href=\"https:\/\/mbtax.co.uk\/en\/faq\/konto-w-banku\/\" \/>\n<meta property=\"og:locale\" content=\"en_US\" \/>\n<meta property=\"og:type\" content=\"article\" \/>\n<meta property=\"og:title\" content=\"Konto w banku - MB TAX ADVICE LTD\" \/>\n<meta property=\"og:description\" content=\"W dzisiejszych czasach brak konta w banku praktycznie wyklucza cz\u0142owieka ze spo\u0142ecze\u0144stwa. Jego posiadaczami s\u0105 ju\u017c dzieci, a doro\u015bli maj\u0105 nieraz kilka lub nawet kilkana\u015bcie rachunk\u00f3w. Po przyje\u017adzie do Wielkiej Brytanii b\u0119dzie Ci bez w\u0105tpienia potrzebne konto m.in. do przelewania wynagrodzenia. W wielu bankach do za\u0142o\u017cenia konta typu current account z kart\u0105 p\u0142atnicz\u0105 oraz dost\u0119pem [&hellip;]\" \/>\n<meta property=\"og:url\" content=\"https:\/\/mbtax.co.uk\/en\/faq\/konto-w-banku\/\" \/>\n<meta property=\"og:site_name\" content=\"MB TAX ADVICE LTD\" \/>\n<meta property=\"article:modified_time\" content=\"2015-11-03T11:59:25+00:00\" \/>\n<meta name=\"twitter:card\" content=\"summary_large_image\" \/>\n<meta name=\"twitter:label1\" content=\"Est. reading time\" \/>\n\t<meta name=\"twitter:data1\" content=\"1 minute\" \/>\n<script type=\"application\/ld+json\" class=\"yoast-schema-graph\">{\"@context\":\"https:\/\/schema.org\",\"@graph\":[{\"@type\":\"WebPage\",\"@id\":\"https:\/\/mbtax.co.uk\/en\/faq\/konto-w-banku\/\",\"url\":\"https:\/\/mbtax.co.uk\/en\/faq\/konto-w-banku\/\",\"name\":\"Konto w banku - MB TAX ADVICE LTD\",\"isPartOf\":{\"@id\":\"https:\/\/mbtax.co.uk\/#website\"},\"datePublished\":\"2015-11-03T11:45:45+00:00\",\"dateModified\":\"2015-11-03T11:59:25+00:00\",\"breadcrumb\":{\"@id\":\"https:\/\/mbtax.co.uk\/en\/faq\/konto-w-banku\/#breadcrumb\"},\"inLanguage\":\"en-US\",\"potentialAction\":[{\"@type\":\"ReadAction\",\"target\":[\"https:\/\/mbtax.co.uk\/en\/faq\/konto-w-banku\/\"]}]},{\"@type\":\"BreadcrumbList\",\"@id\":\"https:\/\/mbtax.co.uk\/en\/faq\/konto-w-banku\/#breadcrumb\",\"itemListElement\":[{\"@type\":\"ListItem\",\"position\":1,\"name\":\"Strona g\u0142\u00f3wna\",\"item\":\"https:\/\/mbtax.co.uk\/\"},{\"@type\":\"ListItem\",\"position\":2,\"name\":\"FAQ\",\"item\":\"https:\/\/mbtax.co.uk\/faq\/\"},{\"@type\":\"ListItem\",\"position\":3,\"name\":\"Konto w banku\"}]},{\"@type\":\"WebSite\",\"@id\":\"https:\/\/mbtax.co.uk\/#website\",\"url\":\"https:\/\/mbtax.co.uk\/\",\"name\":\"MB TAX ADVICE LTD\",\"description\":\"Biuro ksi\u0119gowo\u015bci w Londynie\",\"potentialAction\":[{\"@type\":\"SearchAction\",\"target\":{\"@type\":\"EntryPoint\",\"urlTemplate\":\"https:\/\/mbtax.co.uk\/?s={search_term_string}\"},\"query-input\":{\"@type\":\"PropertyValueSpecification\",\"valueRequired\":true,\"valueName\":\"search_term_string\"}}],\"inLanguage\":\"en-US\"}]}<\/script>\n<!-- \/ Yoast SEO plugin. -->","yoast_head_json":{"title":"Konto w banku - MB TAX ADVICE LTD","robots":{"index":"index","follow":"follow","max-snippet":"max-snippet:-1","max-image-preview":"max-image-preview:large","max-video-preview":"max-video-preview:-1"},"canonical":"https:\/\/mbtax.co.uk\/en\/faq\/konto-w-banku\/","og_locale":"en_US","og_type":"article","og_title":"Konto w banku - MB TAX ADVICE LTD","og_description":"W dzisiejszych czasach brak konta w banku praktycznie wyklucza cz\u0142owieka ze spo\u0142ecze\u0144stwa. Jego posiadaczami s\u0105 ju\u017c dzieci, a doro\u015bli maj\u0105 nieraz kilka lub nawet kilkana\u015bcie rachunk\u00f3w. Po przyje\u017adzie do Wielkiej Brytanii b\u0119dzie Ci bez w\u0105tpienia potrzebne konto m.in. do przelewania wynagrodzenia. W wielu bankach do za\u0142o\u017cenia konta typu current account z kart\u0105 p\u0142atnicz\u0105 oraz dost\u0119pem [&hellip;]","og_url":"https:\/\/mbtax.co.uk\/en\/faq\/konto-w-banku\/","og_site_name":"MB TAX ADVICE LTD","article_modified_time":"2015-11-03T11:59:25+00:00","twitter_card":"summary_large_image","twitter_misc":{"Est. reading time":"1 minute"},"schema":{"@context":"https:\/\/schema.org","@graph":[{"@type":"WebPage","@id":"https:\/\/mbtax.co.uk\/en\/faq\/konto-w-banku\/","url":"https:\/\/mbtax.co.uk\/en\/faq\/konto-w-banku\/","name":"Konto w banku - MB TAX ADVICE LTD","isPartOf":{"@id":"https:\/\/mbtax.co.uk\/#website"},"datePublished":"2015-11-03T11:45:45+00:00","dateModified":"2015-11-03T11:59:25+00:00","breadcrumb":{"@id":"https:\/\/mbtax.co.uk\/en\/faq\/konto-w-banku\/#breadcrumb"},"inLanguage":"en-US","potentialAction":[{"@type":"ReadAction","target":["https:\/\/mbtax.co.uk\/en\/faq\/konto-w-banku\/"]}]},{"@type":"BreadcrumbList","@id":"https:\/\/mbtax.co.uk\/en\/faq\/konto-w-banku\/#breadcrumb","itemListElement":[{"@type":"ListItem","position":1,"name":"Strona g\u0142\u00f3wna","item":"https:\/\/mbtax.co.uk\/"},{"@type":"ListItem","position":2,"name":"FAQ","item":"https:\/\/mbtax.co.uk\/faq\/"},{"@type":"ListItem","position":3,"name":"Konto w banku"}]},{"@type":"WebSite","@id":"https:\/\/mbtax.co.uk\/#website","url":"https:\/\/mbtax.co.uk\/","name":"MB TAX ADVICE LTD","description":"Biuro ksi\u0119gowo\u015bci w Londynie","potentialAction":[{"@type":"SearchAction","target":{"@type":"EntryPoint","urlTemplate":"https:\/\/mbtax.co.uk\/?s={search_term_string}"},"query-input":{"@type":"PropertyValueSpecification","valueRequired":true,"valueName":"search_term_string"}}],"inLanguage":"en-US"}]}},"_links":{"self":[{"href":"https:\/\/mbtax.co.uk\/en\/wp-json\/wp\/v2\/pages\/252","targetHints":{"allow":["GET"]}}],"collection":[{"href":"https:\/\/mbtax.co.uk\/en\/wp-json\/wp\/v2\/pages"}],"about":[{"href":"https:\/\/mbtax.co.uk\/en\/wp-json\/wp\/v2\/types\/page"}],"author":[{"embeddable":true,"href":"https:\/\/mbtax.co.uk\/en\/wp-json\/wp\/v2\/users\/2"}],"replies":[{"embeddable":true,"href":"https:\/\/mbtax.co.uk\/en\/wp-json\/wp\/v2\/comments?post=252"}],"version-history":[{"count":4,"href":"https:\/\/mbtax.co.uk\/en\/wp-json\/wp\/v2\/pages\/252\/revisions"}],"predecessor-version":[{"id":499,"href":"https:\/\/mbtax.co.uk\/en\/wp-json\/wp\/v2\/pages\/252\/revisions\/499"}],"up":[{"embeddable":true,"href":"https:\/\/mbtax.co.uk\/en\/wp-json\/wp\/v2\/pages\/237"}],"wp:attachment":[{"href":"https:\/\/mbtax.co.uk\/en\/wp-json\/wp\/v2\/media?parent=252"}],"curies":[{"name":"wp","href":"https:\/\/api.w.org\/{rel}","templated":true}]}}