{"id":257,"date":"2015-11-03T12:58:20","date_gmt":"2015-11-03T11:58:20","guid":{"rendered":"http:\/\/mbtax.co.uk\/?page_id=257"},"modified":"2025-10-31T12:23:22","modified_gmt":"2025-10-31T11:23:22","slug":"potwierdzenie-adresu","status":"publish","type":"page","link":"https:\/\/mbtax.co.uk\/en\/faq\/potwierdzenie-adresu\/","title":{"rendered":"Proof of address"},"content":{"rendered":"<p>Proof of address is one of the first English phrases Polish immigrants learn in the UK. Opening a bank account or registering with a GP requires proof of address, evidence that you live in the United Kingdom.<\/p>\n<p><strong>Documents accepted as proof of address by institutions include:<\/strong><\/p>\n<ul>\n<li>A utility bill, for example, an electricity, gas or water bill (cannot be more than 3 months old)<\/li>\n<li>Council Tax Bill for the current tax year for the property you occupy.<\/li>\n<li>Bank Account Statement (cannot be more than 3 months old)<\/li>\n<li>Credit \/ Debit Card Account Statement (cannot be more than 3 months old)<\/li>\n<li>Current Tenancy Agreement<\/li>\n<li>Valid Driving License<\/li>\n<\/ul>","protected":false},"excerpt":{"rendered":"<p>Proof of address to jeden z pierwszych angielskich zwrot\u00f3w, kt\u00f3rych w Wielkiej Brytanii uczy si\u0119 polski emigrant. Za\u0142o\u017cenie konta w banku czy zapisanie si\u0119 do lekarza wymagaj\u0105 potwierdzenia adresu, czyli dowodu, \u017ce mieszkasz na terenie Wielkiej Brytanii. Potwierdzeniem adresu uznawanym przez instytucje wymagaj\u0105ce go do obs\u0142ugi interesant\u00f3w jest: Tzw. Utility Bill, czyli rachunek u\u017cytkowy np. [&hellip;]<\/p>","protected":false},"author":2,"featured_media":0,"parent":237,"menu_order":3,"comment_status":"closed","ping_status":"closed","template":"page-submenu.php","meta":{"footnotes":""},"class_list":["post-257","page","type-page","status-publish","hentry"],"yoast_head":"<!-- This site is optimized with the Yoast SEO plugin v26.1.1 - https:\/\/yoast.com\/wordpress\/plugins\/seo\/ -->\n<title>Potwierdzenie adresu - MB TAX ADVICE LTD<\/title>\n<meta name=\"robots\" content=\"index, follow, max-snippet:-1, max-image-preview:large, max-video-preview:-1\" \/>\n<link rel=\"canonical\" href=\"https:\/\/mbtax.co.uk\/en\/faq\/potwierdzenie-adresu\/\" \/>\n<meta property=\"og:locale\" content=\"en_US\" \/>\n<meta property=\"og:type\" content=\"article\" \/>\n<meta property=\"og:title\" content=\"Potwierdzenie adresu - MB TAX ADVICE LTD\" \/>\n<meta property=\"og:description\" content=\"Proof of address to jeden z pierwszych angielskich zwrot\u00f3w, kt\u00f3rych w Wielkiej Brytanii uczy si\u0119 polski emigrant. Za\u0142o\u017cenie konta w banku czy zapisanie si\u0119 do lekarza wymagaj\u0105 potwierdzenia adresu, czyli dowodu, \u017ce mieszkasz na terenie Wielkiej Brytanii. Potwierdzeniem adresu uznawanym przez instytucje wymagaj\u0105ce go do obs\u0142ugi interesant\u00f3w jest: Tzw. Utility Bill, czyli rachunek u\u017cytkowy np. [&hellip;]\" \/>\n<meta property=\"og:url\" content=\"https:\/\/mbtax.co.uk\/en\/faq\/potwierdzenie-adresu\/\" \/>\n<meta property=\"og:site_name\" content=\"MB TAX ADVICE LTD\" \/>\n<meta property=\"article:modified_time\" content=\"2025-10-31T11:23:22+00:00\" \/>\n<meta name=\"twitter:card\" content=\"summary_large_image\" \/>\n<meta name=\"twitter:label1\" content=\"Est. reading time\" \/>\n\t<meta name=\"twitter:data1\" content=\"1 minute\" \/>\n<script type=\"application\/ld+json\" class=\"yoast-schema-graph\">{\"@context\":\"https:\/\/schema.org\",\"@graph\":[{\"@type\":\"WebPage\",\"@id\":\"https:\/\/mbtax.co.uk\/faq\/potwierdzenie-adresu\/\",\"url\":\"https:\/\/mbtax.co.uk\/faq\/potwierdzenie-adresu\/\",\"name\":\"Potwierdzenie adresu - MB TAX ADVICE LTD\",\"isPartOf\":{\"@id\":\"https:\/\/mbtax.co.uk\/#website\"},\"datePublished\":\"2015-11-03T11:58:20+00:00\",\"dateModified\":\"2025-10-31T11:23:22+00:00\",\"breadcrumb\":{\"@id\":\"https:\/\/mbtax.co.uk\/faq\/potwierdzenie-adresu\/#breadcrumb\"},\"inLanguage\":\"en-US\",\"potentialAction\":[{\"@type\":\"ReadAction\",\"target\":[\"https:\/\/mbtax.co.uk\/faq\/potwierdzenie-adresu\/\"]}]},{\"@type\":\"BreadcrumbList\",\"@id\":\"https:\/\/mbtax.co.uk\/faq\/potwierdzenie-adresu\/#breadcrumb\",\"itemListElement\":[{\"@type\":\"ListItem\",\"position\":1,\"name\":\"Strona g\u0142\u00f3wna\",\"item\":\"https:\/\/mbtax.co.uk\/\"},{\"@type\":\"ListItem\",\"position\":2,\"name\":\"FAQ\",\"item\":\"https:\/\/mbtax.co.uk\/faq\/\"},{\"@type\":\"ListItem\",\"position\":3,\"name\":\"Potwierdzenie adresu\"}]},{\"@type\":\"WebSite\",\"@id\":\"https:\/\/mbtax.co.uk\/#website\",\"url\":\"https:\/\/mbtax.co.uk\/\",\"name\":\"MB TAX ADVICE LTD\",\"description\":\"Biuro ksi\u0119gowo\u015bci w Londynie\",\"potentialAction\":[{\"@type\":\"SearchAction\",\"target\":{\"@type\":\"EntryPoint\",\"urlTemplate\":\"https:\/\/mbtax.co.uk\/?s={search_term_string}\"},\"query-input\":{\"@type\":\"PropertyValueSpecification\",\"valueRequired\":true,\"valueName\":\"search_term_string\"}}],\"inLanguage\":\"en-US\"}]}<\/script>\n<!-- \/ Yoast SEO plugin. -->","yoast_head_json":{"title":"Potwierdzenie adresu - MB TAX ADVICE LTD","robots":{"index":"index","follow":"follow","max-snippet":"max-snippet:-1","max-image-preview":"max-image-preview:large","max-video-preview":"max-video-preview:-1"},"canonical":"https:\/\/mbtax.co.uk\/en\/faq\/potwierdzenie-adresu\/","og_locale":"en_US","og_type":"article","og_title":"Potwierdzenie adresu - MB TAX ADVICE LTD","og_description":"Proof of address to jeden z pierwszych angielskich zwrot\u00f3w, kt\u00f3rych w Wielkiej Brytanii uczy si\u0119 polski emigrant. Za\u0142o\u017cenie konta w banku czy zapisanie si\u0119 do lekarza wymagaj\u0105 potwierdzenia adresu, czyli dowodu, \u017ce mieszkasz na terenie Wielkiej Brytanii. Potwierdzeniem adresu uznawanym przez instytucje wymagaj\u0105ce go do obs\u0142ugi interesant\u00f3w jest: Tzw. Utility Bill, czyli rachunek u\u017cytkowy np. [&hellip;]","og_url":"https:\/\/mbtax.co.uk\/en\/faq\/potwierdzenie-adresu\/","og_site_name":"MB TAX ADVICE LTD","article_modified_time":"2025-10-31T11:23:22+00:00","twitter_card":"summary_large_image","twitter_misc":{"Est. reading time":"1 minute"},"schema":{"@context":"https:\/\/schema.org","@graph":[{"@type":"WebPage","@id":"https:\/\/mbtax.co.uk\/faq\/potwierdzenie-adresu\/","url":"https:\/\/mbtax.co.uk\/faq\/potwierdzenie-adresu\/","name":"Potwierdzenie adresu - MB TAX ADVICE LTD","isPartOf":{"@id":"https:\/\/mbtax.co.uk\/#website"},"datePublished":"2015-11-03T11:58:20+00:00","dateModified":"2025-10-31T11:23:22+00:00","breadcrumb":{"@id":"https:\/\/mbtax.co.uk\/faq\/potwierdzenie-adresu\/#breadcrumb"},"inLanguage":"en-US","potentialAction":[{"@type":"ReadAction","target":["https:\/\/mbtax.co.uk\/faq\/potwierdzenie-adresu\/"]}]},{"@type":"BreadcrumbList","@id":"https:\/\/mbtax.co.uk\/faq\/potwierdzenie-adresu\/#breadcrumb","itemListElement":[{"@type":"ListItem","position":1,"name":"Strona g\u0142\u00f3wna","item":"https:\/\/mbtax.co.uk\/"},{"@type":"ListItem","position":2,"name":"FAQ","item":"https:\/\/mbtax.co.uk\/faq\/"},{"@type":"ListItem","position":3,"name":"Potwierdzenie adresu"}]},{"@type":"WebSite","@id":"https:\/\/mbtax.co.uk\/#website","url":"https:\/\/mbtax.co.uk\/","name":"MB TAX ADVICE LTD","description":"Biuro ksi\u0119gowo\u015bci w Londynie","potentialAction":[{"@type":"SearchAction","target":{"@type":"EntryPoint","urlTemplate":"https:\/\/mbtax.co.uk\/?s={search_term_string}"},"query-input":{"@type":"PropertyValueSpecification","valueRequired":true,"valueName":"search_term_string"}}],"inLanguage":"en-US"}]}},"_links":{"self":[{"href":"https:\/\/mbtax.co.uk\/en\/wp-json\/wp\/v2\/pages\/257","targetHints":{"allow":["GET"]}}],"collection":[{"href":"https:\/\/mbtax.co.uk\/en\/wp-json\/wp\/v2\/pages"}],"about":[{"href":"https:\/\/mbtax.co.uk\/en\/wp-json\/wp\/v2\/types\/page"}],"author":[{"embeddable":true,"href":"https:\/\/mbtax.co.uk\/en\/wp-json\/wp\/v2\/users\/2"}],"replies":[{"embeddable":true,"href":"https:\/\/mbtax.co.uk\/en\/wp-json\/wp\/v2\/comments?post=257"}],"version-history":[{"count":8,"href":"https:\/\/mbtax.co.uk\/en\/wp-json\/wp\/v2\/pages\/257\/revisions"}],"predecessor-version":[{"id":545,"href":"https:\/\/mbtax.co.uk\/en\/wp-json\/wp\/v2\/pages\/257\/revisions\/545"}],"up":[{"embeddable":true,"href":"https:\/\/mbtax.co.uk\/en\/wp-json\/wp\/v2\/pages\/237"}],"wp:attachment":[{"href":"https:\/\/mbtax.co.uk\/en\/wp-json\/wp\/v2\/media?parent=257"}],"curies":[{"name":"wp","href":"https:\/\/api.w.org\/{rel}","templated":true}]}}