{"id":263,"date":"2015-11-03T13:06:33","date_gmt":"2015-11-03T12:06:33","guid":{"rendered":"http:\/\/mbtax.co.uk\/?page_id=263"},"modified":"2015-11-09T14:58:33","modified_gmt":"2015-11-09T13:58:33","slug":"nin-national-insurance-number","status":"publish","type":"page","link":"https:\/\/mbtax.co.uk\/en\/faq\/nin-national-insurance-number\/","title":{"rendered":"NIN (National Insurance Number)"},"content":{"rendered":"<p><strong>\u201cOne can\u2019t get far without an NIN,\u201d as the saying goes,  reflecting just how essential the National Insurance Number is in an adult\u2019s life in the UK.<\/strong> Its function is similar to the Polish NIP and PESEL numbers. The NIN is essential for legal employment, paying National Insurance contributions, and receiving government social benefits.<br \/>\nThe team at MB TAX ADVICE specialises in obtaining NINs for clients who need assistance. They make the calls, arrange appointments on their behalf, and help prepare all the necessary documents.<\/p>\n<p>&nbsp;<\/p>\n<p>After receiving an invitation letter for an appointment at Jobcentre Plus, you should attend with the listed documents. The accountants at MB TAX ADVICE will guide you on how to handle the meeting to ensure your comfort and peace of mind.<\/p>","protected":false},"excerpt":{"rendered":"<p>\u201eBez NIN ani rusz\u201d zda\u0142oby si\u0119 rzec, patrz\u0105c na to jak niezb\u0119dny w \u017cyciu doros\u0142ego cz\u0142owieka jest National Insurance Number. Jego cechy mo\u017cna po\u0142\u0105czy\u0107 ze znanymi z Polski numerami NIP i PESEL. NIN jest niezb\u0119dny do legalnego pracowania, odprowadzania sk\u0142adek na ubezpieczenie spo\u0142eczne i pobieranie \u015bwiadcze\u0144 socjalnych, jak benefity, oferowanych przez rz\u0105d. Pracownicy MB TAX [&hellip;]<\/p>","protected":false},"author":2,"featured_media":0,"parent":237,"menu_order":4,"comment_status":"closed","ping_status":"closed","template":"page-submenu.php","meta":{"footnotes":""},"class_list":["post-263","page","type-page","status-publish","hentry"],"yoast_head":"<!-- This site is optimized with the Yoast SEO plugin v26.1.1 - https:\/\/yoast.com\/wordpress\/plugins\/seo\/ -->\n<title>NIN (National Insurance Number) - MB TAX ADVICE LTD<\/title>\n<meta name=\"robots\" content=\"index, follow, max-snippet:-1, max-image-preview:large, max-video-preview:-1\" \/>\n<link rel=\"canonical\" href=\"https:\/\/mbtax.co.uk\/en\/faq\/nin-national-insurance-number\/\" \/>\n<meta property=\"og:locale\" content=\"en_US\" \/>\n<meta property=\"og:type\" content=\"article\" \/>\n<meta property=\"og:title\" content=\"NIN (National Insurance Number) - MB TAX ADVICE LTD\" \/>\n<meta property=\"og:description\" content=\"\u201eBez NIN ani rusz\u201d zda\u0142oby si\u0119 rzec, patrz\u0105c na to jak niezb\u0119dny w \u017cyciu doros\u0142ego cz\u0142owieka jest National Insurance Number. Jego cechy mo\u017cna po\u0142\u0105czy\u0107 ze znanymi z Polski numerami NIP i PESEL. NIN jest niezb\u0119dny do legalnego pracowania, odprowadzania sk\u0142adek na ubezpieczenie spo\u0142eczne i pobieranie \u015bwiadcze\u0144 socjalnych, jak benefity, oferowanych przez rz\u0105d. Pracownicy MB TAX [&hellip;]\" \/>\n<meta property=\"og:url\" content=\"https:\/\/mbtax.co.uk\/en\/faq\/nin-national-insurance-number\/\" \/>\n<meta property=\"og:site_name\" content=\"MB TAX ADVICE LTD\" \/>\n<meta property=\"article:modified_time\" content=\"2015-11-09T13:58:33+00:00\" \/>\n<meta name=\"twitter:card\" content=\"summary_large_image\" \/>\n<meta name=\"twitter:label1\" content=\"Est. reading time\" \/>\n\t<meta name=\"twitter:data1\" content=\"1 minute\" \/>\n<script type=\"application\/ld+json\" class=\"yoast-schema-graph\">{\"@context\":\"https:\/\/schema.org\",\"@graph\":[{\"@type\":\"WebPage\",\"@id\":\"https:\/\/mbtax.co.uk\/en\/faq\/nin-national-insurance-number\/\",\"url\":\"https:\/\/mbtax.co.uk\/en\/faq\/nin-national-insurance-number\/\",\"name\":\"NIN (National Insurance Number) - MB TAX ADVICE LTD\",\"isPartOf\":{\"@id\":\"https:\/\/mbtax.co.uk\/#website\"},\"datePublished\":\"2015-11-03T12:06:33+00:00\",\"dateModified\":\"2015-11-09T13:58:33+00:00\",\"breadcrumb\":{\"@id\":\"https:\/\/mbtax.co.uk\/en\/faq\/nin-national-insurance-number\/#breadcrumb\"},\"inLanguage\":\"en-US\",\"potentialAction\":[{\"@type\":\"ReadAction\",\"target\":[\"https:\/\/mbtax.co.uk\/en\/faq\/nin-national-insurance-number\/\"]}]},{\"@type\":\"BreadcrumbList\",\"@id\":\"https:\/\/mbtax.co.uk\/en\/faq\/nin-national-insurance-number\/#breadcrumb\",\"itemListElement\":[{\"@type\":\"ListItem\",\"position\":1,\"name\":\"Strona g\u0142\u00f3wna\",\"item\":\"https:\/\/mbtax.co.uk\/\"},{\"@type\":\"ListItem\",\"position\":2,\"name\":\"FAQ\",\"item\":\"https:\/\/mbtax.co.uk\/faq\/\"},{\"@type\":\"ListItem\",\"position\":3,\"name\":\"NIN (National Insurance Number)\"}]},{\"@type\":\"WebSite\",\"@id\":\"https:\/\/mbtax.co.uk\/#website\",\"url\":\"https:\/\/mbtax.co.uk\/\",\"name\":\"MB TAX ADVICE LTD\",\"description\":\"Biuro ksi\u0119gowo\u015bci w Londynie\",\"potentialAction\":[{\"@type\":\"SearchAction\",\"target\":{\"@type\":\"EntryPoint\",\"urlTemplate\":\"https:\/\/mbtax.co.uk\/?s={search_term_string}\"},\"query-input\":{\"@type\":\"PropertyValueSpecification\",\"valueRequired\":true,\"valueName\":\"search_term_string\"}}],\"inLanguage\":\"en-US\"}]}<\/script>\n<!-- \/ Yoast SEO plugin. -->","yoast_head_json":{"title":"NIN (National Insurance Number) - MB TAX ADVICE LTD","robots":{"index":"index","follow":"follow","max-snippet":"max-snippet:-1","max-image-preview":"max-image-preview:large","max-video-preview":"max-video-preview:-1"},"canonical":"https:\/\/mbtax.co.uk\/en\/faq\/nin-national-insurance-number\/","og_locale":"en_US","og_type":"article","og_title":"NIN (National Insurance Number) - MB TAX ADVICE LTD","og_description":"\u201eBez NIN ani rusz\u201d zda\u0142oby si\u0119 rzec, patrz\u0105c na to jak niezb\u0119dny w \u017cyciu doros\u0142ego cz\u0142owieka jest National Insurance Number. Jego cechy mo\u017cna po\u0142\u0105czy\u0107 ze znanymi z Polski numerami NIP i PESEL. NIN jest niezb\u0119dny do legalnego pracowania, odprowadzania sk\u0142adek na ubezpieczenie spo\u0142eczne i pobieranie \u015bwiadcze\u0144 socjalnych, jak benefity, oferowanych przez rz\u0105d. Pracownicy MB TAX [&hellip;]","og_url":"https:\/\/mbtax.co.uk\/en\/faq\/nin-national-insurance-number\/","og_site_name":"MB TAX ADVICE LTD","article_modified_time":"2015-11-09T13:58:33+00:00","twitter_card":"summary_large_image","twitter_misc":{"Est. reading time":"1 minute"},"schema":{"@context":"https:\/\/schema.org","@graph":[{"@type":"WebPage","@id":"https:\/\/mbtax.co.uk\/en\/faq\/nin-national-insurance-number\/","url":"https:\/\/mbtax.co.uk\/en\/faq\/nin-national-insurance-number\/","name":"NIN (National Insurance Number) - MB TAX ADVICE LTD","isPartOf":{"@id":"https:\/\/mbtax.co.uk\/#website"},"datePublished":"2015-11-03T12:06:33+00:00","dateModified":"2015-11-09T13:58:33+00:00","breadcrumb":{"@id":"https:\/\/mbtax.co.uk\/en\/faq\/nin-national-insurance-number\/#breadcrumb"},"inLanguage":"en-US","potentialAction":[{"@type":"ReadAction","target":["https:\/\/mbtax.co.uk\/en\/faq\/nin-national-insurance-number\/"]}]},{"@type":"BreadcrumbList","@id":"https:\/\/mbtax.co.uk\/en\/faq\/nin-national-insurance-number\/#breadcrumb","itemListElement":[{"@type":"ListItem","position":1,"name":"Strona g\u0142\u00f3wna","item":"https:\/\/mbtax.co.uk\/"},{"@type":"ListItem","position":2,"name":"FAQ","item":"https:\/\/mbtax.co.uk\/faq\/"},{"@type":"ListItem","position":3,"name":"NIN (National Insurance Number)"}]},{"@type":"WebSite","@id":"https:\/\/mbtax.co.uk\/#website","url":"https:\/\/mbtax.co.uk\/","name":"MB TAX ADVICE LTD","description":"Biuro ksi\u0119gowo\u015bci w Londynie","potentialAction":[{"@type":"SearchAction","target":{"@type":"EntryPoint","urlTemplate":"https:\/\/mbtax.co.uk\/?s={search_term_string}"},"query-input":{"@type":"PropertyValueSpecification","valueRequired":true,"valueName":"search_term_string"}}],"inLanguage":"en-US"}]}},"_links":{"self":[{"href":"https:\/\/mbtax.co.uk\/en\/wp-json\/wp\/v2\/pages\/263","targetHints":{"allow":["GET"]}}],"collection":[{"href":"https:\/\/mbtax.co.uk\/en\/wp-json\/wp\/v2\/pages"}],"about":[{"href":"https:\/\/mbtax.co.uk\/en\/wp-json\/wp\/v2\/types\/page"}],"author":[{"embeddable":true,"href":"https:\/\/mbtax.co.uk\/en\/wp-json\/wp\/v2\/users\/2"}],"replies":[{"embeddable":true,"href":"https:\/\/mbtax.co.uk\/en\/wp-json\/wp\/v2\/comments?post=263"}],"version-history":[{"count":3,"href":"https:\/\/mbtax.co.uk\/en\/wp-json\/wp\/v2\/pages\/263\/revisions"}],"predecessor-version":[{"id":398,"href":"https:\/\/mbtax.co.uk\/en\/wp-json\/wp\/v2\/pages\/263\/revisions\/398"}],"up":[{"embeddable":true,"href":"https:\/\/mbtax.co.uk\/en\/wp-json\/wp\/v2\/pages\/237"}],"wp:attachment":[{"href":"https:\/\/mbtax.co.uk\/en\/wp-json\/wp\/v2\/media?parent=263"}],"curies":[{"name":"wp","href":"https:\/\/api.w.org\/{rel}","templated":true}]}}