{"id":6,"date":"2015-10-08T01:36:38","date_gmt":"2015-10-07T23:36:38","guid":{"rendered":"http:\/\/mbtax.co.uk\/?page_id=6"},"modified":"2026-01-14T12:08:22","modified_gmt":"2026-01-14T11:08:22","slug":"o-nas","status":"publish","type":"page","link":"https:\/\/mbtax.co.uk\/en\/o-nas\/","title":{"rendered":"About us"},"content":{"rendered":"<div class=\"row\">\n<div class=\"col-sm-12\">\n<p><b>MB TAX ADVICE is a modern accountancy and advisory firm that has been supporting Poles in the UK for over a decade.<\/b> Drawing on experience in the consulting and finance sectors, Monika Sharma \u2014 an ambitious Polish entrepreneur who followed her inner voice to the UK in 2000, decided to pursue her business ambitions on the other side of the English Channel.<\/p>\n<\/div>\n<\/div>\n<div style=\"margin-top: 35px;\">\n<div class=\"row\">\n<div class=\"col-sm-4\">\n<div class=\"stats\">\n<h2>25 years on the market<\/h2>\n<p>Since 2000, we\u2019ve been taking care of our clients\u2019 finances.<\/p>\n<\/div>\n<p><!-- .stats --><\/p>\n<\/div>\n<div class=\"col-sm-4\">\n<div class=\"stats\">\n<h2>Over 130 Polish community businesses<\/h2>\n<p>Whom we assist with accounting in the UK.<\/p>\n<\/div>\n<p><!-- .stats --><\/p>\n<\/div>\n<div class=\"col-sm-4\">\n<div class=\"stats\">\n<h2>Over 2,500 clients<\/h2>\n<p>Satisfied self-employed clients using our services.<\/p>\n<\/div>\n<p><!-- .stats --><\/p>\n<\/div>\n<\/div>\n<\/div>\n<p><!-- .ourmission --><\/p>\n<div class=\"row about-intro\">\n<div class=\"col-sm-3\">\n<h2>Our mission<\/h2>\n<\/div>\n<div class=\"col-sm-9\">\n<p><b>Our accountancy team is made up of people passionate about their work.<\/b> Tax matters, business in the UK, running an efficient accountancy office, and helping people with correspondence from institutions have always brought us joy.<\/p>\n<\/div>\n<\/div>\n<p><!-- .ourmission-end --><\/p>\n<div class=\"row space over-h\">\n<div class=\"col-sm-12\">\n<p><!-- Place somewhere in the <body> of your page --><\/p>\n<div class=\"aboutslider\">\n<ul class=\"slides\">\n<li><img decoding=\"async\" class=\"img-responsive\" src=\"http:\/\/mbtax.co.uk\/wp-content\/uploads\/2015\/10\/mbtax-1600x600-slider-3.jpg\" alt=\"MB TAX ADVICE\" \/><\/li>\n<li><img decoding=\"async\" class=\"img-responsive\" src=\"http:\/\/mbtax.co.uk\/wp-content\/uploads\/2015\/10\/mbtax-1600x600-slider-2.jpg\" alt=\"Ksi\u0119gowo\u015b\u0107\" \/><\/li>\n<li><img decoding=\"async\" class=\"img-responsive\" src=\"http:\/\/mbtax.co.uk\/wp-content\/uploads\/2015\/10\/mbtax-1600x600-slider-1.jpg\" alt=\"Ksi\u0119gowa\" \/><\/li>\n<\/ul>\n<\/div>\n<\/div>\n<\/div>\n<p><!-- .ourmission 2 --><\/p>\n<div style=\"margin-top: 35px;\">\n<div class=\"row\">\n<div class=\"col-sm-3\">\n<h2>Support<\/h2>\n<\/div>\n<div class=\"col-sm-9\">\n<p><b>Even before Poland joined the European Union and the wave of the \u201cGreat Emigration,\u201d she noticed a gap in the market and decided to support the still small but growing Polish community in London.<\/b> Like any business abroad, the humble beginnings came with countless hours of hard work, stress, and sleepless nights. But dedication paid off, immigration and tax consultations, such as UK tax refunds, along with help in everyday matters like obtaining benefits or unemployment support, quickly became highly sought after. She first helped dozens, then hundreds, and now thousands of Poles living in the UK.<\/p>\n<\/div>\n<\/div>\n<\/div>\n<p><!-- .ourmission-end 2 --><\/p>\n<p><!-- .ourmission 3 --><\/p>\n<div style=\"margin-top: 35px;\">\n<div class=\"row\">\n<div class=\"col-sm-3\">\n<h2>Experience<\/h2>\n<\/div>\n<div class=\"col-sm-9\">\n<p><b>Gaining experience in the UK\u2019s immigration, tax, and legal systems became not only work but also a passion for Monika and her team.<\/b> After 2004, as waves of Poles arrived in the UK seeking a better future, the small office in Hayes relocated to Hounslow.<\/p>\n<p>The immense popularity of MB TAX ADVICE and the growing demand for its services led to supporting thousands of new Polish clients. Over the years, the firm has also expanded the scope of its expertise. Its current form is the result not only of the owner\u2019s and her team\u2019s dedication but also of the contributions of all clients throughout the years.<\/p>\n<\/div>\n<\/div>\n<\/div>\n<p><!-- .ourmission-end 3 --><\/p>","protected":false},"excerpt":{"rendered":"<p>MB TAX ADVICE to nowoczesne biuro ksi\u0119gowo-doradcze, kt\u00f3re od ponad dekady pomaga Polakom przyby\u0142ym do Wielkiej Brytanii. Bazuj\u0105c na do\u015bwiadczeniu w bran\u017cy consultingowej i finansowej, Monika Sharma, ambitna Polka, kt\u00f3rej w 2000 roku wewn\u0119trzny g\u0142os kaza\u0142 wyjecha\u0107 na Wyspy Brytyjskie, postanowi\u0142a spr\u00f3bowa\u0107 swoich si\u0142 w biznesie po drugiej stronie English Channel. 25 lat na rynku [&hellip;]<\/p>","protected":false},"author":2,"featured_media":0,"parent":0,"menu_order":0,"comment_status":"closed","ping_status":"closed","template":"","meta":{"footnotes":""},"class_list":["post-6","page","type-page","status-publish","hentry"],"yoast_head":"<!-- This site is optimized with the Yoast SEO plugin v26.1.1 - https:\/\/yoast.com\/wordpress\/plugins\/seo\/ -->\n<title>O nas - MB TAX ADVICE LTD<\/title>\n<meta name=\"robots\" content=\"index, follow, max-snippet:-1, max-image-preview:large, max-video-preview:-1\" \/>\n<link rel=\"canonical\" href=\"https:\/\/mbtax.co.uk\/en\/o-nas\/\" \/>\n<meta property=\"og:locale\" content=\"en_US\" \/>\n<meta property=\"og:type\" content=\"article\" \/>\n<meta property=\"og:title\" content=\"O nas - MB TAX ADVICE LTD\" \/>\n<meta property=\"og:description\" content=\"MB TAX ADVICE to nowoczesne biuro ksi\u0119gowo-doradcze, kt\u00f3re od ponad dekady pomaga Polakom przyby\u0142ym do Wielkiej Brytanii. Bazuj\u0105c na do\u015bwiadczeniu w bran\u017cy consultingowej i finansowej, Monika Sharma, ambitna Polka, kt\u00f3rej w 2000 roku wewn\u0119trzny g\u0142os kaza\u0142 wyjecha\u0107 na Wyspy Brytyjskie, postanowi\u0142a spr\u00f3bowa\u0107 swoich si\u0142 w biznesie po drugiej stronie English Channel. 25 lat na rynku [&hellip;]\" \/>\n<meta property=\"og:url\" content=\"https:\/\/mbtax.co.uk\/en\/o-nas\/\" \/>\n<meta property=\"og:site_name\" content=\"MB TAX ADVICE LTD\" \/>\n<meta property=\"article:modified_time\" content=\"2026-01-14T11:08:22+00:00\" \/>\n<meta property=\"og:image\" content=\"http:\/\/mbtax.co.uk\/wp-content\/uploads\/2015\/10\/mbtax-1600x600-slider-3.jpg\" \/>\n<meta name=\"twitter:card\" content=\"summary_large_image\" \/>\n<meta name=\"twitter:label1\" content=\"Est. reading time\" \/>\n\t<meta name=\"twitter:data1\" content=\"3 minutes\" \/>\n<script type=\"application\/ld+json\" class=\"yoast-schema-graph\">{\"@context\":\"https:\/\/schema.org\",\"@graph\":[{\"@type\":\"WebPage\",\"@id\":\"https:\/\/mbtax.co.uk\/o-nas\/\",\"url\":\"https:\/\/mbtax.co.uk\/o-nas\/\",\"name\":\"O nas - MB TAX ADVICE LTD\",\"isPartOf\":{\"@id\":\"https:\/\/mbtax.co.uk\/#website\"},\"primaryImageOfPage\":{\"@id\":\"https:\/\/mbtax.co.uk\/o-nas\/#primaryimage\"},\"image\":{\"@id\":\"https:\/\/mbtax.co.uk\/o-nas\/#primaryimage\"},\"thumbnailUrl\":\"http:\/\/mbtax.co.uk\/wp-content\/uploads\/2015\/10\/mbtax-1600x600-slider-3.jpg\",\"datePublished\":\"2015-10-07T23:36:38+00:00\",\"dateModified\":\"2026-01-14T11:08:22+00:00\",\"breadcrumb\":{\"@id\":\"https:\/\/mbtax.co.uk\/o-nas\/#breadcrumb\"},\"inLanguage\":\"en-US\",\"potentialAction\":[{\"@type\":\"ReadAction\",\"target\":[\"https:\/\/mbtax.co.uk\/o-nas\/\"]}]},{\"@type\":\"ImageObject\",\"inLanguage\":\"en-US\",\"@id\":\"https:\/\/mbtax.co.uk\/o-nas\/#primaryimage\",\"url\":\"http:\/\/mbtax.co.uk\/wp-content\/uploads\/2015\/10\/mbtax-1600x600-slider-3.jpg\",\"contentUrl\":\"http:\/\/mbtax.co.uk\/wp-content\/uploads\/2015\/10\/mbtax-1600x600-slider-3.jpg\"},{\"@type\":\"BreadcrumbList\",\"@id\":\"https:\/\/mbtax.co.uk\/o-nas\/#breadcrumb\",\"itemListElement\":[{\"@type\":\"ListItem\",\"position\":1,\"name\":\"Strona g\u0142\u00f3wna\",\"item\":\"https:\/\/mbtax.co.uk\/\"},{\"@type\":\"ListItem\",\"position\":2,\"name\":\"O nas\"}]},{\"@type\":\"WebSite\",\"@id\":\"https:\/\/mbtax.co.uk\/#website\",\"url\":\"https:\/\/mbtax.co.uk\/\",\"name\":\"MB TAX ADVICE LTD\",\"description\":\"Biuro ksi\u0119gowo\u015bci w Londynie\",\"potentialAction\":[{\"@type\":\"SearchAction\",\"target\":{\"@type\":\"EntryPoint\",\"urlTemplate\":\"https:\/\/mbtax.co.uk\/?s={search_term_string}\"},\"query-input\":{\"@type\":\"PropertyValueSpecification\",\"valueRequired\":true,\"valueName\":\"search_term_string\"}}],\"inLanguage\":\"en-US\"}]}<\/script>\n<!-- \/ Yoast SEO plugin. -->","yoast_head_json":{"title":"O nas - MB TAX ADVICE LTD","robots":{"index":"index","follow":"follow","max-snippet":"max-snippet:-1","max-image-preview":"max-image-preview:large","max-video-preview":"max-video-preview:-1"},"canonical":"https:\/\/mbtax.co.uk\/en\/o-nas\/","og_locale":"en_US","og_type":"article","og_title":"O nas - MB TAX ADVICE LTD","og_description":"MB TAX ADVICE to nowoczesne biuro ksi\u0119gowo-doradcze, kt\u00f3re od ponad dekady pomaga Polakom przyby\u0142ym do Wielkiej Brytanii. Bazuj\u0105c na do\u015bwiadczeniu w bran\u017cy consultingowej i finansowej, Monika Sharma, ambitna Polka, kt\u00f3rej w 2000 roku wewn\u0119trzny g\u0142os kaza\u0142 wyjecha\u0107 na Wyspy Brytyjskie, postanowi\u0142a spr\u00f3bowa\u0107 swoich si\u0142 w biznesie po drugiej stronie English Channel. 25 lat na rynku [&hellip;]","og_url":"https:\/\/mbtax.co.uk\/en\/o-nas\/","og_site_name":"MB TAX ADVICE LTD","article_modified_time":"2026-01-14T11:08:22+00:00","og_image":[{"url":"http:\/\/mbtax.co.uk\/wp-content\/uploads\/2015\/10\/mbtax-1600x600-slider-3.jpg","type":"","width":"","height":""}],"twitter_card":"summary_large_image","twitter_misc":{"Est. reading time":"3 minutes"},"schema":{"@context":"https:\/\/schema.org","@graph":[{"@type":"WebPage","@id":"https:\/\/mbtax.co.uk\/o-nas\/","url":"https:\/\/mbtax.co.uk\/o-nas\/","name":"O nas - MB TAX ADVICE LTD","isPartOf":{"@id":"https:\/\/mbtax.co.uk\/#website"},"primaryImageOfPage":{"@id":"https:\/\/mbtax.co.uk\/o-nas\/#primaryimage"},"image":{"@id":"https:\/\/mbtax.co.uk\/o-nas\/#primaryimage"},"thumbnailUrl":"http:\/\/mbtax.co.uk\/wp-content\/uploads\/2015\/10\/mbtax-1600x600-slider-3.jpg","datePublished":"2015-10-07T23:36:38+00:00","dateModified":"2026-01-14T11:08:22+00:00","breadcrumb":{"@id":"https:\/\/mbtax.co.uk\/o-nas\/#breadcrumb"},"inLanguage":"en-US","potentialAction":[{"@type":"ReadAction","target":["https:\/\/mbtax.co.uk\/o-nas\/"]}]},{"@type":"ImageObject","inLanguage":"en-US","@id":"https:\/\/mbtax.co.uk\/o-nas\/#primaryimage","url":"http:\/\/mbtax.co.uk\/wp-content\/uploads\/2015\/10\/mbtax-1600x600-slider-3.jpg","contentUrl":"http:\/\/mbtax.co.uk\/wp-content\/uploads\/2015\/10\/mbtax-1600x600-slider-3.jpg"},{"@type":"BreadcrumbList","@id":"https:\/\/mbtax.co.uk\/o-nas\/#breadcrumb","itemListElement":[{"@type":"ListItem","position":1,"name":"Strona g\u0142\u00f3wna","item":"https:\/\/mbtax.co.uk\/"},{"@type":"ListItem","position":2,"name":"O nas"}]},{"@type":"WebSite","@id":"https:\/\/mbtax.co.uk\/#website","url":"https:\/\/mbtax.co.uk\/","name":"MB TAX ADVICE LTD","description":"Biuro ksi\u0119gowo\u015bci w Londynie","potentialAction":[{"@type":"SearchAction","target":{"@type":"EntryPoint","urlTemplate":"https:\/\/mbtax.co.uk\/?s={search_term_string}"},"query-input":{"@type":"PropertyValueSpecification","valueRequired":true,"valueName":"search_term_string"}}],"inLanguage":"en-US"}]}},"_links":{"self":[{"href":"https:\/\/mbtax.co.uk\/en\/wp-json\/wp\/v2\/pages\/6","targetHints":{"allow":["GET"]}}],"collection":[{"href":"https:\/\/mbtax.co.uk\/en\/wp-json\/wp\/v2\/pages"}],"about":[{"href":"https:\/\/mbtax.co.uk\/en\/wp-json\/wp\/v2\/types\/page"}],"author":[{"embeddable":true,"href":"https:\/\/mbtax.co.uk\/en\/wp-json\/wp\/v2\/users\/2"}],"replies":[{"embeddable":true,"href":"https:\/\/mbtax.co.uk\/en\/wp-json\/wp\/v2\/comments?post=6"}],"version-history":[{"count":60,"href":"https:\/\/mbtax.co.uk\/en\/wp-json\/wp\/v2\/pages\/6\/revisions"}],"predecessor-version":[{"id":551,"href":"https:\/\/mbtax.co.uk\/en\/wp-json\/wp\/v2\/pages\/6\/revisions\/551"}],"wp:attachment":[{"href":"https:\/\/mbtax.co.uk\/en\/wp-json\/wp\/v2\/media?parent=6"}],"curies":[{"name":"wp","href":"https:\/\/api.w.org\/{rel}","templated":true}]}}