{"id":93,"date":"2015-10-29T13:37:52","date_gmt":"2015-10-29T12:37:52","guid":{"rendered":"http:\/\/mbtax.co.uk\/?page_id=93"},"modified":"2015-11-09T20:29:13","modified_gmt":"2015-11-09T19:29:13","slug":"wspolpraca","status":"publish","type":"page","link":"https:\/\/mbtax.co.uk\/en\/wspolpraca\/","title":{"rendered":"Partnership"},"content":{"rendered":"<div class=\"row\">\n<div class=\"col-sm-6\">\n<div class=\"heading\">\n<h2>Looking for a job? Send us your CV<\/h2>\n<\/div>\n<div class=\"text\">\n<p>To meet our clients\u2019 expectations and continuously raise the quality and scope of our services, we\u2019re always looking to add new team members, interns, trainees, and, above all, experienced full-time accountants and finance professionals.<\/p>\n<p>Those interested in working at MB TAX ADVICE are asked to send their CV and cover letter in both Polish and English to:<\/p>\n<ul>\n<li>biuro@mbtax.co.uk<\/li>\n<\/ul>\n<p>&nbsp;<\/p>\n<\/div>\n<\/div>\n<div class=\"col-sm-6\">\n<div class=\"heading\">\n<h2>Work with us<\/h2>\n<\/div>\n<div class=\"text\">\n<p>The range of services offered by MB Tax Advice Ltd is extensive, creating great opportunities for collaboration with external companies.<\/p>\n<p>If you represent a Polish or British company in the accounting, finance, legal, or any other sector and believe there\u2019s potential for mutually beneficial cooperation, write to us at:<\/p>\n<ul>\n<li>biuro@mbtax.co.uk<\/li>\n<\/ul>\n<p>&nbsp;<\/p>\n<p>&nbsp;<\/p>\n<\/div>\n<\/div>\n<\/div>","protected":false},"excerpt":{"rendered":"<p>Szukasz pracy ? Wy\u015blij swoje CV. Chc\u0105c sprosta\u0107 oczekiwaniom klient\u00f3w i ci\u0105gle podnosz\u0105c poziom oraz rozszerzaj\u0105c zakres \u015bwiadczonych us\u0142ug praktykanci, sta\u017cy\u015bci, a przede wszystkim pe\u0142noetatowi do\u015bwiadczeni ksi\u0119gowi i finansi\u015bci s\u0105 po\u017c\u0105danym nowym elementem zespo\u0142u. Osoby zainteresowane prac\u0105 w MB TAX ADVICE s\u0105 proszone o wys\u0142anie CV oraz listu motywacyjnego po polsku i angielsku na adres: [&hellip;]<\/p>","protected":false},"author":2,"featured_media":0,"parent":0,"menu_order":0,"comment_status":"closed","ping_status":"closed","template":"","meta":{"footnotes":""},"class_list":["post-93","page","type-page","status-publish","hentry"],"yoast_head":"<!-- This site is optimized with the Yoast SEO plugin v26.1.1 - https:\/\/yoast.com\/wordpress\/plugins\/seo\/ -->\n<title>Wsp\u00f3\u0142praca - MB TAX ADVICE LTD<\/title>\n<meta name=\"robots\" content=\"index, follow, max-snippet:-1, max-image-preview:large, max-video-preview:-1\" \/>\n<link rel=\"canonical\" href=\"https:\/\/mbtax.co.uk\/en\/wspolpraca\/\" \/>\n<meta property=\"og:locale\" content=\"en_US\" \/>\n<meta property=\"og:type\" content=\"article\" \/>\n<meta property=\"og:title\" content=\"Wsp\u00f3\u0142praca - MB TAX ADVICE LTD\" \/>\n<meta property=\"og:description\" content=\"Szukasz pracy ? Wy\u015blij swoje CV. Chc\u0105c sprosta\u0107 oczekiwaniom klient\u00f3w i ci\u0105gle podnosz\u0105c poziom oraz rozszerzaj\u0105c zakres \u015bwiadczonych us\u0142ug praktykanci, sta\u017cy\u015bci, a przede wszystkim pe\u0142noetatowi do\u015bwiadczeni ksi\u0119gowi i finansi\u015bci s\u0105 po\u017c\u0105danym nowym elementem zespo\u0142u. Osoby zainteresowane prac\u0105 w MB TAX ADVICE s\u0105 proszone o wys\u0142anie CV oraz listu motywacyjnego po polsku i angielsku na adres: [&hellip;]\" \/>\n<meta property=\"og:url\" content=\"https:\/\/mbtax.co.uk\/en\/wspolpraca\/\" \/>\n<meta property=\"og:site_name\" content=\"MB TAX ADVICE LTD\" \/>\n<meta property=\"article:modified_time\" content=\"2015-11-09T19:29:13+00:00\" \/>\n<meta name=\"twitter:card\" content=\"summary_large_image\" \/>\n<meta name=\"twitter:label1\" content=\"Est. reading time\" \/>\n\t<meta name=\"twitter:data1\" content=\"1 minute\" \/>\n<script type=\"application\/ld+json\" class=\"yoast-schema-graph\">{\"@context\":\"https:\/\/schema.org\",\"@graph\":[{\"@type\":\"WebPage\",\"@id\":\"https:\/\/mbtax.co.uk\/en\/wspolpraca\/\",\"url\":\"https:\/\/mbtax.co.uk\/en\/wspolpraca\/\",\"name\":\"Wsp\u00f3\u0142praca - MB TAX ADVICE LTD\",\"isPartOf\":{\"@id\":\"https:\/\/mbtax.co.uk\/#website\"},\"datePublished\":\"2015-10-29T12:37:52+00:00\",\"dateModified\":\"2015-11-09T19:29:13+00:00\",\"breadcrumb\":{\"@id\":\"https:\/\/mbtax.co.uk\/en\/wspolpraca\/#breadcrumb\"},\"inLanguage\":\"en-US\",\"potentialAction\":[{\"@type\":\"ReadAction\",\"target\":[\"https:\/\/mbtax.co.uk\/en\/wspolpraca\/\"]}]},{\"@type\":\"BreadcrumbList\",\"@id\":\"https:\/\/mbtax.co.uk\/en\/wspolpraca\/#breadcrumb\",\"itemListElement\":[{\"@type\":\"ListItem\",\"position\":1,\"name\":\"Strona g\u0142\u00f3wna\",\"item\":\"https:\/\/mbtax.co.uk\/\"},{\"@type\":\"ListItem\",\"position\":2,\"name\":\"Wsp\u00f3\u0142praca\"}]},{\"@type\":\"WebSite\",\"@id\":\"https:\/\/mbtax.co.uk\/#website\",\"url\":\"https:\/\/mbtax.co.uk\/\",\"name\":\"MB TAX ADVICE LTD\",\"description\":\"Biuro ksi\u0119gowo\u015bci w Londynie\",\"potentialAction\":[{\"@type\":\"SearchAction\",\"target\":{\"@type\":\"EntryPoint\",\"urlTemplate\":\"https:\/\/mbtax.co.uk\/?s={search_term_string}\"},\"query-input\":{\"@type\":\"PropertyValueSpecification\",\"valueRequired\":true,\"valueName\":\"search_term_string\"}}],\"inLanguage\":\"en-US\"}]}<\/script>\n<!-- \/ Yoast SEO plugin. -->","yoast_head_json":{"title":"Wsp\u00f3\u0142praca - MB TAX ADVICE LTD","robots":{"index":"index","follow":"follow","max-snippet":"max-snippet:-1","max-image-preview":"max-image-preview:large","max-video-preview":"max-video-preview:-1"},"canonical":"https:\/\/mbtax.co.uk\/en\/wspolpraca\/","og_locale":"en_US","og_type":"article","og_title":"Wsp\u00f3\u0142praca - MB TAX ADVICE LTD","og_description":"Szukasz pracy ? Wy\u015blij swoje CV. Chc\u0105c sprosta\u0107 oczekiwaniom klient\u00f3w i ci\u0105gle podnosz\u0105c poziom oraz rozszerzaj\u0105c zakres \u015bwiadczonych us\u0142ug praktykanci, sta\u017cy\u015bci, a przede wszystkim pe\u0142noetatowi do\u015bwiadczeni ksi\u0119gowi i finansi\u015bci s\u0105 po\u017c\u0105danym nowym elementem zespo\u0142u. Osoby zainteresowane prac\u0105 w MB TAX ADVICE s\u0105 proszone o wys\u0142anie CV oraz listu motywacyjnego po polsku i angielsku na adres: [&hellip;]","og_url":"https:\/\/mbtax.co.uk\/en\/wspolpraca\/","og_site_name":"MB TAX ADVICE LTD","article_modified_time":"2015-11-09T19:29:13+00:00","twitter_card":"summary_large_image","twitter_misc":{"Est. reading time":"1 minute"},"schema":{"@context":"https:\/\/schema.org","@graph":[{"@type":"WebPage","@id":"https:\/\/mbtax.co.uk\/en\/wspolpraca\/","url":"https:\/\/mbtax.co.uk\/en\/wspolpraca\/","name":"Wsp\u00f3\u0142praca - MB TAX ADVICE LTD","isPartOf":{"@id":"https:\/\/mbtax.co.uk\/#website"},"datePublished":"2015-10-29T12:37:52+00:00","dateModified":"2015-11-09T19:29:13+00:00","breadcrumb":{"@id":"https:\/\/mbtax.co.uk\/en\/wspolpraca\/#breadcrumb"},"inLanguage":"en-US","potentialAction":[{"@type":"ReadAction","target":["https:\/\/mbtax.co.uk\/en\/wspolpraca\/"]}]},{"@type":"BreadcrumbList","@id":"https:\/\/mbtax.co.uk\/en\/wspolpraca\/#breadcrumb","itemListElement":[{"@type":"ListItem","position":1,"name":"Strona g\u0142\u00f3wna","item":"https:\/\/mbtax.co.uk\/"},{"@type":"ListItem","position":2,"name":"Wsp\u00f3\u0142praca"}]},{"@type":"WebSite","@id":"https:\/\/mbtax.co.uk\/#website","url":"https:\/\/mbtax.co.uk\/","name":"MB TAX ADVICE LTD","description":"Biuro ksi\u0119gowo\u015bci w Londynie","potentialAction":[{"@type":"SearchAction","target":{"@type":"EntryPoint","urlTemplate":"https:\/\/mbtax.co.uk\/?s={search_term_string}"},"query-input":{"@type":"PropertyValueSpecification","valueRequired":true,"valueName":"search_term_string"}}],"inLanguage":"en-US"}]}},"_links":{"self":[{"href":"https:\/\/mbtax.co.uk\/en\/wp-json\/wp\/v2\/pages\/93","targetHints":{"allow":["GET"]}}],"collection":[{"href":"https:\/\/mbtax.co.uk\/en\/wp-json\/wp\/v2\/pages"}],"about":[{"href":"https:\/\/mbtax.co.uk\/en\/wp-json\/wp\/v2\/types\/page"}],"author":[{"embeddable":true,"href":"https:\/\/mbtax.co.uk\/en\/wp-json\/wp\/v2\/users\/2"}],"replies":[{"embeddable":true,"href":"https:\/\/mbtax.co.uk\/en\/wp-json\/wp\/v2\/comments?post=93"}],"version-history":[{"count":23,"href":"https:\/\/mbtax.co.uk\/en\/wp-json\/wp\/v2\/pages\/93\/revisions"}],"predecessor-version":[{"id":461,"href":"https:\/\/mbtax.co.uk\/en\/wp-json\/wp\/v2\/pages\/93\/revisions\/461"}],"wp:attachment":[{"href":"https:\/\/mbtax.co.uk\/en\/wp-json\/wp\/v2\/media?parent=93"}],"curies":[{"name":"wp","href":"https:\/\/api.w.org\/{rel}","templated":true}]}}